{"id":15268,"date":"2026-03-12T11:10:02","date_gmt":"2026-03-12T08:10:02","guid":{"rendered":"https:\/\/casetti.wpevi.com\/brass-compass-kum-saati\/"},"modified":"2026-03-12T16:29:05","modified_gmt":"2026-03-12T13:29:05","slug":"brass-compass-kum-saati","status":"publish","type":"product","link":"https:\/\/casetti.wpevi.com\/en\/brass-compass-kum-saati\/","title":{"rendered":"Brass Compass Kum Saati"},"content":{"rendered":"<p>\u00dcr\u00fcn \u00d6l\u00e7\u00fcs\u00fc : 9 x 9 x 22 cm<\/p>\n<p>This <strong>pusulal\u0131 pirin\u00e7 kum saati<\/strong>, denizcilik ke\u015fif d\u00f6nemlerinden ilham alan \u00f6zel bir dekoratif zaman \u00f6l\u00e7er tasar\u0131m\u0131d\u0131r. <strong>Alt k\u0131sm\u0131ndaki pusula ve \u00fcst k\u0131sm\u0131ndaki kum saati<\/strong>, tarih boyunca denizcilerin kulland\u0131\u011f\u0131 iki \u00f6nemli navigasyon arac\u0131n\u0131 bir araya getirir.<\/p>\n<p>\u015eeffaf cam hazne i\u00e7indeki <strong>alt\u0131n sar\u0131s\u0131 kum<\/strong>, akarken sakinle\u015ftirici bir g\u00f6rsel deneyim sunar. Pirin\u00e7 g\u00f6vde ve d\u00f6nebilen mekanizmas\u0131 sayesinde kum saati kolayca \u00e7evrilerek tekrar kullan\u0131labilir.<\/p>\n<p>Kum saatleri ve pusulalar \u00f6zellikle <strong>15. ve 18. y\u00fczy\u0131llar aras\u0131nda ke\u015fif \u00e7a\u011f\u0131nda gemilerde yayg\u0131n olarak kullan\u0131lm\u0131\u015ft\u0131r<\/strong>. Denizciler pusulay\u0131 y\u00f6n bulmak i\u00e7in, kum saatini ise n\u00f6bet s\u00fcrelerini \u00f6l\u00e7mek i\u00e7in kullan\u0131rd\u0131.<\/p>","protected":false},"excerpt":{"rendered":"<p>\u00dcr\u00fcn \u00d6l\u00e7\u00fcs\u00fc : 9 x 9 x 22 cm Bu pusulal\u0131 pirin\u00e7 kum saati, denizcilik ke\u015fif d\u00f6nemlerinden ilham alan \u00f6zel bir dekoratif zaman \u00f6l\u00e7er tasar\u0131m\u0131d\u0131r. Alt k\u0131sm\u0131ndaki pusula ve \u00fcst k\u0131sm\u0131ndaki kum saati, tarih boyunca denizcilerin kulland\u0131\u011f\u0131 iki \u00f6nemli navigasyon arac\u0131n\u0131 bir araya getirir. \u015eeffaf cam hazne i\u00e7indeki alt\u0131n sar\u0131s\u0131 kum, akarken sakinle\u015ftirici bir g\u00f6rsel &hellip; <a href=\"https:\/\/casetti.wpevi.com\/en\/brass-compass-kum-saati\/\" class=\"more-link\">Continue reading <span class=\"screen-reader-text\">Brass Compass Kum Saati<\/span><\/a><\/p>","protected":false},"featured_media":15587,"comment_status":"open","ping_status":"closed","template":"","meta":[],"product_brand":[217],"product_cat":[267],"product_tag":[],"class_list":{"0":"post-15268","1":"product","2":"type-product","3":"status-publish","4":"has-post-thumbnail","6":"product_brand-casetti","7":"product_cat-kum-saatleri","10":"instock","11":"taxable","12":"shipping-taxable","13":"purchasable","14":"product-type-simple"},"_links":{"self":[{"href":"https:\/\/casetti.wpevi.com\/en\/wp-json\/wp\/v2\/product\/15268","targetHints":{"allow":["GET"]}}],"collection":[{"href":"https:\/\/casetti.wpevi.com\/en\/wp-json\/wp\/v2\/product"}],"about":[{"href":"https:\/\/casetti.wpevi.com\/en\/wp-json\/wp\/v2\/types\/product"}],"replies":[{"embeddable":true,"href":"https:\/\/casetti.wpevi.com\/en\/wp-json\/wp\/v2\/comments?post=15268"}],"version-history":[{"count":0,"href":"https:\/\/casetti.wpevi.com\/en\/wp-json\/wp\/v2\/product\/15268\/revisions"}],"wp:featuredmedia":[{"embeddable":true,"href":"https:\/\/casetti.wpevi.com\/en\/wp-json\/wp\/v2\/media\/15587"}],"wp:attachment":[{"href":"https:\/\/casetti.wpevi.com\/en\/wp-json\/wp\/v2\/media?parent=15268"}],"wp:term":[{"taxonomy":"product_brand","embeddable":true,"href":"https:\/\/casetti.wpevi.com\/en\/wp-json\/wp\/v2\/product_brand?post=15268"},{"taxonomy":"product_cat","embeddable":true,"href":"https:\/\/casetti.wpevi.com\/en\/wp-json\/wp\/v2\/product_cat?post=15268"},{"taxonomy":"product_tag","embeddable":true,"href":"https:\/\/casetti.wpevi.com\/en\/wp-json\/wp\/v2\/product_tag?post=15268"}],"curies":[{"name":"wp","href":"https:\/\/api.w.org\/{rel}","templated":true}]}}