{"id":15239,"date":"2026-03-12T10:35:03","date_gmt":"2026-03-12T07:35:03","guid":{"rendered":"https:\/\/casetti.wpevi.com\/ahsap-tripod-masa-saati\/"},"modified":"2026-03-12T16:20:05","modified_gmt":"2026-03-12T13:20:05","slug":"ahsap-tripod-masa-saati","status":"publish","type":"product","link":"https:\/\/casetti.wpevi.com\/en\/ahsap-tripod-masa-saati\/","title":{"rendered":"Ah\u015fap Tripod Masa Saati"},"content":{"rendered":"<p>\u00dcr\u00fcn \u00d6l\u00e7\u00fcs\u00fc : 16 x 35 cm<\/p>\n<p>This <strong>vintage tripod masa saati<\/strong>, eski ka\u015fiflerin ve denizcilerin kulland\u0131\u011f\u0131 <strong>navigasyon ve \u00f6l\u00e7\u00fcm cihazlar\u0131ndan ilham al\u0131narak tasarlanm\u0131\u015f dekoratif bir saat modelidir<\/strong>. Metal \u00e7er\u00e7eveli saat g\u00f6vdesi ve <strong>ah\u015fap tripod ayaklar\u0131<\/strong>, \u00fcr\u00fcne hem klasik hem de end\u00fcstriyel bir g\u00f6r\u00fcn\u00fcm kazand\u0131r\u0131r.<\/p>\n<p>Tripod yap\u0131l\u0131 cihazlar tarih boyunca <strong>teleskoplar, pusulalar, navigasyon ara\u00e7lar\u0131 ve harita \u00f6l\u00e7\u00fcm ekipmanlar\u0131nda<\/strong> kullan\u0131lm\u0131\u015ft\u0131r. Bu tasar\u0131m da o d\u00f6nemlerin <strong>ke\u015fif ruhunu ve bilimsel esteti\u011fini modern bir dekor objesine d\u00f6n\u00fc\u015ft\u00fcr\u00fcr<\/strong>.<\/p>\n<p><\/p>\n<p><\/p><\/p>","protected":false},"excerpt":{"rendered":"<p>\u00dcr\u00fcn \u00d6l\u00e7\u00fcs\u00fc : 16 x 35 cm Bu vintage tripod masa saati, eski ka\u015fiflerin ve denizcilerin kulland\u0131\u011f\u0131 navigasyon ve \u00f6l\u00e7\u00fcm cihazlar\u0131ndan ilham al\u0131narak tasarlanm\u0131\u015f dekoratif bir saat modelidir. Metal \u00e7er\u00e7eveli saat g\u00f6vdesi ve ah\u015fap tripod ayaklar\u0131, \u00fcr\u00fcne hem klasik hem de end\u00fcstriyel bir g\u00f6r\u00fcn\u00fcm kazand\u0131r\u0131r. Tripod yap\u0131l\u0131 cihazlar tarih boyunca teleskoplar, pusulalar, navigasyon ara\u00e7lar\u0131 ve &hellip; <a href=\"https:\/\/casetti.wpevi.com\/en\/ahsap-tripod-masa-saati\/\" class=\"more-link\">Continue reading <span class=\"screen-reader-text\">Ah\u015fap Tripod Masa Saati<\/span><\/a><\/p>","protected":false},"featured_media":15550,"comment_status":"open","ping_status":"closed","template":"","meta":[],"product_brand":[217],"product_cat":[238,236],"product_tag":[],"class_list":{"0":"post-15239","1":"product","2":"type-product","3":"status-publish","4":"has-post-thumbnail","6":"product_brand-casetti","7":"product_cat-masa-saatleri","8":"product_cat-saatler","11":"instock","12":"taxable","13":"shipping-taxable","14":"purchasable","15":"product-type-simple"},"_links":{"self":[{"href":"https:\/\/casetti.wpevi.com\/en\/wp-json\/wp\/v2\/product\/15239","targetHints":{"allow":["GET"]}}],"collection":[{"href":"https:\/\/casetti.wpevi.com\/en\/wp-json\/wp\/v2\/product"}],"about":[{"href":"https:\/\/casetti.wpevi.com\/en\/wp-json\/wp\/v2\/types\/product"}],"replies":[{"embeddable":true,"href":"https:\/\/casetti.wpevi.com\/en\/wp-json\/wp\/v2\/comments?post=15239"}],"version-history":[{"count":0,"href":"https:\/\/casetti.wpevi.com\/en\/wp-json\/wp\/v2\/product\/15239\/revisions"}],"wp:featuredmedia":[{"embeddable":true,"href":"https:\/\/casetti.wpevi.com\/en\/wp-json\/wp\/v2\/media\/15550"}],"wp:attachment":[{"href":"https:\/\/casetti.wpevi.com\/en\/wp-json\/wp\/v2\/media?parent=15239"}],"wp:term":[{"taxonomy":"product_brand","embeddable":true,"href":"https:\/\/casetti.wpevi.com\/en\/wp-json\/wp\/v2\/product_brand?post=15239"},{"taxonomy":"product_cat","embeddable":true,"href":"https:\/\/casetti.wpevi.com\/en\/wp-json\/wp\/v2\/product_cat?post=15239"},{"taxonomy":"product_tag","embeddable":true,"href":"https:\/\/casetti.wpevi.com\/en\/wp-json\/wp\/v2\/product_tag?post=15239"}],"curies":[{"name":"wp","href":"https:\/\/api.w.org\/{rel}","templated":true}]}}