{"id":15231,"date":"2026-03-12T10:27:07","date_gmt":"2026-03-12T07:27:07","guid":{"rendered":"https:\/\/casetti.wpevi.com\/timekeeper-globe-dekoratif-masa-saati\/"},"modified":"2026-03-12T20:06:07","modified_gmt":"2026-03-12T17:06:07","slug":"timekeeper-globe-dekoratif-masa-saati","status":"publish","type":"product","link":"https:\/\/casetti.wpevi.com\/en\/timekeeper-globe-dekoratif-masa-saati\/","title":{"rendered":"Timekeeper Globe Dekoratif Masa Saati"},"content":{"rendered":"<p>\u00dcr\u00fcn \u00d6l\u00e7\u00fcs\u00fc&nbsp; :&nbsp; 19 x 44 cm <\/p>\n<p>This <strong>vintage d\u00fcnya k\u00fcresi masa saati<\/strong>, klasik ofis dekorasyonu ile ke\u015fif ruhunu bir araya getiren \u015f\u0131k bir tasar\u0131md\u0131r. Alt k\u0131sm\u0131nda yer alan <strong>Roma rakaml\u0131 masa saati<\/strong>, \u00fcst k\u0131sm\u0131nda bulunan <strong>siyah ve alt\u0131n detayl\u0131 d\u00fcnya k\u00fcresi<\/strong> ile birle\u015ferek hem dekoratif hem de i\u015flevsel bir obje olu\u015fturur.<\/p>\n<p>D\u00fcnya k\u00fcreleri tarih boyunca <strong>co\u011frafya \u00f6\u011frenimi ve navigasyon i\u00e7in kullan\u0131lan \u00f6nemli bilimsel ara\u00e7lardan biri<\/strong> olmu\u015ftur. \u0130lk modern d\u00fcnya k\u00fcreleri <strong>15. y\u00fczy\u0131lda Avrupa\u2019da<\/strong> \u00fcretilmi\u015f ve \u00fcniversitelerde, k\u00fct\u00fcphanelerde ve ke\u015fif seferlerinde kullan\u0131lm\u0131\u015ft\u0131r.<\/p>","protected":false},"excerpt":{"rendered":"<p>\u00dcr\u00fcn \u00d6l\u00e7\u00fcs\u00fc&nbsp; :&nbsp; 19 x 44 cm Bu vintage d\u00fcnya k\u00fcresi masa saati, klasik ofis dekorasyonu ile ke\u015fif ruhunu bir araya getiren \u015f\u0131k bir tasar\u0131md\u0131r. Alt k\u0131sm\u0131nda yer alan Roma rakaml\u0131 masa saati, \u00fcst k\u0131sm\u0131nda bulunan siyah ve alt\u0131n detayl\u0131 d\u00fcnya k\u00fcresi ile birle\u015ferek hem dekoratif hem de i\u015flevsel bir obje olu\u015fturur. D\u00fcnya k\u00fcreleri tarih &hellip; <a href=\"https:\/\/casetti.wpevi.com\/en\/timekeeper-globe-dekoratif-masa-saati\/\" class=\"more-link\">Continue reading <span class=\"screen-reader-text\">Timekeeper Globe Dekoratif Masa Saati<\/span><\/a><\/p>","protected":false},"featured_media":15770,"comment_status":"open","ping_status":"closed","template":"","meta":[],"product_brand":[217],"product_cat":[238,236],"product_tag":[],"class_list":{"0":"post-15231","1":"product","2":"type-product","3":"status-publish","4":"has-post-thumbnail","6":"product_brand-casetti","7":"product_cat-masa-saatleri","8":"product_cat-saatler","11":"instock","12":"taxable","13":"shipping-taxable","14":"purchasable","15":"product-type-simple"},"_links":{"self":[{"href":"https:\/\/casetti.wpevi.com\/en\/wp-json\/wp\/v2\/product\/15231","targetHints":{"allow":["GET"]}}],"collection":[{"href":"https:\/\/casetti.wpevi.com\/en\/wp-json\/wp\/v2\/product"}],"about":[{"href":"https:\/\/casetti.wpevi.com\/en\/wp-json\/wp\/v2\/types\/product"}],"replies":[{"embeddable":true,"href":"https:\/\/casetti.wpevi.com\/en\/wp-json\/wp\/v2\/comments?post=15231"}],"version-history":[{"count":0,"href":"https:\/\/casetti.wpevi.com\/en\/wp-json\/wp\/v2\/product\/15231\/revisions"}],"wp:featuredmedia":[{"embeddable":true,"href":"https:\/\/casetti.wpevi.com\/en\/wp-json\/wp\/v2\/media\/15770"}],"wp:attachment":[{"href":"https:\/\/casetti.wpevi.com\/en\/wp-json\/wp\/v2\/media?parent=15231"}],"wp:term":[{"taxonomy":"product_brand","embeddable":true,"href":"https:\/\/casetti.wpevi.com\/en\/wp-json\/wp\/v2\/product_brand?post=15231"},{"taxonomy":"product_cat","embeddable":true,"href":"https:\/\/casetti.wpevi.com\/en\/wp-json\/wp\/v2\/product_cat?post=15231"},{"taxonomy":"product_tag","embeddable":true,"href":"https:\/\/casetti.wpevi.com\/en\/wp-json\/wp\/v2\/product_tag?post=15231"}],"curies":[{"name":"wp","href":"https:\/\/api.w.org\/{rel}","templated":true}]}}