{"id":15180,"date":"2026-03-11T16:31:06","date_gmt":"2026-03-11T13:31:06","guid":{"rendered":"https:\/\/casetti.wpevi.com\/?post_type=product&#038;p=15180"},"modified":"2026-03-11T21:40:06","modified_gmt":"2026-03-11T18:40:06","slug":"ahsap-kutulu-vintage-denizci-pusulasi","status":"publish","type":"product","link":"https:\/\/casetti.wpevi.com\/en\/ahsap-kutulu-vintage-denizci-pusulasi\/","title":{"rendered":"Vintage Nautical Compass in Wooden Box"},"content":{"rendered":"<p>\u00dcr\u00fcn \u00d6l\u00e7\u00fcleri : 8 x 8 x 4 cm<\/p>\n<p>This <strong>ah\u015fap kutulu vintage denizci pusulas\u0131<\/strong>, denizcilerin ve ka\u015fiflerin y\u00fczy\u0131llar boyunca kulland\u0131\u011f\u0131 klasik navigasyon ara\u00e7lar\u0131ndan ilham al\u0131narak tasarlanm\u0131\u015ft\u0131r. Pirin\u00e7 g\u00f6r\u00fcn\u00fcml\u00fc pusula g\u00f6vdesi ve \u015f\u0131k <strong>ah\u015fap saklama kutusu<\/strong> ile hem dekoratif hem de koleksiyonluk bir par\u00e7ad\u0131r.<\/p>\n<p>Pusula, insanl\u0131k tarihindeki en \u00f6nemli navigasyon icatlar\u0131ndan biridir. \u0130lk olarak <strong>\u00c7in\u2019de yakla\u015f\u0131k 1000 y\u0131l \u00f6nce<\/strong> kullan\u0131lmaya ba\u015flanm\u0131\u015f ve daha sonra <strong>Orta \u00c7a\u011f\u2019da Avrupa denizcileri taraf\u0131ndan<\/strong> yayg\u0131n \u015fekilde kullan\u0131lm\u0131\u015ft\u0131r. Ke\u015fif \u00e7a\u011f\u0131nda pusula sayesinde denizciler okyanuslar\u0131 g\u00fcvenle a\u015fabilmi\u015f ve yeni ticaret yollar\u0131 ke\u015ffedilmi\u015ftir.<\/p>\n<p>Bu \u00fcr\u00fcn, o d\u00f6nemlerin <strong>ke\u015fif ruhunu ve denizcilik tarihini yans\u0131tan nostaljik bir tasar\u0131ma sahiptir.<\/strong><\/p>","protected":false},"excerpt":{"rendered":"<p>\u00dcr\u00fcn \u00d6l\u00e7\u00fcleri : 8 x 8 x 4 cm Bu ah\u015fap kutulu vintage denizci pusulas\u0131, denizcilerin ve ka\u015fiflerin y\u00fczy\u0131llar boyunca kulland\u0131\u011f\u0131 klasik navigasyon ara\u00e7lar\u0131ndan ilham al\u0131narak tasarlanm\u0131\u015ft\u0131r. Pirin\u00e7 g\u00f6r\u00fcn\u00fcml\u00fc pusula g\u00f6vdesi ve \u015f\u0131k ah\u015fap saklama kutusu ile hem dekoratif hem de koleksiyonluk bir par\u00e7ad\u0131r. Pusula, insanl\u0131k tarihindeki en \u00f6nemli navigasyon icatlar\u0131ndan biridir. \u0130lk olarak \u00c7in\u2019de &hellip; <a href=\"https:\/\/casetti.wpevi.com\/en\/ahsap-kutulu-vintage-denizci-pusulasi\/\" class=\"more-link\">Continue reading <span class=\"screen-reader-text\">Vintage Nautical Compass in Wooden Box<\/span><\/a><\/p>","protected":false},"featured_media":15220,"comment_status":"open","ping_status":"closed","template":"","meta":[],"product_brand":[217],"product_cat":[171],"product_tag":[],"class_list":{"0":"post-15180","1":"product","2":"type-product","3":"status-publish","4":"has-post-thumbnail","6":"product_brand-casetti","7":"product_cat-dekoratif-objeler","10":"instock","11":"taxable","12":"shipping-taxable","13":"purchasable","14":"product-type-simple"},"_links":{"self":[{"href":"https:\/\/casetti.wpevi.com\/en\/wp-json\/wp\/v2\/product\/15180","targetHints":{"allow":["GET"]}}],"collection":[{"href":"https:\/\/casetti.wpevi.com\/en\/wp-json\/wp\/v2\/product"}],"about":[{"href":"https:\/\/casetti.wpevi.com\/en\/wp-json\/wp\/v2\/types\/product"}],"replies":[{"embeddable":true,"href":"https:\/\/casetti.wpevi.com\/en\/wp-json\/wp\/v2\/comments?post=15180"}],"version-history":[{"count":1,"href":"https:\/\/casetti.wpevi.com\/en\/wp-json\/wp\/v2\/product\/15180\/revisions"}],"predecessor-version":[{"id":15189,"href":"https:\/\/casetti.wpevi.com\/en\/wp-json\/wp\/v2\/product\/15180\/revisions\/15189"}],"wp:featuredmedia":[{"embeddable":true,"href":"https:\/\/casetti.wpevi.com\/en\/wp-json\/wp\/v2\/media\/15220"}],"wp:attachment":[{"href":"https:\/\/casetti.wpevi.com\/en\/wp-json\/wp\/v2\/media?parent=15180"}],"wp:term":[{"taxonomy":"product_brand","embeddable":true,"href":"https:\/\/casetti.wpevi.com\/en\/wp-json\/wp\/v2\/product_brand?post=15180"},{"taxonomy":"product_cat","embeddable":true,"href":"https:\/\/casetti.wpevi.com\/en\/wp-json\/wp\/v2\/product_cat?post=15180"},{"taxonomy":"product_tag","embeddable":true,"href":"https:\/\/casetti.wpevi.com\/en\/wp-json\/wp\/v2\/product_tag?post=15180"}],"curies":[{"name":"wp","href":"https:\/\/api.w.org\/{rel}","templated":true}]}}