{"id":15173,"date":"2026-03-11T16:27:07","date_gmt":"2026-03-11T13:27:07","guid":{"rendered":"https:\/\/casetti.wpevi.com\/vintage-denizci-pusula-gunes-saati-ve-teleskop-seti\/"},"modified":"2026-03-12T20:12:14","modified_gmt":"2026-03-12T17:12:14","slug":"vintage-denizci-pusula-gunes-saati-ve-teleskop-seti","status":"publish","type":"product","link":"https:\/\/casetti.wpevi.com\/en\/vintage-denizci-pusula-gunes-saati-ve-teleskop-seti\/","title":{"rendered":"Vintage Denizci Pusula, G\u00fcne\u015f Saati ve Teleskop Seti"},"content":{"rendered":"<p>\u00dcr\u00fcn \u00d6l\u00e7\u00fcleri : 11 x 17 x 5 cm <\/p>\n<p>This <strong>vintage denizcilik navigasyon seti<\/strong>, ge\u00e7mi\u015fte denizciler ve ka\u015fifler taraf\u0131ndan kullan\u0131lan klasik navigasyon ara\u00e7lar\u0131ndan ilham al\u0131narak tasarlanm\u0131\u015ft\u0131r. Set i\u00e7erisinde <strong>pirin\u00e7 teleskop (spyglass), pusula ve g\u00fcne\u015f saati navigasyon cihaz\u0131<\/strong> bulunur ve tamam\u0131 \u015f\u0131k bir <strong>ah\u015fap kutu<\/strong> i\u00e7erisinde sunulur.<\/p>\n<p>Modern navigasyon teknolojilerinden \u00f6nce denizciler y\u00f6n bulmak ve zaman\u0131 \u00f6l\u00e7mek i\u00e7in <strong>pusula, teleskop ve g\u00fcne\u015f saati<\/strong> gibi ara\u00e7lar\u0131 kullan\u0131yordu. \u00d6zellikle <strong>15.\u201318. y\u00fczy\u0131llardaki ke\u015fif \u00e7a\u011f\u0131nda (Age of Discovery)<\/strong> bu aletler okyanus yolculuklar\u0131nda hayati \u00f6nem ta\u015f\u0131yordu.<\/p>\n<p>Bu set, o d\u00f6nemin <strong>ke\u015fif ruhunu ve denizcilik tarihini yans\u0131tan dekoratif bir koleksiyon par\u00e7as\u0131d\u0131r.<\/strong><\/p>","protected":false},"excerpt":{"rendered":"<p>\u00dcr\u00fcn \u00d6l\u00e7\u00fcleri : 11 x 17 x 5 cm Bu vintage denizcilik navigasyon seti, ge\u00e7mi\u015fte denizciler ve ka\u015fifler taraf\u0131ndan kullan\u0131lan klasik navigasyon ara\u00e7lar\u0131ndan ilham al\u0131narak tasarlanm\u0131\u015ft\u0131r. Set i\u00e7erisinde pirin\u00e7 teleskop (spyglass), pusula ve g\u00fcne\u015f saati navigasyon cihaz\u0131 bulunur ve tamam\u0131 \u015f\u0131k bir ah\u015fap kutu i\u00e7erisinde sunulur. Modern navigasyon teknolojilerinden \u00f6nce denizciler y\u00f6n bulmak ve zaman\u0131 &hellip; <a href=\"https:\/\/casetti.wpevi.com\/en\/vintage-denizci-pusula-gunes-saati-ve-teleskop-seti\/\" class=\"more-link\">Continue reading <span class=\"screen-reader-text\">Vintage Denizci Pusula, G\u00fcne\u015f Saati ve Teleskop Seti<\/span><\/a><\/p>","protected":false},"featured_media":15790,"comment_status":"open","ping_status":"closed","template":"","meta":[],"product_brand":[217],"product_cat":[171],"product_tag":[],"class_list":{"0":"post-15173","1":"product","2":"type-product","3":"status-publish","4":"has-post-thumbnail","6":"product_brand-casetti","7":"product_cat-dekoratif-objeler","10":"instock","11":"taxable","12":"shipping-taxable","13":"purchasable","14":"product-type-simple"},"_links":{"self":[{"href":"https:\/\/casetti.wpevi.com\/en\/wp-json\/wp\/v2\/product\/15173","targetHints":{"allow":["GET"]}}],"collection":[{"href":"https:\/\/casetti.wpevi.com\/en\/wp-json\/wp\/v2\/product"}],"about":[{"href":"https:\/\/casetti.wpevi.com\/en\/wp-json\/wp\/v2\/types\/product"}],"replies":[{"embeddable":true,"href":"https:\/\/casetti.wpevi.com\/en\/wp-json\/wp\/v2\/comments?post=15173"}],"version-history":[{"count":0,"href":"https:\/\/casetti.wpevi.com\/en\/wp-json\/wp\/v2\/product\/15173\/revisions"}],"wp:featuredmedia":[{"embeddable":true,"href":"https:\/\/casetti.wpevi.com\/en\/wp-json\/wp\/v2\/media\/15790"}],"wp:attachment":[{"href":"https:\/\/casetti.wpevi.com\/en\/wp-json\/wp\/v2\/media?parent=15173"}],"wp:term":[{"taxonomy":"product_brand","embeddable":true,"href":"https:\/\/casetti.wpevi.com\/en\/wp-json\/wp\/v2\/product_brand?post=15173"},{"taxonomy":"product_cat","embeddable":true,"href":"https:\/\/casetti.wpevi.com\/en\/wp-json\/wp\/v2\/product_cat?post=15173"},{"taxonomy":"product_tag","embeddable":true,"href":"https:\/\/casetti.wpevi.com\/en\/wp-json\/wp\/v2\/product_tag?post=15173"}],"curies":[{"name":"wp","href":"https:\/\/api.w.org\/{rel}","templated":true}]}}