{"id":15165,"date":"2026-03-11T16:19:05","date_gmt":"2026-03-11T13:19:05","guid":{"rendered":"https:\/\/casetti.wpevi.com\/rotating-masa-saati\/"},"modified":"2026-03-12T21:11:12","modified_gmt":"2026-03-12T18:11:12","slug":"rotating-pirinc-masa-saati","status":"publish","type":"product","link":"https:\/\/casetti.wpevi.com\/en\/rotating-pirinc-masa-saati\/","title":{"rendered":"Rotating Pirin\u00e7 Masa Saati"},"content":{"rendered":"<p>Y\u00fckseklik : 14 cm <\/p>\n<p>This <strong>denizcilik temal\u0131 vintage masa saati<\/strong>, klasik gemi kronometreleri ve cep saati tasar\u0131mlar\u0131ndan ilham al\u0131narak tasarlanm\u0131\u015ft\u0131r. Antik pirin\u00e7 g\u00f6vdesi, gemi d\u00fcmeni stilindeki kadran\u0131 ve d\u00f6nebilen mekanizmas\u0131 sayesinde bulundu\u011fu ortama <strong>nostaljik ve denizcilik temal\u0131 bir karakter<\/strong> kazand\u0131r\u0131r.<\/p>\n<p>Tarihte denizciler ve ka\u015fifler okyanuslarda y\u00f6n bulabilmek i\u00e7in <strong>deniz kronometreleri ve hassas saat mekanizmalar\u0131<\/strong> kullan\u0131rlard\u0131. Bu saatler \u00f6zellikle <strong>navigasyon odalar\u0131nda ve gemi k\u00f6pr\u00fclerinde<\/strong> yer al\u0131rd\u0131. Bu \u00fcr\u00fcn, o d\u00f6nemlerin esteti\u011fini modern dekorasyonla birle\u015ftirir.<\/p>\n<p>Saatin <strong>\u00fcst k\u0131sm\u0131ndaki cep saati formundaki tepe detay\u0131<\/strong>, klasik saat tasar\u0131m\u0131na g\u00f6nderme yaparken, <strong>yan pivot noktalar\u0131 sayesinde d\u00f6nebilen mekanizmas\u0131<\/strong> farkl\u0131 a\u00e7\u0131lardan kolay g\u00f6r\u00fcn\u00fcrl\u00fck sa\u011flar.<\/p>","protected":false},"excerpt":{"rendered":"<p>Y\u00fckseklik : 14 cm Bu denizcilik temal\u0131 vintage masa saati, klasik gemi kronometreleri ve cep saati tasar\u0131mlar\u0131ndan ilham al\u0131narak tasarlanm\u0131\u015ft\u0131r. Antik pirin\u00e7 g\u00f6vdesi, gemi d\u00fcmeni stilindeki kadran\u0131 ve d\u00f6nebilen mekanizmas\u0131 sayesinde bulundu\u011fu ortama nostaljik ve denizcilik temal\u0131 bir karakter kazand\u0131r\u0131r. Tarihte denizciler ve ka\u015fifler okyanuslarda y\u00f6n bulabilmek i\u00e7in deniz kronometreleri ve hassas saat mekanizmalar\u0131 kullan\u0131rlard\u0131. &hellip; <a href=\"https:\/\/casetti.wpevi.com\/en\/rotating-pirinc-masa-saati\/\" class=\"more-link\">Continue reading <span class=\"screen-reader-text\">Rotating Pirin\u00e7 Masa Saati<\/span><\/a><\/p>","protected":false},"featured_media":15861,"comment_status":"open","ping_status":"closed","template":"","meta":[],"product_brand":[217],"product_cat":[238,236],"product_tag":[],"class_list":{"0":"post-15165","1":"product","2":"type-product","3":"status-publish","4":"has-post-thumbnail","6":"product_brand-casetti","7":"product_cat-masa-saatleri","8":"product_cat-saatler","11":"instock","12":"taxable","13":"shipping-taxable","14":"purchasable","15":"product-type-simple"},"_links":{"self":[{"href":"https:\/\/casetti.wpevi.com\/en\/wp-json\/wp\/v2\/product\/15165","targetHints":{"allow":["GET"]}}],"collection":[{"href":"https:\/\/casetti.wpevi.com\/en\/wp-json\/wp\/v2\/product"}],"about":[{"href":"https:\/\/casetti.wpevi.com\/en\/wp-json\/wp\/v2\/types\/product"}],"replies":[{"embeddable":true,"href":"https:\/\/casetti.wpevi.com\/en\/wp-json\/wp\/v2\/comments?post=15165"}],"version-history":[{"count":1,"href":"https:\/\/casetti.wpevi.com\/en\/wp-json\/wp\/v2\/product\/15165\/revisions"}],"predecessor-version":[{"id":15758,"href":"https:\/\/casetti.wpevi.com\/en\/wp-json\/wp\/v2\/product\/15165\/revisions\/15758"}],"wp:featuredmedia":[{"embeddable":true,"href":"https:\/\/casetti.wpevi.com\/en\/wp-json\/wp\/v2\/media\/15861"}],"wp:attachment":[{"href":"https:\/\/casetti.wpevi.com\/en\/wp-json\/wp\/v2\/media?parent=15165"}],"wp:term":[{"taxonomy":"product_brand","embeddable":true,"href":"https:\/\/casetti.wpevi.com\/en\/wp-json\/wp\/v2\/product_brand?post=15165"},{"taxonomy":"product_cat","embeddable":true,"href":"https:\/\/casetti.wpevi.com\/en\/wp-json\/wp\/v2\/product_cat?post=15165"},{"taxonomy":"product_tag","embeddable":true,"href":"https:\/\/casetti.wpevi.com\/en\/wp-json\/wp\/v2\/product_tag?post=15165"}],"curies":[{"name":"wp","href":"https:\/\/api.w.org\/{rel}","templated":true}]}}