{"id":15158,"date":"2026-03-11T16:14:03","date_gmt":"2026-03-11T13:14:03","guid":{"rendered":"https:\/\/casetti.wpevi.com\/victorian-navigator-masa-saati\/"},"modified":"2026-03-12T20:12:06","modified_gmt":"2026-03-12T17:12:06","slug":"victorian-navigator-pirinc-masa-saati","status":"publish","type":"product","link":"https:\/\/casetti.wpevi.com\/en\/victorian-navigator-pirinc-masa-saati\/","title":{"rendered":"Victorian Navigator Pirin\u00e7 Masa Saati"},"content":{"rendered":"<p>Y\u00fckseklik : 14 cm <\/p>\n<p>This <strong>Victorian tarz\u0131 d\u00f6ner mekanizmal\u0131 masa saati<\/strong>, 19. y\u00fczy\u0131l\u0131n sonu ve 20. y\u00fczy\u0131l\u0131n ba\u015flar\u0131nda kullan\u0131lan klasik masa saatlerinden ve bilimsel \u00f6l\u00e7\u00fcm cihazlar\u0131ndan ilham al\u0131narak tasarlanm\u0131\u015ft\u0131r. Antik pirin\u00e7 g\u00f6r\u00fcn\u00fcml\u00fc g\u00f6vdesi, Roma rakaml\u0131 kadran\u0131 ve d\u00f6nebilen saat mekanizmas\u0131 sayesinde hem <strong>nostaljik hem de fonksiyonel bir dekor objesidir<\/strong>.<\/p>\n<p>Ge\u00e7mi\u015fte bu t\u00fcr pivot mekanizmal\u0131 saatler \u00f6zellikle <strong>k\u00fct\u00fcphanelerde, \u00e7al\u0131\u015fma odalar\u0131nda, navigasyon odalar\u0131nda ve ofislerde<\/strong> kullan\u0131l\u0131rd\u0131. Saatin d\u00f6nebilen yap\u0131s\u0131 sayesinde farkl\u0131 a\u00e7\u0131lardan rahatl\u0131kla g\u00f6r\u00fclebilirdi.<\/p>\n<p>Bu tasar\u0131m, klasik masa saatlerini modern dekorasyonla birle\u015ftirerek <strong>zamans\u0131z bir vintage estetik<\/strong> sunar.<\/p>","protected":false},"excerpt":{"rendered":"<p>Y\u00fckseklik : 14 cm Bu Victorian tarz\u0131 d\u00f6ner mekanizmal\u0131 masa saati, 19. y\u00fczy\u0131l\u0131n sonu ve 20. y\u00fczy\u0131l\u0131n ba\u015flar\u0131nda kullan\u0131lan klasik masa saatlerinden ve bilimsel \u00f6l\u00e7\u00fcm cihazlar\u0131ndan ilham al\u0131narak tasarlanm\u0131\u015ft\u0131r. Antik pirin\u00e7 g\u00f6r\u00fcn\u00fcml\u00fc g\u00f6vdesi, Roma rakaml\u0131 kadran\u0131 ve d\u00f6nebilen saat mekanizmas\u0131 sayesinde hem nostaljik hem de fonksiyonel bir dekor objesidir. Ge\u00e7mi\u015fte bu t\u00fcr pivot mekanizmal\u0131 saatler &hellip; <a href=\"https:\/\/casetti.wpevi.com\/en\/victorian-navigator-pirinc-masa-saati\/\" class=\"more-link\">Continue reading <span class=\"screen-reader-text\">Victorian Navigator Pirin\u00e7 Masa Saati<\/span><\/a><\/p>","protected":false},"featured_media":15785,"comment_status":"open","ping_status":"closed","template":"","meta":[],"product_brand":[217],"product_cat":[238,236],"product_tag":[],"class_list":{"0":"post-15158","1":"product","2":"type-product","3":"status-publish","4":"has-post-thumbnail","6":"product_brand-casetti","7":"product_cat-masa-saatleri","8":"product_cat-saatler","11":"instock","12":"taxable","13":"shipping-taxable","14":"purchasable","15":"product-type-simple"},"_links":{"self":[{"href":"https:\/\/casetti.wpevi.com\/en\/wp-json\/wp\/v2\/product\/15158","targetHints":{"allow":["GET"]}}],"collection":[{"href":"https:\/\/casetti.wpevi.com\/en\/wp-json\/wp\/v2\/product"}],"about":[{"href":"https:\/\/casetti.wpevi.com\/en\/wp-json\/wp\/v2\/types\/product"}],"replies":[{"embeddable":true,"href":"https:\/\/casetti.wpevi.com\/en\/wp-json\/wp\/v2\/comments?post=15158"}],"version-history":[{"count":1,"href":"https:\/\/casetti.wpevi.com\/en\/wp-json\/wp\/v2\/product\/15158\/revisions"}],"predecessor-version":[{"id":15784,"href":"https:\/\/casetti.wpevi.com\/en\/wp-json\/wp\/v2\/product\/15158\/revisions\/15784"}],"wp:featuredmedia":[{"embeddable":true,"href":"https:\/\/casetti.wpevi.com\/en\/wp-json\/wp\/v2\/media\/15785"}],"wp:attachment":[{"href":"https:\/\/casetti.wpevi.com\/en\/wp-json\/wp\/v2\/media?parent=15158"}],"wp:term":[{"taxonomy":"product_brand","embeddable":true,"href":"https:\/\/casetti.wpevi.com\/en\/wp-json\/wp\/v2\/product_brand?post=15158"},{"taxonomy":"product_cat","embeddable":true,"href":"https:\/\/casetti.wpevi.com\/en\/wp-json\/wp\/v2\/product_cat?post=15158"},{"taxonomy":"product_tag","embeddable":true,"href":"https:\/\/casetti.wpevi.com\/en\/wp-json\/wp\/v2\/product_tag?post=15158"}],"curies":[{"name":"wp","href":"https:\/\/api.w.org\/{rel}","templated":true}]}}