{"id":15149,"date":"2026-03-11T16:10:06","date_gmt":"2026-03-11T13:10:06","guid":{"rendered":"https:\/\/casetti.wpevi.com\/marine-masa-saati\/"},"modified":"2026-03-12T19:50:07","modified_gmt":"2026-03-12T16:50:07","slug":"marine-pirinc-masa-saati","status":"publish","type":"product","link":"https:\/\/casetti.wpevi.com\/en\/marine-pirinc-masa-saati\/","title":{"rendered":"Marine Pirin\u00e7 Masa Saati"},"content":{"rendered":"<p>Y\u00fckseklik 14 cm <\/p>\n<p>This <strong>Greenwich temal\u0131 vintage masa saati<\/strong>, denizcilik navigasyon cihazlar\u0131ndan ve klasik gemi kronometrelerinden ilham al\u0131narak tasarlanm\u0131\u015ft\u0131r. Antik pirin\u00e7 g\u00f6r\u00fcn\u00fcml\u00fc g\u00f6vdesi, pusula desenli taban\u0131 ve denizcilik sembolleri sayesinde bulundu\u011fu ortama <strong>nostaljik ve ke\u015fif ruhu ta\u015f\u0131yan bir atmosfer<\/strong> kazand\u0131r\u0131r.<\/p>\n<p>Saat \u00fczerinde yer alan <strong>Greenwich London<\/strong> referans\u0131, d\u00fcnyan\u0131n zaman \u00f6l\u00e7\u00fcm\u00fcnde kullan\u0131lan <strong>Greenwich Ortalama Zaman\u0131 (GMT)<\/strong> ve <strong>0\u00b0 boylam meridyeninin<\/strong> bulundu\u011fu tarihi Greenwich Rasathanesi\u2019ne at\u0131fta bulunur. 19. y\u00fczy\u0131lda denizciler ve ka\u015fifler navigasyon i\u00e7in do\u011fru zaman\u0131 \u00f6l\u00e7mek amac\u0131yla <strong>deniz kronometrelerini<\/strong> kullan\u0131yordu.<\/p>\n<p>Bu saat tasar\u0131m\u0131, o d\u00f6nemin <strong>denizcilik navigasyon aletlerinin esteti\u011fini modern bir masa saati formunda yeniden yorumlar<\/strong>.<\/p>","protected":false},"excerpt":{"rendered":"<p>Y\u00fckseklik 14 cm Bu Greenwich temal\u0131 vintage masa saati, denizcilik navigasyon cihazlar\u0131ndan ve klasik gemi kronometrelerinden ilham al\u0131narak tasarlanm\u0131\u015ft\u0131r. Antik pirin\u00e7 g\u00f6r\u00fcn\u00fcml\u00fc g\u00f6vdesi, pusula desenli taban\u0131 ve denizcilik sembolleri sayesinde bulundu\u011fu ortama nostaljik ve ke\u015fif ruhu ta\u015f\u0131yan bir atmosfer kazand\u0131r\u0131r. Saat \u00fczerinde yer alan Greenwich London referans\u0131, d\u00fcnyan\u0131n zaman \u00f6l\u00e7\u00fcm\u00fcnde kullan\u0131lan Greenwich Ortalama Zaman\u0131 (GMT) &hellip; <a href=\"https:\/\/casetti.wpevi.com\/en\/marine-pirinc-masa-saati\/\" class=\"more-link\">Continue reading <span class=\"screen-reader-text\">Marine Pirin\u00e7 Masa Saati<\/span><\/a><\/p>","protected":false},"featured_media":15704,"comment_status":"open","ping_status":"closed","template":"","meta":[],"product_brand":[217],"product_cat":[238,236],"product_tag":[],"class_list":{"0":"post-15149","1":"product","2":"type-product","3":"status-publish","4":"has-post-thumbnail","6":"product_brand-casetti","7":"product_cat-masa-saatleri","8":"product_cat-saatler","11":"instock","12":"taxable","13":"shipping-taxable","14":"purchasable","15":"product-type-simple"},"_links":{"self":[{"href":"https:\/\/casetti.wpevi.com\/en\/wp-json\/wp\/v2\/product\/15149","targetHints":{"allow":["GET"]}}],"collection":[{"href":"https:\/\/casetti.wpevi.com\/en\/wp-json\/wp\/v2\/product"}],"about":[{"href":"https:\/\/casetti.wpevi.com\/en\/wp-json\/wp\/v2\/types\/product"}],"replies":[{"embeddable":true,"href":"https:\/\/casetti.wpevi.com\/en\/wp-json\/wp\/v2\/comments?post=15149"}],"version-history":[{"count":1,"href":"https:\/\/casetti.wpevi.com\/en\/wp-json\/wp\/v2\/product\/15149\/revisions"}],"predecessor-version":[{"id":15703,"href":"https:\/\/casetti.wpevi.com\/en\/wp-json\/wp\/v2\/product\/15149\/revisions\/15703"}],"wp:featuredmedia":[{"embeddable":true,"href":"https:\/\/casetti.wpevi.com\/en\/wp-json\/wp\/v2\/media\/15704"}],"wp:attachment":[{"href":"https:\/\/casetti.wpevi.com\/en\/wp-json\/wp\/v2\/media?parent=15149"}],"wp:term":[{"taxonomy":"product_brand","embeddable":true,"href":"https:\/\/casetti.wpevi.com\/en\/wp-json\/wp\/v2\/product_brand?post=15149"},{"taxonomy":"product_cat","embeddable":true,"href":"https:\/\/casetti.wpevi.com\/en\/wp-json\/wp\/v2\/product_cat?post=15149"},{"taxonomy":"product_tag","embeddable":true,"href":"https:\/\/casetti.wpevi.com\/en\/wp-json\/wp\/v2\/product_tag?post=15149"}],"curies":[{"name":"wp","href":"https:\/\/api.w.org\/{rel}","templated":true}]}}