{"id":15140,"date":"2026-03-11T16:02:06","date_gmt":"2026-03-11T13:02:06","guid":{"rendered":"https:\/\/casetti.wpevi.com\/pocket-clock-masa-saati\/"},"modified":"2026-03-12T19:58:11","modified_gmt":"2026-03-12T16:58:11","slug":"pocket-clock-pirinc-masa-saati","status":"publish","type":"product","link":"https:\/\/casetti.wpevi.com\/en\/pocket-clock-pirinc-masa-saati\/","title":{"rendered":"Pocket Clock Pirin\u00e7 Masa Saati"},"content":{"rendered":"<p>Y\u00fckseklik : 10 cm <\/p>\n<p>This <strong>vintage cep saati tasar\u0131ml\u0131 masa saati<\/strong>, 19. ve 20. y\u00fczy\u0131l\u0131n ba\u015flar\u0131nda kullan\u0131lan klasik cep saatlerinden ilham al\u0131narak tasarlanm\u0131\u015ft\u0131r. Antik pirin\u00e7 g\u00f6vdesi, klasik saat kadran\u0131 ve cep saati formu sayesinde bulundu\u011fu ortama <strong>nostaljik ve zarif bir atmosfer<\/strong> kazand\u0131r\u0131r.<\/p>\n<p>Ge\u00e7mi\u015fte cep saatleri \u00f6zellikle <strong>i\u015f insanlar\u0131, tren makinistleri, denizciler ve aristokratlar taraf\u0131ndan kullan\u0131lan en \u00f6nemli zaman \u00f6l\u00e7\u00fcm ara\u00e7lar\u0131ndan biriydi<\/strong>. Bu saatler hem <strong>prestij hem de hassas zaman \u00f6l\u00e7\u00fcm\u00fc<\/strong> anlam\u0131na geliyordu.<\/p>\n<p>Bu masa saati, klasik cep saatinin tasar\u0131m\u0131n\u0131 modern bir dekor objesine d\u00f6n\u00fc\u015ft\u00fcrerek <strong>hem fonksiyonel hem de estetik bir kullan\u0131m sunar<\/strong>.<\/p>","protected":false},"excerpt":{"rendered":"<p>Y\u00fckseklik : 10 cm Bu vintage cep saati tasar\u0131ml\u0131 masa saati, 19. ve 20. y\u00fczy\u0131l\u0131n ba\u015flar\u0131nda kullan\u0131lan klasik cep saatlerinden ilham al\u0131narak tasarlanm\u0131\u015ft\u0131r. Antik pirin\u00e7 g\u00f6vdesi, klasik saat kadran\u0131 ve cep saati formu sayesinde bulundu\u011fu ortama nostaljik ve zarif bir atmosfer kazand\u0131r\u0131r. Ge\u00e7mi\u015fte cep saatleri \u00f6zellikle i\u015f insanlar\u0131, tren makinistleri, denizciler ve aristokratlar taraf\u0131ndan kullan\u0131lan &hellip; <a href=\"https:\/\/casetti.wpevi.com\/en\/pocket-clock-pirinc-masa-saati\/\" class=\"more-link\">Continue reading <span class=\"screen-reader-text\">Pocket Clock Pirin\u00e7 Masa Saati<\/span><\/a><\/p>","protected":false},"featured_media":15740,"comment_status":"open","ping_status":"closed","template":"","meta":[],"product_brand":[217],"product_cat":[238,236],"product_tag":[],"class_list":{"0":"post-15140","1":"product","2":"type-product","3":"status-publish","4":"has-post-thumbnail","6":"product_brand-casetti","7":"product_cat-masa-saatleri","8":"product_cat-saatler","11":"instock","12":"taxable","13":"shipping-taxable","14":"purchasable","15":"product-type-simple"},"_links":{"self":[{"href":"https:\/\/casetti.wpevi.com\/en\/wp-json\/wp\/v2\/product\/15140","targetHints":{"allow":["GET"]}}],"collection":[{"href":"https:\/\/casetti.wpevi.com\/en\/wp-json\/wp\/v2\/product"}],"about":[{"href":"https:\/\/casetti.wpevi.com\/en\/wp-json\/wp\/v2\/types\/product"}],"replies":[{"embeddable":true,"href":"https:\/\/casetti.wpevi.com\/en\/wp-json\/wp\/v2\/comments?post=15140"}],"version-history":[{"count":1,"href":"https:\/\/casetti.wpevi.com\/en\/wp-json\/wp\/v2\/product\/15140\/revisions"}],"predecessor-version":[{"id":15739,"href":"https:\/\/casetti.wpevi.com\/en\/wp-json\/wp\/v2\/product\/15140\/revisions\/15739"}],"wp:featuredmedia":[{"embeddable":true,"href":"https:\/\/casetti.wpevi.com\/en\/wp-json\/wp\/v2\/media\/15740"}],"wp:attachment":[{"href":"https:\/\/casetti.wpevi.com\/en\/wp-json\/wp\/v2\/media?parent=15140"}],"wp:term":[{"taxonomy":"product_brand","embeddable":true,"href":"https:\/\/casetti.wpevi.com\/en\/wp-json\/wp\/v2\/product_brand?post=15140"},{"taxonomy":"product_cat","embeddable":true,"href":"https:\/\/casetti.wpevi.com\/en\/wp-json\/wp\/v2\/product_cat?post=15140"},{"taxonomy":"product_tag","embeddable":true,"href":"https:\/\/casetti.wpevi.com\/en\/wp-json\/wp\/v2\/product_tag?post=15140"}],"curies":[{"name":"wp","href":"https:\/\/api.w.org\/{rel}","templated":true}]}}