{"id":15133,"date":"2026-03-11T15:55:02","date_gmt":"2026-03-11T12:55:02","guid":{"rendered":"https:\/\/casetti.wpevi.com\/pocket-masa-saati\/"},"modified":"2026-03-12T19:58:06","modified_gmt":"2026-03-12T16:58:06","slug":"pocket-pirinc-masa-saati","status":"publish","type":"product","link":"https:\/\/casetti.wpevi.com\/en\/pocket-pirinc-masa-saati\/","title":{"rendered":"Pocket Pirin\u00e7 Masa Saati"},"content":{"rendered":"<p>Y\u00fckseklik : 10 cm <\/p>\n<p>C<strong>ep saati tasar\u0131ml\u0131 masa saati<\/strong>, 19. ve 20. y\u00fczy\u0131l\u0131n ba\u015flar\u0131nda denizcilikte kullan\u0131lan klasik cep saatlerinden ilham al\u0131narak tasarlanm\u0131\u015ft\u0131r. Antik pirin\u00e7 g\u00f6vdesi, Roma rakaml\u0131 kadran\u0131 ve gemi fig\u00fcr\u00fc sayesinde <strong>nostaljik bir denizcilik atmosferi<\/strong> yarat\u0131r.<\/p>\n<p>Ge\u00e7mi\u015fte cep saatleri \u00f6zellikle <strong>gemi kaptanlar\u0131, navigasyon subaylar\u0131 ve uzun deniz yolculuklar\u0131 yapan yolcular i\u00e7in olduk\u00e7a \u00f6nemliydi<\/strong>. Do\u011fru zaman \u00f6l\u00e7\u00fcm\u00fc, denizcilikte <strong>rota hesaplama ve navigasyon i\u015flemleri i\u00e7in kritik bir rol oynard\u0131<\/strong>.<\/p>\n<p>Bu masa saati, klasik cep saatinin tasar\u0131m\u0131n\u0131 koruyarak <strong>\u015f\u0131k bir masa saati formuna d\u00f6n\u00fc\u015ft\u00fcr\u00fclm\u00fc\u015f dekoratif bir objedir<\/strong>.<\/p>","protected":false},"excerpt":{"rendered":"<p>Y\u00fckseklik : 10 cm Cep saati tasar\u0131ml\u0131 masa saati, 19. ve 20. y\u00fczy\u0131l\u0131n ba\u015flar\u0131nda denizcilikte kullan\u0131lan klasik cep saatlerinden ilham al\u0131narak tasarlanm\u0131\u015ft\u0131r. Antik pirin\u00e7 g\u00f6vdesi, Roma rakaml\u0131 kadran\u0131 ve gemi fig\u00fcr\u00fc sayesinde nostaljik bir denizcilik atmosferi yarat\u0131r. Ge\u00e7mi\u015fte cep saatleri \u00f6zellikle gemi kaptanlar\u0131, navigasyon subaylar\u0131 ve uzun deniz yolculuklar\u0131 yapan yolcular i\u00e7in olduk\u00e7a \u00f6nemliydi. Do\u011fru &hellip; <a href=\"https:\/\/casetti.wpevi.com\/en\/pocket-pirinc-masa-saati\/\" class=\"more-link\">Continue reading <span class=\"screen-reader-text\">Pocket Pirin\u00e7 Masa Saati<\/span><\/a><\/p>","protected":false},"featured_media":15735,"comment_status":"open","ping_status":"closed","template":"","meta":[],"product_brand":[217],"product_cat":[238,236],"product_tag":[],"class_list":{"0":"post-15133","1":"product","2":"type-product","3":"status-publish","4":"has-post-thumbnail","6":"product_brand-casetti","7":"product_cat-masa-saatleri","8":"product_cat-saatler","11":"instock","12":"taxable","13":"shipping-taxable","14":"purchasable","15":"product-type-simple"},"_links":{"self":[{"href":"https:\/\/casetti.wpevi.com\/en\/wp-json\/wp\/v2\/product\/15133","targetHints":{"allow":["GET"]}}],"collection":[{"href":"https:\/\/casetti.wpevi.com\/en\/wp-json\/wp\/v2\/product"}],"about":[{"href":"https:\/\/casetti.wpevi.com\/en\/wp-json\/wp\/v2\/types\/product"}],"replies":[{"embeddable":true,"href":"https:\/\/casetti.wpevi.com\/en\/wp-json\/wp\/v2\/comments?post=15133"}],"version-history":[{"count":2,"href":"https:\/\/casetti.wpevi.com\/en\/wp-json\/wp\/v2\/product\/15133\/revisions"}],"predecessor-version":[{"id":15734,"href":"https:\/\/casetti.wpevi.com\/en\/wp-json\/wp\/v2\/product\/15133\/revisions\/15734"}],"wp:featuredmedia":[{"embeddable":true,"href":"https:\/\/casetti.wpevi.com\/en\/wp-json\/wp\/v2\/media\/15735"}],"wp:attachment":[{"href":"https:\/\/casetti.wpevi.com\/en\/wp-json\/wp\/v2\/media?parent=15133"}],"wp:term":[{"taxonomy":"product_brand","embeddable":true,"href":"https:\/\/casetti.wpevi.com\/en\/wp-json\/wp\/v2\/product_brand?post=15133"},{"taxonomy":"product_cat","embeddable":true,"href":"https:\/\/casetti.wpevi.com\/en\/wp-json\/wp\/v2\/product_cat?post=15133"},{"taxonomy":"product_tag","embeddable":true,"href":"https:\/\/casetti.wpevi.com\/en\/wp-json\/wp\/v2\/product_tag?post=15133"}],"curies":[{"name":"wp","href":"https:\/\/api.w.org\/{rel}","templated":true}]}}