{"id":15123,"date":"2026-03-11T15:52:07","date_gmt":"2026-03-11T12:52:07","guid":{"rendered":"https:\/\/casetti.wpevi.com\/double-face-masa-saati\/"},"modified":"2026-03-12T19:45:07","modified_gmt":"2026-03-12T16:45:07","slug":"double-face-pirinc-masa-saati","status":"publish","type":"product","link":"https:\/\/casetti.wpevi.com\/en\/double-face-pirinc-masa-saati\/","title":{"rendered":"Double Face Pirin\u00e7 Masa Saati"},"content":{"rendered":"<p>\u00dcr\u00fcn \u00d6l\u00e7\u00fcs\u00fc : Y\u00fckseklik : 14 cm<\/p>\n<p>This <strong>\u00e7ift tarafl\u0131 vintage masa saati<\/strong>, 19. y\u00fczy\u0131l Avrupa tren istasyonlar\u0131nda, otellerde ve b\u00fcy\u00fck kamu binalar\u0131nda kullan\u0131lan <strong>klasik istasyon saatlerinden ilham al\u0131narak tasarlanm\u0131\u015ft\u0131r<\/strong>. Saatin en dikkat \u00e7ekici \u00f6zelli\u011fi <strong>\u00f6n ve arka olmak \u00fczere iki taraf\u0131nda da \u00e7al\u0131\u015fan saat mekanizmas\u0131 bulunmas\u0131d\u0131r<\/strong>.<\/p>\n<p>Bu tasar\u0131m sayesinde saat <strong>iki farkl\u0131 y\u00f6nden de g\u00f6r\u00fclebilir<\/strong>. \u00d6zellikle eski tren istasyonlar\u0131nda kullan\u0131lan saatler yolcular\u0131n zaman\u0131 her y\u00f6nden g\u00f6rebilmesi i\u00e7in \u00e7ift tarafl\u0131 olarak tasarlan\u0131rd\u0131.<\/p>\n<p>Antik pirin\u00e7 g\u00f6r\u00fcn\u00fcml\u00fc metal g\u00f6vdesi ve ask\u0131l\u0131 formu sayesinde bu saat hem <strong>vintage dekorasyon hem de klasik ofis tasar\u0131mlar\u0131 i\u00e7in m\u00fckemmel bir tamamlay\u0131c\u0131d\u0131r<\/strong>.<\/p>","protected":false},"excerpt":{"rendered":"<p>\u00dcr\u00fcn \u00d6l\u00e7\u00fcs\u00fc : Y\u00fckseklik : 14 cm Bu \u00e7ift tarafl\u0131 vintage masa saati, 19. y\u00fczy\u0131l Avrupa tren istasyonlar\u0131nda, otellerde ve b\u00fcy\u00fck kamu binalar\u0131nda kullan\u0131lan klasik istasyon saatlerinden ilham al\u0131narak tasarlanm\u0131\u015ft\u0131r. Saatin en dikkat \u00e7ekici \u00f6zelli\u011fi \u00f6n ve arka olmak \u00fczere iki taraf\u0131nda da \u00e7al\u0131\u015fan saat mekanizmas\u0131 bulunmas\u0131d\u0131r. Bu tasar\u0131m sayesinde saat iki farkl\u0131 y\u00f6nden de &hellip; <a href=\"https:\/\/casetti.wpevi.com\/en\/double-face-pirinc-masa-saati\/\" class=\"more-link\">Continue reading <span class=\"screen-reader-text\">Double Face Pirin\u00e7 Masa Saati<\/span><\/a><\/p>","protected":false},"featured_media":15684,"comment_status":"open","ping_status":"closed","template":"","meta":[],"product_brand":[217],"product_cat":[238,236],"product_tag":[],"class_list":{"0":"post-15123","1":"product","2":"type-product","3":"status-publish","4":"has-post-thumbnail","6":"product_brand-casetti","7":"product_cat-masa-saatleri","8":"product_cat-saatler","11":"instock","12":"taxable","13":"shipping-taxable","14":"purchasable","15":"product-type-simple"},"_links":{"self":[{"href":"https:\/\/casetti.wpevi.com\/en\/wp-json\/wp\/v2\/product\/15123","targetHints":{"allow":["GET"]}}],"collection":[{"href":"https:\/\/casetti.wpevi.com\/en\/wp-json\/wp\/v2\/product"}],"about":[{"href":"https:\/\/casetti.wpevi.com\/en\/wp-json\/wp\/v2\/types\/product"}],"replies":[{"embeddable":true,"href":"https:\/\/casetti.wpevi.com\/en\/wp-json\/wp\/v2\/comments?post=15123"}],"version-history":[{"count":1,"href":"https:\/\/casetti.wpevi.com\/en\/wp-json\/wp\/v2\/product\/15123\/revisions"}],"predecessor-version":[{"id":15683,"href":"https:\/\/casetti.wpevi.com\/en\/wp-json\/wp\/v2\/product\/15123\/revisions\/15683"}],"wp:featuredmedia":[{"embeddable":true,"href":"https:\/\/casetti.wpevi.com\/en\/wp-json\/wp\/v2\/media\/15684"}],"wp:attachment":[{"href":"https:\/\/casetti.wpevi.com\/en\/wp-json\/wp\/v2\/media?parent=15123"}],"wp:term":[{"taxonomy":"product_brand","embeddable":true,"href":"https:\/\/casetti.wpevi.com\/en\/wp-json\/wp\/v2\/product_brand?post=15123"},{"taxonomy":"product_cat","embeddable":true,"href":"https:\/\/casetti.wpevi.com\/en\/wp-json\/wp\/v2\/product_cat?post=15123"},{"taxonomy":"product_tag","embeddable":true,"href":"https:\/\/casetti.wpevi.com\/en\/wp-json\/wp\/v2\/product_tag?post=15123"}],"curies":[{"name":"wp","href":"https:\/\/api.w.org\/{rel}","templated":true}]}}