{"id":15113,"date":"2026-03-11T15:28:03","date_gmt":"2026-03-11T12:28:03","guid":{"rendered":"https:\/\/casetti.wpevi.com\/?post_type=product&#038;p=15113"},"modified":"2026-03-12T20:00:07","modified_gmt":"2026-03-12T17:00:07","slug":"retroflip-automatic-masa-saati","status":"publish","type":"product","link":"https:\/\/casetti.wpevi.com\/en\/retroflip-automatic-masa-saati\/","title":{"rendered":"RetroFlip Automatic Masa Saati"},"content":{"rendered":"<p>\u00dcr\u00fcn \u00d6l\u00e7\u00fcs\u00fc : 17 x 20 x 7 cm<\/p>\n<p>This <strong>retro flip clock masa saati<\/strong>, 1950\u20131970 y\u0131llar\u0131 aras\u0131nda tren istasyonlar\u0131nda, havaalanlar\u0131nda ve ofislerde kullan\u0131lan <strong>klasik yaprakl\u0131 saat tasar\u0131mlar\u0131ndan ilham al\u0131narak \u00fcretilmi\u015ftir<\/strong>. Saatin en dikkat \u00e7ekici \u00f6zelli\u011fi <strong>dakika de\u011fi\u015fti\u011finde otomatik olarak d\u00f6nen yaprakl\u0131 numara sistemi<\/strong>dir.<\/p>\n<p>Flip clock tasar\u0131mlar\u0131 \u00f6zellikle <strong>mid-century modern dekorasyonun en ikonik objelerinden biri<\/strong> olarak kabul edilir. Mekanik yaprakl\u0131 zaman g\u00f6stergesi hem estetik hem de olduk\u00e7a okunabilir bir saat deneyimi sunar.<\/p>\n<p>Bu model, <strong>metal g\u00f6vdesi, \u00e7ift ayakl\u0131 dengeli yap\u0131s\u0131 ve otomatik d\u00f6nen numara mekanizmas\u0131<\/strong> ile hem dekoratif hem de i\u015flevsel bir masa saatidir.<\/p>","protected":false},"excerpt":{"rendered":"<p>\u00dcr\u00fcn \u00d6l\u00e7\u00fcs\u00fc : 17 x 20 x 7 cm Bu retro flip clock masa saati, 1950\u20131970 y\u0131llar\u0131 aras\u0131nda tren istasyonlar\u0131nda, havaalanlar\u0131nda ve ofislerde kullan\u0131lan klasik yaprakl\u0131 saat tasar\u0131mlar\u0131ndan ilham al\u0131narak \u00fcretilmi\u015ftir. Saatin en dikkat \u00e7ekici \u00f6zelli\u011fi dakika de\u011fi\u015fti\u011finde otomatik olarak d\u00f6nen yaprakl\u0131 numara sistemidir. Flip clock tasar\u0131mlar\u0131 \u00f6zellikle mid-century modern dekorasyonun en ikonik objelerinden biri &hellip; <a href=\"https:\/\/casetti.wpevi.com\/en\/retroflip-automatic-masa-saati\/\" class=\"more-link\">Continue reading <span class=\"screen-reader-text\">RetroFlip Automatic Masa Saati<\/span><\/a><\/p>","protected":false},"featured_media":15745,"comment_status":"open","ping_status":"closed","template":"","meta":[],"product_brand":[217],"product_cat":[238,236],"product_tag":[],"class_list":{"0":"post-15113","1":"product","2":"type-product","3":"status-publish","4":"has-post-thumbnail","6":"product_brand-casetti","7":"product_cat-masa-saatleri","8":"product_cat-saatler","11":"instock","12":"taxable","13":"shipping-taxable","14":"purchasable","15":"product-type-simple"},"_links":{"self":[{"href":"https:\/\/casetti.wpevi.com\/en\/wp-json\/wp\/v2\/product\/15113","targetHints":{"allow":["GET"]}}],"collection":[{"href":"https:\/\/casetti.wpevi.com\/en\/wp-json\/wp\/v2\/product"}],"about":[{"href":"https:\/\/casetti.wpevi.com\/en\/wp-json\/wp\/v2\/types\/product"}],"replies":[{"embeddable":true,"href":"https:\/\/casetti.wpevi.com\/en\/wp-json\/wp\/v2\/comments?post=15113"}],"version-history":[{"count":1,"href":"https:\/\/casetti.wpevi.com\/en\/wp-json\/wp\/v2\/product\/15113\/revisions"}],"predecessor-version":[{"id":15117,"href":"https:\/\/casetti.wpevi.com\/en\/wp-json\/wp\/v2\/product\/15113\/revisions\/15117"}],"wp:featuredmedia":[{"embeddable":true,"href":"https:\/\/casetti.wpevi.com\/en\/wp-json\/wp\/v2\/media\/15745"}],"wp:attachment":[{"href":"https:\/\/casetti.wpevi.com\/en\/wp-json\/wp\/v2\/media?parent=15113"}],"wp:term":[{"taxonomy":"product_brand","embeddable":true,"href":"https:\/\/casetti.wpevi.com\/en\/wp-json\/wp\/v2\/product_brand?post=15113"},{"taxonomy":"product_cat","embeddable":true,"href":"https:\/\/casetti.wpevi.com\/en\/wp-json\/wp\/v2\/product_cat?post=15113"},{"taxonomy":"product_tag","embeddable":true,"href":"https:\/\/casetti.wpevi.com\/en\/wp-json\/wp\/v2\/product_tag?post=15113"}],"curies":[{"name":"wp","href":"https:\/\/api.w.org\/{rel}","templated":true}]}}