{"id":15107,"date":"2026-03-11T15:25:03","date_gmt":"2026-03-11T12:25:03","guid":{"rendered":"https:\/\/casetti.wpevi.com\/?post_type=product&#038;p=15107"},"modified":"2026-03-11T15:27:06","modified_gmt":"2026-03-11T12:27:06","slug":"tripod-masa-saati","status":"publish","type":"product","link":"https:\/\/casetti.wpevi.com\/en\/tripod-masa-saati\/","title":{"rendered":"Tripod Masa Saati"},"content":{"rendered":"<p>\u00dcr\u00fcn \u00d6l\u00e7\u00fcs\u00fc : 25 x 25 x 40 cm <\/p>\n<p>This <strong>vintage tripod masa saati<\/strong>, klasik kamera tripodlar\u0131 ve denizcilik navigasyon ekipmanlar\u0131ndan ilham al\u0131narak tasarlanm\u0131\u015ft\u0131r. Metal saat g\u00f6vdesi ve ah\u015fap tripod ayaklar\u0131 sayesinde bulundu\u011fu ortama <strong>end\u00fcstriyel ve vintage bir karakter<\/strong> kazand\u0131r\u0131r.<\/p>\n<p>Tripod yap\u0131l\u0131 cihazlar \u00f6zellikle <strong>19. ve 20. y\u00fczy\u0131l\u0131n ba\u015flar\u0131nda ke\u015fif ekipmanlar\u0131nda, denizcilik navigasyon ara\u00e7lar\u0131nda, teleskoplarda ve ilk kamera tripodlar\u0131nda<\/strong> yayg\u0131n olarak kullan\u0131lm\u0131\u015ft\u0131r. Bu stabil yap\u0131 zamanla <strong>end\u00fcstriyel dekorasyonun en ikonik tasar\u0131m unsurlar\u0131ndan biri<\/strong> haline gelmi\u015ftir.<\/p>\n<p>Ah\u015fap tripod ayaklar\u0131, metal saat mekanizmas\u0131 ve mimari g\u00f6r\u00fcn\u00fcm\u00fc sayesinde bu \u00fcr\u00fcn hem <strong>dekoratif bir obje hem de fonksiyonel bir masa saati<\/strong> olarak kullan\u0131labilir.<\/p>","protected":false},"excerpt":{"rendered":"<p>\u00dcr\u00fcn \u00d6l\u00e7\u00fcs\u00fc : 25 x 25 x 40 cm Bu vintage tripod masa saati, klasik kamera tripodlar\u0131 ve denizcilik navigasyon ekipmanlar\u0131ndan ilham al\u0131narak tasarlanm\u0131\u015ft\u0131r. Metal saat g\u00f6vdesi ve ah\u015fap tripod ayaklar\u0131 sayesinde bulundu\u011fu ortama end\u00fcstriyel ve vintage bir karakter kazand\u0131r\u0131r. Tripod yap\u0131l\u0131 cihazlar \u00f6zellikle 19. ve 20. y\u00fczy\u0131l\u0131n ba\u015flar\u0131nda ke\u015fif ekipmanlar\u0131nda, denizcilik navigasyon ara\u00e7lar\u0131nda, teleskoplarda &hellip; <a href=\"https:\/\/casetti.wpevi.com\/en\/tripod-masa-saati\/\" class=\"more-link\">Continue reading <span class=\"screen-reader-text\">Tripod Masa Saati<\/span><\/a><\/p>","protected":false},"featured_media":15112,"comment_status":"open","ping_status":"closed","template":"","meta":[],"product_brand":[217],"product_cat":[238,236],"product_tag":[],"class_list":{"0":"post-15107","1":"product","2":"type-product","3":"status-publish","4":"has-post-thumbnail","6":"product_brand-casetti","7":"product_cat-masa-saatleri","8":"product_cat-saatler","11":"instock","12":"taxable","13":"shipping-taxable","14":"purchasable","15":"product-type-simple"},"_links":{"self":[{"href":"https:\/\/casetti.wpevi.com\/en\/wp-json\/wp\/v2\/product\/15107","targetHints":{"allow":["GET"]}}],"collection":[{"href":"https:\/\/casetti.wpevi.com\/en\/wp-json\/wp\/v2\/product"}],"about":[{"href":"https:\/\/casetti.wpevi.com\/en\/wp-json\/wp\/v2\/types\/product"}],"replies":[{"embeddable":true,"href":"https:\/\/casetti.wpevi.com\/en\/wp-json\/wp\/v2\/comments?post=15107"}],"version-history":[{"count":1,"href":"https:\/\/casetti.wpevi.com\/en\/wp-json\/wp\/v2\/product\/15107\/revisions"}],"predecessor-version":[{"id":15111,"href":"https:\/\/casetti.wpevi.com\/en\/wp-json\/wp\/v2\/product\/15107\/revisions\/15111"}],"wp:featuredmedia":[{"embeddable":true,"href":"https:\/\/casetti.wpevi.com\/en\/wp-json\/wp\/v2\/media\/15112"}],"wp:attachment":[{"href":"https:\/\/casetti.wpevi.com\/en\/wp-json\/wp\/v2\/media?parent=15107"}],"wp:term":[{"taxonomy":"product_brand","embeddable":true,"href":"https:\/\/casetti.wpevi.com\/en\/wp-json\/wp\/v2\/product_brand?post=15107"},{"taxonomy":"product_cat","embeddable":true,"href":"https:\/\/casetti.wpevi.com\/en\/wp-json\/wp\/v2\/product_cat?post=15107"},{"taxonomy":"product_tag","embeddable":true,"href":"https:\/\/casetti.wpevi.com\/en\/wp-json\/wp\/v2\/product_tag?post=15107"}],"curies":[{"name":"wp","href":"https:\/\/api.w.org\/{rel}","templated":true}]}}