{"id":15084,"date":"2026-03-11T13:01:04","date_gmt":"2026-03-11T10:01:04","guid":{"rendered":"https:\/\/casetti.wpevi.com\/orbit-marble-masa-saati\/"},"modified":"2026-03-11T15:21:05","modified_gmt":"2026-03-11T12:21:05","slug":"orbit-marble-masa-saati","status":"publish","type":"product","link":"https:\/\/casetti.wpevi.com\/en\/orbit-marble-masa-saati\/","title":{"rendered":"Orbit Marble Masa Saati"},"content":{"rendered":"<p>\u00dcr\u00fcn \u00d6l\u00e7\u00fcleri : 20 x 30 x 13 cm<\/p>\n<p>This <strong>modern mermer tabanl\u0131 masa saati<\/strong>, minimalist tasar\u0131m anlay\u0131\u015f\u0131yla \u00fcretilmi\u015f \u015f\u0131k ve dekoratif bir saat modelidir. Metal g\u00f6vdesi, halka formundaki ba\u011flant\u0131 detay\u0131 ve do\u011fal mermer taban\u0131 sayesinde bulundu\u011fu ortama <strong>modern, zarif ve prestijli bir g\u00f6r\u00fcn\u00fcm<\/strong> kazand\u0131r\u0131r.<\/p>\n<p>Mermer tabanl\u0131 masa saatleri \u00f6zellikle <strong>1950\u20131970 y\u0131llar\u0131 aras\u0131ndaki Mid-Century Modern tasar\u0131m ak\u0131m\u0131nda<\/strong> olduk\u00e7a pop\u00fcler hale gelmi\u015ftir. Temiz \u00e7izgiler, geometrik formlar ve do\u011fal malzemeler bu tasar\u0131m\u0131n temel \u00f6zellikleridir. G\u00fcn\u00fcm\u00fczde ise <strong>modern, minimalist ve \u0130skandinav tarz\u0131 dekorasyonlarda<\/strong> s\u0131k\u00e7a tercih edilmektedir.<\/p>\n<p>Saatin metal halkaya ba\u011fl\u0131 gibi g\u00f6r\u00fcnen tasar\u0131m\u0131 <strong>havada as\u0131l\u0131 duruyormu\u015f hissi veren estetik bir g\u00f6r\u00fcn\u00fcm<\/strong> olu\u015fturur ve bulundu\u011fu ortamda dikkat \u00e7ekici bir dekoratif obje haline gelir.<\/p>","protected":false},"excerpt":{"rendered":"<p>\u00dcr\u00fcn \u00d6l\u00e7\u00fcleri : 20 x 30 x 13 cm Bu modern mermer tabanl\u0131 masa saati, minimalist tasar\u0131m anlay\u0131\u015f\u0131yla \u00fcretilmi\u015f \u015f\u0131k ve dekoratif bir saat modelidir. Metal g\u00f6vdesi, halka formundaki ba\u011flant\u0131 detay\u0131 ve do\u011fal mermer taban\u0131 sayesinde bulundu\u011fu ortama modern, zarif ve prestijli bir g\u00f6r\u00fcn\u00fcm kazand\u0131r\u0131r. Mermer tabanl\u0131 masa saatleri \u00f6zellikle 1950\u20131970 y\u0131llar\u0131 aras\u0131ndaki Mid-Century Modern &hellip; <a href=\"https:\/\/casetti.wpevi.com\/en\/orbit-marble-masa-saati\/\" class=\"more-link\">Continue reading <span class=\"screen-reader-text\">Orbit Marble Masa Saati<\/span><\/a><\/p>","protected":false},"featured_media":15099,"comment_status":"open","ping_status":"closed","template":"","meta":[],"product_brand":[217],"product_cat":[238,236],"product_tag":[],"class_list":{"0":"post-15084","1":"product","2":"type-product","3":"status-publish","4":"has-post-thumbnail","6":"product_brand-casetti","7":"product_cat-masa-saatleri","8":"product_cat-saatler","11":"instock","12":"taxable","13":"shipping-taxable","14":"purchasable","15":"product-type-simple"},"_links":{"self":[{"href":"https:\/\/casetti.wpevi.com\/en\/wp-json\/wp\/v2\/product\/15084","targetHints":{"allow":["GET"]}}],"collection":[{"href":"https:\/\/casetti.wpevi.com\/en\/wp-json\/wp\/v2\/product"}],"about":[{"href":"https:\/\/casetti.wpevi.com\/en\/wp-json\/wp\/v2\/types\/product"}],"replies":[{"embeddable":true,"href":"https:\/\/casetti.wpevi.com\/en\/wp-json\/wp\/v2\/comments?post=15084"}],"version-history":[{"count":0,"href":"https:\/\/casetti.wpevi.com\/en\/wp-json\/wp\/v2\/product\/15084\/revisions"}],"wp:featuredmedia":[{"embeddable":true,"href":"https:\/\/casetti.wpevi.com\/en\/wp-json\/wp\/v2\/media\/15099"}],"wp:attachment":[{"href":"https:\/\/casetti.wpevi.com\/en\/wp-json\/wp\/v2\/media?parent=15084"}],"wp:term":[{"taxonomy":"product_brand","embeddable":true,"href":"https:\/\/casetti.wpevi.com\/en\/wp-json\/wp\/v2\/product_brand?post=15084"},{"taxonomy":"product_cat","embeddable":true,"href":"https:\/\/casetti.wpevi.com\/en\/wp-json\/wp\/v2\/product_cat?post=15084"},{"taxonomy":"product_tag","embeddable":true,"href":"https:\/\/casetti.wpevi.com\/en\/wp-json\/wp\/v2\/product_tag?post=15084"}],"curies":[{"name":"wp","href":"https:\/\/api.w.org\/{rel}","templated":true}]}}