{"id":15076,"date":"2026-03-11T12:57:05","date_gmt":"2026-03-11T09:57:05","guid":{"rendered":"https:\/\/casetti.wpevi.com\/?post_type=product&#038;p=15076"},"modified":"2026-03-11T15:22:09","modified_gmt":"2026-03-11T12:22:09","slug":"pirinc-atlas-navigator-masa-saati","status":"publish","type":"product","link":"https:\/\/casetti.wpevi.com\/en\/pirinc-atlas-navigator-masa-saati\/","title":{"rendered":"Pirin\u00e7 Atlas Navigator Masa Saati"},"content":{"rendered":"<p>\u00dcr\u00fcn \u00d6l\u00e7\u00fcleri : 23 x 25 x 18 cm<\/p>\n<p>This <strong>vintage d\u00fcnya k\u00fcresi masa saati<\/strong>, ke\u015fif ve seyahat ruhunu yans\u0131tan zarif bir tasar\u0131ma sahiptir. Antik atlas haritas\u0131 g\u00f6r\u00fcn\u00fcml\u00fc k\u00fcre ve pirin\u00e7 metal stand\u0131 sayesinde bulundu\u011fu ortama <strong>entelekt\u00fcel ve prestijli bir atmosfer<\/strong> kazand\u0131r\u0131r.<\/p>\n<p>Bu tarz k\u00fcreli saatler \u00f6zellikle <strong>20. y\u00fczy\u0131l\u0131n ba\u015flar\u0131nda k\u00fct\u00fcphanelerde, \u00e7al\u0131\u015fma odalar\u0131nda ve y\u00f6netici ofislerinde kullan\u0131lan dekoratif aksesuarlar<\/strong> aras\u0131nda yer al\u0131yordu. Bilgi, ke\u015fif ve d\u00fcnya k\u00fclt\u00fcr\u00fcn\u00fc simgeleyen bu tasar\u0131m g\u00fcn\u00fcm\u00fczde <strong>l\u00fcks ofis dekorasyonu ve vintage i\u00e7 mekan tasar\u0131mlar\u0131nda<\/strong> olduk\u00e7a pop\u00fclerdir.<\/p>\n<p>\u015e\u0131k pirin\u00e7 g\u00f6vdesi, dekoratif d\u00fcnya k\u00fcresi ve klasik saat tasar\u0131m\u0131 sayesinde bu \u00fcr\u00fcn hem <strong>dekoratif bir obje hem de i\u015flevsel bir masa saati<\/strong> olarak kullan\u0131labilir.<\/p>","protected":false},"excerpt":{"rendered":"<p>\u00dcr\u00fcn \u00d6l\u00e7\u00fcleri : 23 x 25 x 18 cm Bu vintage d\u00fcnya k\u00fcresi masa saati, ke\u015fif ve seyahat ruhunu yans\u0131tan zarif bir tasar\u0131ma sahiptir. Antik atlas haritas\u0131 g\u00f6r\u00fcn\u00fcml\u00fc k\u00fcre ve pirin\u00e7 metal stand\u0131 sayesinde bulundu\u011fu ortama entelekt\u00fcel ve prestijli bir atmosfer kazand\u0131r\u0131r. Bu tarz k\u00fcreli saatler \u00f6zellikle 20. y\u00fczy\u0131l\u0131n ba\u015flar\u0131nda k\u00fct\u00fcphanelerde, \u00e7al\u0131\u015fma odalar\u0131nda ve y\u00f6netici &hellip; <a href=\"https:\/\/casetti.wpevi.com\/en\/pirinc-atlas-navigator-masa-saati\/\" class=\"more-link\">Continue reading <span class=\"screen-reader-text\">Pirin\u00e7 Atlas Navigator Masa Saati<\/span><\/a><\/p>","protected":false},"featured_media":15105,"comment_status":"open","ping_status":"closed","template":"","meta":[],"product_brand":[217],"product_cat":[238,236],"product_tag":[],"class_list":{"0":"post-15076","1":"product","2":"type-product","3":"status-publish","4":"has-post-thumbnail","6":"product_brand-casetti","7":"product_cat-masa-saatleri","8":"product_cat-saatler","11":"instock","12":"taxable","13":"shipping-taxable","14":"purchasable","15":"product-type-simple"},"_links":{"self":[{"href":"https:\/\/casetti.wpevi.com\/en\/wp-json\/wp\/v2\/product\/15076","targetHints":{"allow":["GET"]}}],"collection":[{"href":"https:\/\/casetti.wpevi.com\/en\/wp-json\/wp\/v2\/product"}],"about":[{"href":"https:\/\/casetti.wpevi.com\/en\/wp-json\/wp\/v2\/types\/product"}],"replies":[{"embeddable":true,"href":"https:\/\/casetti.wpevi.com\/en\/wp-json\/wp\/v2\/comments?post=15076"}],"version-history":[{"count":2,"href":"https:\/\/casetti.wpevi.com\/en\/wp-json\/wp\/v2\/product\/15076\/revisions"}],"predecessor-version":[{"id":15089,"href":"https:\/\/casetti.wpevi.com\/en\/wp-json\/wp\/v2\/product\/15076\/revisions\/15089"}],"wp:featuredmedia":[{"embeddable":true,"href":"https:\/\/casetti.wpevi.com\/en\/wp-json\/wp\/v2\/media\/15105"}],"wp:attachment":[{"href":"https:\/\/casetti.wpevi.com\/en\/wp-json\/wp\/v2\/media?parent=15076"}],"wp:term":[{"taxonomy":"product_brand","embeddable":true,"href":"https:\/\/casetti.wpevi.com\/en\/wp-json\/wp\/v2\/product_brand?post=15076"},{"taxonomy":"product_cat","embeddable":true,"href":"https:\/\/casetti.wpevi.com\/en\/wp-json\/wp\/v2\/product_cat?post=15076"},{"taxonomy":"product_tag","embeddable":true,"href":"https:\/\/casetti.wpevi.com\/en\/wp-json\/wp\/v2\/product_tag?post=15076"}],"curies":[{"name":"wp","href":"https:\/\/api.w.org\/{rel}","templated":true}]}}