{"id":15069,"date":"2026-03-11T12:42:05","date_gmt":"2026-03-11T09:42:05","guid":{"rendered":"https:\/\/casetti.wpevi.com\/?post_type=product&#038;p=15069"},"modified":"2026-03-11T12:47:13","modified_gmt":"2026-03-11T09:47:13","slug":"imperial-masa-saati","status":"publish","type":"product","link":"https:\/\/casetti.wpevi.com\/en\/imperial-masa-saati\/","title":{"rendered":"Imperial Masa Saati"},"content":{"rendered":"<p>\u00dcr\u00fcn \u00d6l\u00e7\u00fcs\u00fc : 17 x 22 x 9 cm <\/p>\n<p>This <strong>klasik s\u00fctun tasar\u0131ml\u0131 vintage masa saati<\/strong>, Avrupa tarz\u0131 geleneksel mantel saatlerinden ilham alarak tasarlanm\u0131\u015ft\u0131r. Burgu \u015feklindeki dekoratif s\u00fctunlar\u0131 ve pirin\u00e7 g\u00f6r\u00fcn\u00fcml\u00fc metal g\u00f6vdesi sayesinde bulundu\u011fu ortama <strong>l\u00fcks ve klasik bir atmosfer<\/strong> kazand\u0131r\u0131r.<\/p>\n<p>Mantel saatleri \u00f6zellikle <strong>18. ve 19. y\u00fczy\u0131l Avrupa evlerinde \u015f\u00f6mine \u00fcstlerinde, k\u00fct\u00fcphanelerde ve \u00e7al\u0131\u015fma odalar\u0131nda<\/strong> kullan\u0131lan prestijli dekoratif saatlerdir. G\u00fcn\u00fcm\u00fczde ise vintage ve klasik dekorasyon trendlerinin en dikkat \u00e7ekici aksesuarlar\u0131ndan biridir.<\/p>\n<p>Zarif mimari formu ve \u015f\u0131k metalik y\u00fczeyi sayesinde bu saat hem <strong>i\u015flevsel bir zaman g\u00f6stergesi hem de g\u00fc\u00e7l\u00fc bir dekoratif obje<\/strong> olarak \u00f6ne \u00e7\u0131kar.<\/p>","protected":false},"excerpt":{"rendered":"<p>\u00dcr\u00fcn \u00d6l\u00e7\u00fcs\u00fc : 17 x 22 x 9 cm Bu klasik s\u00fctun tasar\u0131ml\u0131 vintage masa saati, Avrupa tarz\u0131 geleneksel mantel saatlerinden ilham alarak tasarlanm\u0131\u015ft\u0131r. Burgu \u015feklindeki dekoratif s\u00fctunlar\u0131 ve pirin\u00e7 g\u00f6r\u00fcn\u00fcml\u00fc metal g\u00f6vdesi sayesinde bulundu\u011fu ortama l\u00fcks ve klasik bir atmosfer kazand\u0131r\u0131r. Mantel saatleri \u00f6zellikle 18. ve 19. y\u00fczy\u0131l Avrupa evlerinde \u015f\u00f6mine \u00fcstlerinde, k\u00fct\u00fcphanelerde ve &hellip; <a href=\"https:\/\/casetti.wpevi.com\/en\/imperial-masa-saati\/\" class=\"more-link\">Continue reading <span class=\"screen-reader-text\">Imperial Masa Saati<\/span><\/a><\/p>","protected":false},"featured_media":15074,"comment_status":"open","ping_status":"closed","template":"","meta":[],"product_brand":[217],"product_cat":[238,236],"product_tag":[],"class_list":{"0":"post-15069","1":"product","2":"type-product","3":"status-publish","4":"has-post-thumbnail","6":"product_brand-casetti","7":"product_cat-masa-saatleri","8":"product_cat-saatler","11":"instock","12":"taxable","13":"shipping-taxable","14":"purchasable","15":"product-type-simple"},"_links":{"self":[{"href":"https:\/\/casetti.wpevi.com\/en\/wp-json\/wp\/v2\/product\/15069","targetHints":{"allow":["GET"]}}],"collection":[{"href":"https:\/\/casetti.wpevi.com\/en\/wp-json\/wp\/v2\/product"}],"about":[{"href":"https:\/\/casetti.wpevi.com\/en\/wp-json\/wp\/v2\/types\/product"}],"replies":[{"embeddable":true,"href":"https:\/\/casetti.wpevi.com\/en\/wp-json\/wp\/v2\/comments?post=15069"}],"version-history":[{"count":1,"href":"https:\/\/casetti.wpevi.com\/en\/wp-json\/wp\/v2\/product\/15069\/revisions"}],"predecessor-version":[{"id":15071,"href":"https:\/\/casetti.wpevi.com\/en\/wp-json\/wp\/v2\/product\/15069\/revisions\/15071"}],"wp:featuredmedia":[{"embeddable":true,"href":"https:\/\/casetti.wpevi.com\/en\/wp-json\/wp\/v2\/media\/15074"}],"wp:attachment":[{"href":"https:\/\/casetti.wpevi.com\/en\/wp-json\/wp\/v2\/media?parent=15069"}],"wp:term":[{"taxonomy":"product_brand","embeddable":true,"href":"https:\/\/casetti.wpevi.com\/en\/wp-json\/wp\/v2\/product_brand?post=15069"},{"taxonomy":"product_cat","embeddable":true,"href":"https:\/\/casetti.wpevi.com\/en\/wp-json\/wp\/v2\/product_cat?post=15069"},{"taxonomy":"product_tag","embeddable":true,"href":"https:\/\/casetti.wpevi.com\/en\/wp-json\/wp\/v2\/product_tag?post=15069"}],"curies":[{"name":"wp","href":"https:\/\/api.w.org\/{rel}","templated":true}]}}