{"id":15061,"date":"2026-03-11T12:25:05","date_gmt":"2026-03-11T09:25:05","guid":{"rendered":"https:\/\/casetti.wpevi.com\/london-style-masa-saati\/"},"modified":"2026-03-12T19:48:10","modified_gmt":"2026-03-12T16:48:10","slug":"london-style-masa-saati","status":"publish","type":"product","link":"https:\/\/casetti.wpevi.com\/en\/london-style-masa-saati\/","title":{"rendered":"London Style Masa Saati"},"content":{"rendered":"<p>\u00dcr\u00fcn \u00d6l\u00e7\u00fcleri : 10 x 15 x 5 cm <\/p>\n<p>This <strong>London tarz\u0131 vintage masa saati<\/strong>, klasik \u0130ngiliz dekorasyonundan ilham alan zarif bir tasar\u0131ma sahiptir. Metal g\u00f6vdesi, siyah kadran\u0131 ve Roma rakaml\u0131 saat tasar\u0131m\u0131 sayesinde bulundu\u011fu ortama <strong>nostaljik ve prestijli bir atmosfer<\/strong> kazand\u0131r\u0131r.<\/p>\n<p>Bu tarz saatler \u00f6zellikle <strong>20. y\u00fczy\u0131l\u0131n ba\u015flar\u0131nda Londra evlerinde, k\u00fct\u00fcphanelerde ve ofislerde kullan\u0131lan klasik mantel saatlerinden<\/strong> esinlenmi\u015ftir. G\u00fcn\u00fcm\u00fczde ise <strong>retro, vintage ve klasik dekorasyon trendlerinde<\/strong> olduk\u00e7a pop\u00fclerdir.<\/p>\n<p>\u015e\u0131k metal g\u00f6vdesi ve kontrast olu\u015fturan siyah kadran\u0131 sayesinde bu saat hem <strong>dekoratif hem de i\u015flevsel bir masa aksesuar\u0131d\u0131r<\/strong>.<\/p>\n<p><\/p>","protected":false},"excerpt":{"rendered":"<p>\u00dcr\u00fcn \u00d6l\u00e7\u00fcleri : 10 x 15 x 5 cm Bu London tarz\u0131 vintage masa saati, klasik \u0130ngiliz dekorasyonundan ilham alan zarif bir tasar\u0131ma sahiptir. Metal g\u00f6vdesi, siyah kadran\u0131 ve Roma rakaml\u0131 saat tasar\u0131m\u0131 sayesinde bulundu\u011fu ortama nostaljik ve prestijli bir atmosfer kazand\u0131r\u0131r. Bu tarz saatler \u00f6zellikle 20. y\u00fczy\u0131l\u0131n ba\u015flar\u0131nda Londra evlerinde, k\u00fct\u00fcphanelerde ve ofislerde kullan\u0131lan &hellip; <a href=\"https:\/\/casetti.wpevi.com\/en\/london-style-masa-saati\/\" class=\"more-link\">Continue reading <span class=\"screen-reader-text\">London Style Masa Saati<\/span><\/a><\/p>","protected":false},"featured_media":15695,"comment_status":"open","ping_status":"closed","template":"","meta":[],"product_brand":[217],"product_cat":[238,236],"product_tag":[],"class_list":{"0":"post-15061","1":"product","2":"type-product","3":"status-publish","4":"has-post-thumbnail","6":"product_brand-casetti","7":"product_cat-masa-saatleri","8":"product_cat-saatler","11":"instock","12":"taxable","13":"shipping-taxable","14":"purchasable","15":"product-type-simple"},"_links":{"self":[{"href":"https:\/\/casetti.wpevi.com\/en\/wp-json\/wp\/v2\/product\/15061","targetHints":{"allow":["GET"]}}],"collection":[{"href":"https:\/\/casetti.wpevi.com\/en\/wp-json\/wp\/v2\/product"}],"about":[{"href":"https:\/\/casetti.wpevi.com\/en\/wp-json\/wp\/v2\/types\/product"}],"replies":[{"embeddable":true,"href":"https:\/\/casetti.wpevi.com\/en\/wp-json\/wp\/v2\/comments?post=15061"}],"version-history":[{"count":0,"href":"https:\/\/casetti.wpevi.com\/en\/wp-json\/wp\/v2\/product\/15061\/revisions"}],"wp:featuredmedia":[{"embeddable":true,"href":"https:\/\/casetti.wpevi.com\/en\/wp-json\/wp\/v2\/media\/15695"}],"wp:attachment":[{"href":"https:\/\/casetti.wpevi.com\/en\/wp-json\/wp\/v2\/media?parent=15061"}],"wp:term":[{"taxonomy":"product_brand","embeddable":true,"href":"https:\/\/casetti.wpevi.com\/en\/wp-json\/wp\/v2\/product_brand?post=15061"},{"taxonomy":"product_cat","embeddable":true,"href":"https:\/\/casetti.wpevi.com\/en\/wp-json\/wp\/v2\/product_cat?post=15061"},{"taxonomy":"product_tag","embeddable":true,"href":"https:\/\/casetti.wpevi.com\/en\/wp-json\/wp\/v2\/product_tag?post=15061"}],"curies":[{"name":"wp","href":"https:\/\/api.w.org\/{rel}","templated":true}]}}