{"id":15056,"date":"2026-03-11T12:10:05","date_gmt":"2026-03-11T09:10:05","guid":{"rendered":"https:\/\/casetti.wpevi.com\/regal-station-masa-saati\/"},"modified":"2026-03-12T20:02:12","modified_gmt":"2026-03-12T17:02:12","slug":"regal-station-pirinc-masa-saati","status":"publish","type":"product","link":"https:\/\/casetti.wpevi.com\/en\/regal-station-pirinc-masa-saati\/","title":{"rendered":"Regal Station Pirin\u00e7 Masa Saati"},"content":{"rendered":"<p>\u00dcr\u00fcn \u00d6l\u00e7\u00fcleri : 17 x 25 x 10 cm <\/p>\n<p>This <strong>vintage pirin\u00e7 ask\u0131l\u0131 masa saati<\/strong>, klasik tren istasyonu saatlerinden ilham al\u0131narak tasarlanm\u0131\u015ft\u0131r. Ask\u0131l\u0131 yuvarlak saat formu ve zarif kavisli stand\u0131 sayesinde hem <strong>nostaljik hem de \u015f\u0131k bir masa dekoru<\/strong> olu\u015fturur.<\/p>\n<p>Bu tarz saatler \u00f6zellikle <strong>19. ve 20. y\u00fczy\u0131l Avrupa tren istasyonlar\u0131nda kullan\u0131lan klasik istasyon saatlerinden<\/strong> esinlenmi\u015ftir. G\u00fcn\u00fcm\u00fczde ise <strong>retro, klasik ve vintage dekorasyon trendlerinde<\/strong> en \u00e7ok tercih edilen masa aksesuarlar\u0131ndan biridir.<\/p>\n<p>Parlak pirin\u00e7 g\u00f6vdesi ve Roma rakaml\u0131 kadran\u0131 sayesinde bu saat bulundu\u011fu ortama <strong>zarif, klasik ve prestijli bir atmosfer<\/strong> kazand\u0131r\u0131r.<\/p>","protected":false},"excerpt":{"rendered":"<p>\u00dcr\u00fcn \u00d6l\u00e7\u00fcleri : 17 x 25 x 10 cm Bu vintage pirin\u00e7 ask\u0131l\u0131 masa saati, klasik tren istasyonu saatlerinden ilham al\u0131narak tasarlanm\u0131\u015ft\u0131r. Ask\u0131l\u0131 yuvarlak saat formu ve zarif kavisli stand\u0131 sayesinde hem nostaljik hem de \u015f\u0131k bir masa dekoru olu\u015fturur. Bu tarz saatler \u00f6zellikle 19. ve 20. y\u00fczy\u0131l Avrupa tren istasyonlar\u0131nda kullan\u0131lan klasik istasyon saatlerinden &hellip; <a href=\"https:\/\/casetti.wpevi.com\/en\/regal-station-pirinc-masa-saati\/\" class=\"more-link\">Continue reading <span class=\"screen-reader-text\">Regal Station Pirin\u00e7 Masa Saati<\/span><\/a><\/p>","protected":false},"featured_media":15755,"comment_status":"open","ping_status":"closed","template":"","meta":[],"product_brand":[217],"product_cat":[238,236],"product_tag":[],"class_list":{"0":"post-15056","1":"product","2":"type-product","3":"status-publish","4":"has-post-thumbnail","6":"product_brand-casetti","7":"product_cat-masa-saatleri","8":"product_cat-saatler","11":"instock","12":"taxable","13":"shipping-taxable","14":"purchasable","15":"product-type-simple"},"_links":{"self":[{"href":"https:\/\/casetti.wpevi.com\/en\/wp-json\/wp\/v2\/product\/15056","targetHints":{"allow":["GET"]}}],"collection":[{"href":"https:\/\/casetti.wpevi.com\/en\/wp-json\/wp\/v2\/product"}],"about":[{"href":"https:\/\/casetti.wpevi.com\/en\/wp-json\/wp\/v2\/types\/product"}],"replies":[{"embeddable":true,"href":"https:\/\/casetti.wpevi.com\/en\/wp-json\/wp\/v2\/comments?post=15056"}],"version-history":[{"count":1,"href":"https:\/\/casetti.wpevi.com\/en\/wp-json\/wp\/v2\/product\/15056\/revisions"}],"predecessor-version":[{"id":15752,"href":"https:\/\/casetti.wpevi.com\/en\/wp-json\/wp\/v2\/product\/15056\/revisions\/15752"}],"wp:featuredmedia":[{"embeddable":true,"href":"https:\/\/casetti.wpevi.com\/en\/wp-json\/wp\/v2\/media\/15755"}],"wp:attachment":[{"href":"https:\/\/casetti.wpevi.com\/en\/wp-json\/wp\/v2\/media?parent=15056"}],"wp:term":[{"taxonomy":"product_brand","embeddable":true,"href":"https:\/\/casetti.wpevi.com\/en\/wp-json\/wp\/v2\/product_brand?post=15056"},{"taxonomy":"product_cat","embeddable":true,"href":"https:\/\/casetti.wpevi.com\/en\/wp-json\/wp\/v2\/product_cat?post=15056"},{"taxonomy":"product_tag","embeddable":true,"href":"https:\/\/casetti.wpevi.com\/en\/wp-json\/wp\/v2\/product_tag?post=15056"}],"curies":[{"name":"wp","href":"https:\/\/api.w.org\/{rel}","templated":true}]}}