{"id":15046,"date":"2026-03-11T12:07:05","date_gmt":"2026-03-11T09:07:05","guid":{"rendered":"https:\/\/casetti.wpevi.com\/?post_type=product&#038;p=15046"},"modified":"2026-03-12T19:56:12","modified_gmt":"2026-03-12T16:56:12","slug":"heritage-station-masa-saati","status":"publish","type":"product","link":"https:\/\/casetti.wpevi.com\/en\/heritage-station-masa-saati\/","title":{"rendered":"Heritage Station Masa Saati"},"content":{"rendered":"<p>\u00dcr\u00fcn \u00d6l\u00e7\u00fcleri : 16 x 26 x 12 cm<\/p>\n<p>This <strong>vintage ask\u0131l\u0131 masa saati<\/strong>, klasik tren istasyonu saatlerinden ilham al\u0131narak tasarlanm\u0131\u015ft\u0131r. Parlak pirin\u00e7 g\u00f6r\u00fcn\u00fcml\u00fc g\u00f6vdesi ve ask\u0131l\u0131 yuvarlak saat tasar\u0131m\u0131 sayesinde hem <strong>retro hem de klasik dekorasyonlara uyum sa\u011flayan \u015f\u0131k bir masa aksesuar\u0131d\u0131r<\/strong>. <\/p>\n<p>19. ve 20. y\u00fczy\u0131l tren istasyonlar\u0131nda kullan\u0131lan saatlerden ilham alan bu tasar\u0131m, bulundu\u011fu ortama <strong>nostaljik ve zarif bir atmosfer<\/strong> kazand\u0131r\u0131r. Kavisli stand\u0131 ve Roma rakaml\u0131 saat kadran\u0131 sayesinde hem dekoratif hem de i\u015flevsel bir \u00fcr\u00fcnd\u00fcr.<\/p>","protected":false},"excerpt":{"rendered":"<p>\u00dcr\u00fcn \u00d6l\u00e7\u00fcleri : 16 x 26 x 12 cm Bu vintage ask\u0131l\u0131 masa saati, klasik tren istasyonu saatlerinden ilham al\u0131narak tasarlanm\u0131\u015ft\u0131r. Parlak pirin\u00e7 g\u00f6r\u00fcn\u00fcml\u00fc g\u00f6vdesi ve ask\u0131l\u0131 yuvarlak saat tasar\u0131m\u0131 sayesinde hem retro hem de klasik dekorasyonlara uyum sa\u011flayan \u015f\u0131k bir masa aksesuar\u0131d\u0131r. 19. ve 20. y\u00fczy\u0131l tren istasyonlar\u0131nda kullan\u0131lan saatlerden ilham alan bu tasar\u0131m, &hellip; <a href=\"https:\/\/casetti.wpevi.com\/en\/heritage-station-masa-saati\/\" class=\"more-link\">Continue reading <span class=\"screen-reader-text\">Heritage Station Masa Saati<\/span><\/a><\/p>","protected":false},"featured_media":15721,"comment_status":"open","ping_status":"closed","template":"","meta":[],"product_brand":[217],"product_cat":[238,236],"product_tag":[],"class_list":{"0":"post-15046","1":"product","2":"type-product","3":"status-publish","4":"has-post-thumbnail","6":"product_brand-casetti","7":"product_cat-masa-saatleri","8":"product_cat-saatler","11":"instock","12":"taxable","13":"shipping-taxable","14":"purchasable","15":"product-type-simple"},"_links":{"self":[{"href":"https:\/\/casetti.wpevi.com\/en\/wp-json\/wp\/v2\/product\/15046","targetHints":{"allow":["GET"]}}],"collection":[{"href":"https:\/\/casetti.wpevi.com\/en\/wp-json\/wp\/v2\/product"}],"about":[{"href":"https:\/\/casetti.wpevi.com\/en\/wp-json\/wp\/v2\/types\/product"}],"replies":[{"embeddable":true,"href":"https:\/\/casetti.wpevi.com\/en\/wp-json\/wp\/v2\/comments?post=15046"}],"version-history":[{"count":1,"href":"https:\/\/casetti.wpevi.com\/en\/wp-json\/wp\/v2\/product\/15046\/revisions"}],"predecessor-version":[{"id":15051,"href":"https:\/\/casetti.wpevi.com\/en\/wp-json\/wp\/v2\/product\/15046\/revisions\/15051"}],"wp:featuredmedia":[{"embeddable":true,"href":"https:\/\/casetti.wpevi.com\/en\/wp-json\/wp\/v2\/media\/15721"}],"wp:attachment":[{"href":"https:\/\/casetti.wpevi.com\/en\/wp-json\/wp\/v2\/media?parent=15046"}],"wp:term":[{"taxonomy":"product_brand","embeddable":true,"href":"https:\/\/casetti.wpevi.com\/en\/wp-json\/wp\/v2\/product_brand?post=15046"},{"taxonomy":"product_cat","embeddable":true,"href":"https:\/\/casetti.wpevi.com\/en\/wp-json\/wp\/v2\/product_cat?post=15046"},{"taxonomy":"product_tag","embeddable":true,"href":"https:\/\/casetti.wpevi.com\/en\/wp-json\/wp\/v2\/product_tag?post=15046"}],"curies":[{"name":"wp","href":"https:\/\/api.w.org\/{rel}","templated":true}]}}