{"id":15038,"date":"2026-03-11T12:02:05","date_gmt":"2026-03-11T09:02:05","guid":{"rendered":"https:\/\/casetti.wpevi.com\/funny-bear-kitap-tutucu\/"},"modified":"2026-03-11T12:03:18","modified_gmt":"2026-03-11T09:03:18","slug":"funny-bear-kitap-tutucu","status":"publish","type":"product","link":"https:\/\/casetti.wpevi.com\/en\/funny-bear-kitap-tutucu\/","title":{"rendered":"Funny Bear Kitap Tutucu"},"content":{"rendered":"<p>\u00dcr\u00fcn \u00d6l\u00e7\u00fcs\u00fc : 16 x 29 cm<\/p>\n<p>This <strong>minimalist ay\u0131c\u0131k fig\u00fcrl\u00fc dekoratif kitap tutucu<\/strong>, raflar\u0131n\u0131za s\u0131cak ve sevimli bir atmosfer kazand\u0131rmak i\u00e7in tasarlanm\u0131\u015ft\u0131r. K\u00fc\u00e7\u00fck ceketli ay\u0131c\u0131k fig\u00fcrleri sayesinde hem <strong>\u00e7ocuk odas\u0131 hem de modern ev dekorasyonlar\u0131 i\u00e7in \u015f\u0131k ve e\u011flenceli bir tasar\u0131m<\/strong> sunar.<\/p>\n<p>Ay\u0131 fig\u00fcr\u00fc dekorasyonda s\u0131kl\u0131kla <strong>koruma, s\u0131cakl\u0131k, dostluk ve \u00e7ocukluk mutlulu\u011fu<\/strong> sembol\u00fc olarak g\u00f6r\u00fcl\u00fcr. Bu nedenle bu \u00fcr\u00fcn yaln\u0131zca bir kitap tutucu de\u011fil, ayn\u0131 zamanda ortama <strong>sevimli ve huzurlu bir dekoratif karakter<\/strong> kazand\u0131ran bir objedir.<\/p>","protected":false},"excerpt":{"rendered":"<p>\u00dcr\u00fcn \u00d6l\u00e7\u00fcs\u00fc : 16 x 29 cm Bu minimalist ay\u0131c\u0131k fig\u00fcrl\u00fc dekoratif kitap tutucu, raflar\u0131n\u0131za s\u0131cak ve sevimli bir atmosfer kazand\u0131rmak i\u00e7in tasarlanm\u0131\u015ft\u0131r. K\u00fc\u00e7\u00fck ceketli ay\u0131c\u0131k fig\u00fcrleri sayesinde hem \u00e7ocuk odas\u0131 hem de modern ev dekorasyonlar\u0131 i\u00e7in \u015f\u0131k ve e\u011flenceli bir tasar\u0131m sunar. Ay\u0131 fig\u00fcr\u00fc dekorasyonda s\u0131kl\u0131kla koruma, s\u0131cakl\u0131k, dostluk ve \u00e7ocukluk mutlulu\u011fu sembol\u00fc olarak &hellip; <a href=\"https:\/\/casetti.wpevi.com\/en\/funny-bear-kitap-tutucu\/\" class=\"more-link\">Continue reading <span class=\"screen-reader-text\">Funny Bear Kitap Tutucu<\/span><\/a><\/p>","protected":false},"featured_media":15044,"comment_status":"open","ping_status":"closed","template":"","meta":[],"product_brand":[217],"product_cat":[171],"product_tag":[],"class_list":{"0":"post-15038","1":"product","2":"type-product","3":"status-publish","4":"has-post-thumbnail","6":"product_brand-casetti","7":"product_cat-dekoratif-objeler","10":"instock","11":"taxable","12":"shipping-taxable","13":"purchasable","14":"product-type-simple"},"_links":{"self":[{"href":"https:\/\/casetti.wpevi.com\/en\/wp-json\/wp\/v2\/product\/15038","targetHints":{"allow":["GET"]}}],"collection":[{"href":"https:\/\/casetti.wpevi.com\/en\/wp-json\/wp\/v2\/product"}],"about":[{"href":"https:\/\/casetti.wpevi.com\/en\/wp-json\/wp\/v2\/types\/product"}],"replies":[{"embeddable":true,"href":"https:\/\/casetti.wpevi.com\/en\/wp-json\/wp\/v2\/comments?post=15038"}],"version-history":[{"count":1,"href":"https:\/\/casetti.wpevi.com\/en\/wp-json\/wp\/v2\/product\/15038\/revisions"}],"predecessor-version":[{"id":15039,"href":"https:\/\/casetti.wpevi.com\/en\/wp-json\/wp\/v2\/product\/15038\/revisions\/15039"}],"wp:featuredmedia":[{"embeddable":true,"href":"https:\/\/casetti.wpevi.com\/en\/wp-json\/wp\/v2\/media\/15044"}],"wp:attachment":[{"href":"https:\/\/casetti.wpevi.com\/en\/wp-json\/wp\/v2\/media?parent=15038"}],"wp:term":[{"taxonomy":"product_brand","embeddable":true,"href":"https:\/\/casetti.wpevi.com\/en\/wp-json\/wp\/v2\/product_brand?post=15038"},{"taxonomy":"product_cat","embeddable":true,"href":"https:\/\/casetti.wpevi.com\/en\/wp-json\/wp\/v2\/product_cat?post=15038"},{"taxonomy":"product_tag","embeddable":true,"href":"https:\/\/casetti.wpevi.com\/en\/wp-json\/wp\/v2\/product_tag?post=15038"}],"curies":[{"name":"wp","href":"https:\/\/api.w.org\/{rel}","templated":true}]}}