{"id":15024,"date":"2026-03-11T11:56:08","date_gmt":"2026-03-11T08:56:08","guid":{"rendered":"https:\/\/casetti.wpevi.com\/sweet-teddy-kitap-tutucu\/"},"modified":"2026-03-11T11:56:24","modified_gmt":"2026-03-11T08:56:24","slug":"sweet-teddy-kitap-tutucu","status":"publish","type":"product","link":"https:\/\/casetti.wpevi.com\/en\/sweet-teddy-kitap-tutucu\/","title":{"rendered":"Sweet Teddy Kitap Tutucu"},"content":{"rendered":"<p>\u00dcr\u00fcn \u00d6l\u00e7\u00fcs\u00fc : 15.5 x 22 cm<\/p>\n<p>This <strong>pembe ay\u0131c\u0131k fig\u00fcrl\u00fc dekoratif kitap tutucu<\/strong>, raflar\u0131n\u0131za sevimli ve s\u0131cak bir atmosfer kazand\u0131rmak i\u00e7in tasarlanm\u0131\u015ft\u0131r. Pastel tonlardaki ay\u0131c\u0131k fig\u00fcrleri sayesinde hem <strong>\u00e7ocuk odas\u0131 hem de bebek odas\u0131 dekorasyonlar\u0131 i\u00e7in m\u00fckemmel bir tasar\u0131m<\/strong> sunar.<\/p>\n<p>Ay\u0131 fig\u00fcr\u00fc dekorasyonda genellikle <strong>sevgi, koruma, s\u0131cakl\u0131k ve \u00e7ocukluk mutlulu\u011fu<\/strong> sembol\u00fc olarak g\u00f6r\u00fcl\u00fcr. Bu nedenle bu \u00fcr\u00fcn yaln\u0131zca bir kitap tutucu de\u011fil, ayn\u0131 zamanda ortam\u0131n\u0131za <strong>\u015firin ve huzurlu bir dekoratif dokunu\u015f<\/strong> kazand\u0131r\u0131r.<\/p>","protected":false},"excerpt":{"rendered":"<p>\u00dcr\u00fcn \u00d6l\u00e7\u00fcs\u00fc : 15.5 x 22 cm Bu pembe ay\u0131c\u0131k fig\u00fcrl\u00fc dekoratif kitap tutucu, raflar\u0131n\u0131za sevimli ve s\u0131cak bir atmosfer kazand\u0131rmak i\u00e7in tasarlanm\u0131\u015ft\u0131r. Pastel tonlardaki ay\u0131c\u0131k fig\u00fcrleri sayesinde hem \u00e7ocuk odas\u0131 hem de bebek odas\u0131 dekorasyonlar\u0131 i\u00e7in m\u00fckemmel bir tasar\u0131m sunar. Ay\u0131 fig\u00fcr\u00fc dekorasyonda genellikle sevgi, koruma, s\u0131cakl\u0131k ve \u00e7ocukluk mutlulu\u011fu sembol\u00fc olarak g\u00f6r\u00fcl\u00fcr. Bu &hellip; <a href=\"https:\/\/casetti.wpevi.com\/en\/sweet-teddy-kitap-tutucu\/\" class=\"more-link\">Continue reading <span class=\"screen-reader-text\">Sweet Teddy Kitap Tutucu<\/span><\/a><\/p>","protected":false},"featured_media":15029,"comment_status":"open","ping_status":"closed","template":"","meta":[],"product_brand":[217],"product_cat":[171],"product_tag":[],"class_list":{"0":"post-15024","1":"product","2":"type-product","3":"status-publish","4":"has-post-thumbnail","6":"product_brand-casetti","7":"product_cat-dekoratif-objeler","10":"instock","11":"taxable","12":"shipping-taxable","13":"purchasable","14":"product-type-simple"},"_links":{"self":[{"href":"https:\/\/casetti.wpevi.com\/en\/wp-json\/wp\/v2\/product\/15024","targetHints":{"allow":["GET"]}}],"collection":[{"href":"https:\/\/casetti.wpevi.com\/en\/wp-json\/wp\/v2\/product"}],"about":[{"href":"https:\/\/casetti.wpevi.com\/en\/wp-json\/wp\/v2\/types\/product"}],"replies":[{"embeddable":true,"href":"https:\/\/casetti.wpevi.com\/en\/wp-json\/wp\/v2\/comments?post=15024"}],"version-history":[{"count":0,"href":"https:\/\/casetti.wpevi.com\/en\/wp-json\/wp\/v2\/product\/15024\/revisions"}],"wp:featuredmedia":[{"embeddable":true,"href":"https:\/\/casetti.wpevi.com\/en\/wp-json\/wp\/v2\/media\/15029"}],"wp:attachment":[{"href":"https:\/\/casetti.wpevi.com\/en\/wp-json\/wp\/v2\/media?parent=15024"}],"wp:term":[{"taxonomy":"product_brand","embeddable":true,"href":"https:\/\/casetti.wpevi.com\/en\/wp-json\/wp\/v2\/product_brand?post=15024"},{"taxonomy":"product_cat","embeddable":true,"href":"https:\/\/casetti.wpevi.com\/en\/wp-json\/wp\/v2\/product_cat?post=15024"},{"taxonomy":"product_tag","embeddable":true,"href":"https:\/\/casetti.wpevi.com\/en\/wp-json\/wp\/v2\/product_tag?post=15024"}],"curies":[{"name":"wp","href":"https:\/\/api.w.org\/{rel}","templated":true}]}}