{"id":15008,"date":"2026-03-11T11:38:04","date_gmt":"2026-03-11T08:38:04","guid":{"rendered":"https:\/\/casetti.wpevi.com\/?post_type=product&#038;p=15008"},"modified":"2026-03-12T21:06:14","modified_gmt":"2026-03-12T18:06:14","slug":"happy-hug-kitap-tutucu","status":"publish","type":"product","link":"https:\/\/casetti.wpevi.com\/en\/happy-hug-kitap-tutucu\/","title":{"rendered":"Happy Hug Book Holder"},"content":{"rendered":"<p>\u00dcr\u00fcn \u00d6l\u00e7\u00fcs\u00fc&nbsp; : 16 x 22 cm<\/p>\n<p>This <strong>sevimli kedi fig\u00fcrl\u00fc dekoratif kitap tutucu<\/strong>, raflar\u0131n\u0131za e\u011flenceli ve s\u0131cak bir karakter kazand\u0131rmak i\u00e7in tasarlanm\u0131\u015ft\u0131r. Kitaplar\u0131 sar\u0131l\u0131yormu\u015f gibi tutan g\u00fcl\u00fcmseyen kedi fig\u00fcrleri sayesinde hem <strong>\u00e7ocuk odalar\u0131 hem de modern ev dekorasyonlar\u0131 i\u00e7in ideal bir tasar\u0131m<\/strong> sunar.<\/p>\n<p>Kedi fig\u00fcr\u00fc dekorasyonda s\u0131kl\u0131kla <strong>mutluluk, rahatl\u0131k, merak ve arkada\u015fl\u0131k<\/strong> sembol\u00fc olarak g\u00f6r\u00fcl\u00fcr. Bu nedenle bu \u00fcr\u00fcn sadece bir kitap tutucu de\u011fil, ayn\u0131 zamanda ortam\u0131n\u0131za ne\u015feli bir atmosfer katan dekoratif bir objedir.<\/p>\n<p><\/p>","protected":false},"excerpt":{"rendered":"<p>\u00dcr\u00fcn \u00d6l\u00e7\u00fcs\u00fc&nbsp; : 16 x 22 cm Bu sevimli kedi fig\u00fcrl\u00fc dekoratif kitap tutucu, raflar\u0131n\u0131za e\u011flenceli ve s\u0131cak bir karakter kazand\u0131rmak i\u00e7in tasarlanm\u0131\u015ft\u0131r. Kitaplar\u0131 sar\u0131l\u0131yormu\u015f gibi tutan g\u00fcl\u00fcmseyen kedi fig\u00fcrleri sayesinde hem \u00e7ocuk odalar\u0131 hem de modern ev dekorasyonlar\u0131 i\u00e7in ideal bir tasar\u0131m sunar. Kedi fig\u00fcr\u00fc dekorasyonda s\u0131kl\u0131kla mutluluk, rahatl\u0131k, merak ve arkada\u015fl\u0131k sembol\u00fc olarak &hellip; <a href=\"https:\/\/casetti.wpevi.com\/en\/happy-hug-kitap-tutucu\/\" class=\"more-link\">Continue reading <span class=\"screen-reader-text\">Happy Hug Book Holder<\/span><\/a><\/p>","protected":false},"featured_media":15845,"comment_status":"open","ping_status":"closed","template":"","meta":[],"product_brand":[217],"product_cat":[171],"product_tag":[],"class_list":{"0":"post-15008","1":"product","2":"type-product","3":"status-publish","4":"has-post-thumbnail","6":"product_brand-casetti","7":"product_cat-dekoratif-objeler","10":"instock","11":"taxable","12":"shipping-taxable","13":"purchasable","14":"product-type-simple"},"_links":{"self":[{"href":"https:\/\/casetti.wpevi.com\/en\/wp-json\/wp\/v2\/product\/15008","targetHints":{"allow":["GET"]}}],"collection":[{"href":"https:\/\/casetti.wpevi.com\/en\/wp-json\/wp\/v2\/product"}],"about":[{"href":"https:\/\/casetti.wpevi.com\/en\/wp-json\/wp\/v2\/types\/product"}],"replies":[{"embeddable":true,"href":"https:\/\/casetti.wpevi.com\/en\/wp-json\/wp\/v2\/comments?post=15008"}],"version-history":[{"count":1,"href":"https:\/\/casetti.wpevi.com\/en\/wp-json\/wp\/v2\/product\/15008\/revisions"}],"predecessor-version":[{"id":15017,"href":"https:\/\/casetti.wpevi.com\/en\/wp-json\/wp\/v2\/product\/15008\/revisions\/15017"}],"wp:featuredmedia":[{"embeddable":true,"href":"https:\/\/casetti.wpevi.com\/en\/wp-json\/wp\/v2\/media\/15845"}],"wp:attachment":[{"href":"https:\/\/casetti.wpevi.com\/en\/wp-json\/wp\/v2\/media?parent=15008"}],"wp:term":[{"taxonomy":"product_brand","embeddable":true,"href":"https:\/\/casetti.wpevi.com\/en\/wp-json\/wp\/v2\/product_brand?post=15008"},{"taxonomy":"product_cat","embeddable":true,"href":"https:\/\/casetti.wpevi.com\/en\/wp-json\/wp\/v2\/product_cat?post=15008"},{"taxonomy":"product_tag","embeddable":true,"href":"https:\/\/casetti.wpevi.com\/en\/wp-json\/wp\/v2\/product_tag?post=15008"}],"curies":[{"name":"wp","href":"https:\/\/api.w.org\/{rel}","templated":true}]}}