{"id":14998,"date":"2026-03-11T11:32:04","date_gmt":"2026-03-11T08:32:04","guid":{"rendered":"https:\/\/casetti.wpevi.com\/?post_type=product&#038;p=14998"},"modified":"2026-03-11T11:34:23","modified_gmt":"2026-03-11T08:34:23","slug":"thinker-bunny-kitap-tutucu","status":"publish","type":"product","link":"https:\/\/casetti.wpevi.com\/en\/thinker-bunny-kitap-tutucu\/","title":{"rendered":"Thinker Bunny Book Holder"},"content":{"rendered":"<p>\u00dcr\u00fcn \u00d6l\u00e7\u00fcs\u00fc : 18 x 22 cm&nbsp; <\/p>\n<p>T<strong>av\u015fan fig\u00fcrl\u00fc dekoratif kitap tutucu<\/strong>, raflar\u0131n\u0131za e\u011flenceli ve modern bir dokunu\u015f kazand\u0131rmak i\u00e7in tasarlanm\u0131\u015ft\u0131r. Parlak metalik y\u00fczeye sahip oturan tav\u015fan fig\u00fcrleri sayesinde hem <strong>modern hem de yarat\u0131c\u0131 dekorasyon stilleriyle m\u00fckemmel uyum sa\u011flar<\/strong>.<\/p>\n<p>Tav\u015fan fig\u00fcr\u00fc dekorasyonda s\u0131kl\u0131kla <strong>\u015fans, yarat\u0131c\u0131l\u0131k, merak ve bolluk<\/strong> sembol\u00fc olarak g\u00f6r\u00fcl\u00fcr. Bu nedenle hem dekoratif hem de anlaml\u0131 bir tasar\u0131m objesi olarak \u00f6ne \u00e7\u0131kar.<\/p>","protected":false},"excerpt":{"rendered":"<p>\u00dcr\u00fcn \u00d6l\u00e7\u00fcs\u00fc : 18 x 22 cm&nbsp; Tav\u015fan fig\u00fcrl\u00fc dekoratif kitap tutucu, raflar\u0131n\u0131za e\u011flenceli ve modern bir dokunu\u015f kazand\u0131rmak i\u00e7in tasarlanm\u0131\u015ft\u0131r. Parlak metalik y\u00fczeye sahip oturan tav\u015fan fig\u00fcrleri sayesinde hem modern hem de yarat\u0131c\u0131 dekorasyon stilleriyle m\u00fckemmel uyum sa\u011flar. Tav\u015fan fig\u00fcr\u00fc dekorasyonda s\u0131kl\u0131kla \u015fans, yarat\u0131c\u0131l\u0131k, merak ve bolluk sembol\u00fc olarak g\u00f6r\u00fcl\u00fcr. Bu nedenle hem dekoratif &hellip; <a href=\"https:\/\/casetti.wpevi.com\/en\/thinker-bunny-kitap-tutucu\/\" class=\"more-link\">Continue reading <span class=\"screen-reader-text\">Thinker Bunny Book Holder<\/span><\/a><\/p>","protected":false},"featured_media":15006,"comment_status":"open","ping_status":"closed","template":"","meta":[],"product_brand":[217],"product_cat":[171],"product_tag":[],"class_list":{"0":"post-14998","1":"product","2":"type-product","3":"status-publish","4":"has-post-thumbnail","6":"product_brand-casetti","7":"product_cat-dekoratif-objeler","10":"instock","11":"taxable","12":"shipping-taxable","13":"purchasable","14":"product-type-simple"},"_links":{"self":[{"href":"https:\/\/casetti.wpevi.com\/en\/wp-json\/wp\/v2\/product\/14998","targetHints":{"allow":["GET"]}}],"collection":[{"href":"https:\/\/casetti.wpevi.com\/en\/wp-json\/wp\/v2\/product"}],"about":[{"href":"https:\/\/casetti.wpevi.com\/en\/wp-json\/wp\/v2\/types\/product"}],"replies":[{"embeddable":true,"href":"https:\/\/casetti.wpevi.com\/en\/wp-json\/wp\/v2\/comments?post=14998"}],"version-history":[{"count":1,"href":"https:\/\/casetti.wpevi.com\/en\/wp-json\/wp\/v2\/product\/14998\/revisions"}],"predecessor-version":[{"id":15001,"href":"https:\/\/casetti.wpevi.com\/en\/wp-json\/wp\/v2\/product\/14998\/revisions\/15001"}],"wp:featuredmedia":[{"embeddable":true,"href":"https:\/\/casetti.wpevi.com\/en\/wp-json\/wp\/v2\/media\/15006"}],"wp:attachment":[{"href":"https:\/\/casetti.wpevi.com\/en\/wp-json\/wp\/v2\/media?parent=14998"}],"wp:term":[{"taxonomy":"product_brand","embeddable":true,"href":"https:\/\/casetti.wpevi.com\/en\/wp-json\/wp\/v2\/product_brand?post=14998"},{"taxonomy":"product_cat","embeddable":true,"href":"https:\/\/casetti.wpevi.com\/en\/wp-json\/wp\/v2\/product_cat?post=14998"},{"taxonomy":"product_tag","embeddable":true,"href":"https:\/\/casetti.wpevi.com\/en\/wp-json\/wp\/v2\/product_tag?post=14998"}],"curies":[{"name":"wp","href":"https:\/\/api.w.org\/{rel}","templated":true}]}}