{"id":14985,"date":"2026-03-11T11:24:03","date_gmt":"2026-03-11T08:24:03","guid":{"rendered":"https:\/\/casetti.wpevi.com\/urban-skyline-kitap-tutucu\/"},"modified":"2026-03-12T21:16:18","modified_gmt":"2026-03-12T18:16:18","slug":"urban-skyline-kitap-tutucu","status":"publish","type":"product","link":"https:\/\/casetti.wpevi.com\/en\/urban-skyline-kitap-tutucu\/","title":{"rendered":"Urban Skyline Book Holder"},"content":{"rendered":"<p>\u00dcr\u00fcn \u00d6l\u00e7\u00fcs\u00fc : 16 x 23 cm&nbsp;<\/p>\n<p>This <strong>modern \u015fehir sil\u00fceti tasar\u0131ml\u0131 dekoratif kitap tutucu<\/strong>, \u00e7a\u011fda\u015f mimariden ilham alan \u015f\u0131k bir tasar\u0131ma sahiptir. Farkl\u0131 y\u00fcksekliklerdeki metal \u00e7ubuklar, <strong>bir \u015fehir sil\u00fcetini veya g\u00f6kdelen manzaras\u0131n\u0131 and\u0131rarak<\/strong> raflar\u0131n\u0131za modern ve sanatsal bir g\u00f6r\u00fcn\u00fcm kazand\u0131r\u0131r.<\/p>\n<p>Minimalist tasar\u0131m\u0131 sayesinde g\u00fcn\u00fcm\u00fczde olduk\u00e7a pop\u00fcler olan <strong>modern, end\u00fcstriyel ve \u00e7a\u011fda\u015f i\u00e7 mekan dekorasyonlar\u0131yla<\/strong> m\u00fckemmel uyum sa\u011flar.<\/p>","protected":false},"excerpt":{"rendered":"<p>\u00dcr\u00fcn \u00d6l\u00e7\u00fcs\u00fc : 16 x 23 cm&nbsp; Bu modern \u015fehir sil\u00fceti tasar\u0131ml\u0131 dekoratif kitap tutucu, \u00e7a\u011fda\u015f mimariden ilham alan \u015f\u0131k bir tasar\u0131ma sahiptir. Farkl\u0131 y\u00fcksekliklerdeki metal \u00e7ubuklar, bir \u015fehir sil\u00fcetini veya g\u00f6kdelen manzaras\u0131n\u0131 and\u0131rarak raflar\u0131n\u0131za modern ve sanatsal bir g\u00f6r\u00fcn\u00fcm kazand\u0131r\u0131r. Minimalist tasar\u0131m\u0131 sayesinde g\u00fcn\u00fcm\u00fczde olduk\u00e7a pop\u00fcler olan modern, end\u00fcstriyel ve \u00e7a\u011fda\u015f i\u00e7 mekan dekorasyonlar\u0131yla &hellip; <a href=\"https:\/\/casetti.wpevi.com\/en\/urban-skyline-kitap-tutucu\/\" class=\"more-link\">Continue reading <span class=\"screen-reader-text\">Urban Skyline Book Holder<\/span><\/a><\/p>","protected":false},"featured_media":15889,"comment_status":"open","ping_status":"closed","template":"","meta":[],"product_brand":[217],"product_cat":[171],"product_tag":[],"class_list":{"0":"post-14985","1":"product","2":"type-product","3":"status-publish","4":"has-post-thumbnail","6":"product_brand-casetti","7":"product_cat-dekoratif-objeler","10":"instock","11":"taxable","12":"shipping-taxable","13":"purchasable","14":"product-type-simple"},"_links":{"self":[{"href":"https:\/\/casetti.wpevi.com\/en\/wp-json\/wp\/v2\/product\/14985","targetHints":{"allow":["GET"]}}],"collection":[{"href":"https:\/\/casetti.wpevi.com\/en\/wp-json\/wp\/v2\/product"}],"about":[{"href":"https:\/\/casetti.wpevi.com\/en\/wp-json\/wp\/v2\/types\/product"}],"replies":[{"embeddable":true,"href":"https:\/\/casetti.wpevi.com\/en\/wp-json\/wp\/v2\/comments?post=14985"}],"version-history":[{"count":2,"href":"https:\/\/casetti.wpevi.com\/en\/wp-json\/wp\/v2\/product\/14985\/revisions"}],"predecessor-version":[{"id":14989,"href":"https:\/\/casetti.wpevi.com\/en\/wp-json\/wp\/v2\/product\/14985\/revisions\/14989"}],"wp:featuredmedia":[{"embeddable":true,"href":"https:\/\/casetti.wpevi.com\/en\/wp-json\/wp\/v2\/media\/15889"}],"wp:attachment":[{"href":"https:\/\/casetti.wpevi.com\/en\/wp-json\/wp\/v2\/media?parent=14985"}],"wp:term":[{"taxonomy":"product_brand","embeddable":true,"href":"https:\/\/casetti.wpevi.com\/en\/wp-json\/wp\/v2\/product_brand?post=14985"},{"taxonomy":"product_cat","embeddable":true,"href":"https:\/\/casetti.wpevi.com\/en\/wp-json\/wp\/v2\/product_cat?post=14985"},{"taxonomy":"product_tag","embeddable":true,"href":"https:\/\/casetti.wpevi.com\/en\/wp-json\/wp\/v2\/product_tag?post=14985"}],"curies":[{"name":"wp","href":"https:\/\/api.w.org\/{rel}","templated":true}]}}