{"id":14980,"date":"2026-03-11T11:21:10","date_gmt":"2026-03-11T08:21:10","guid":{"rendered":"https:\/\/casetti.wpevi.com\/golden-rider-kitap-tutucu\/"},"modified":"2026-03-11T11:21:22","modified_gmt":"2026-03-11T08:21:22","slug":"golden-rider-kitap-tutucu","status":"publish","type":"product","link":"https:\/\/casetti.wpevi.com\/en\/golden-rider-kitap-tutucu\/","title":{"rendered":"Golden Rider Kitap Tutucu"},"content":{"rendered":"<p>\u00dcr\u00fcn \u00d6l\u00e7\u00fcs\u00fc : 18,5 x 31 cm<\/p>\n<p>M<strong>otosiklet fig\u00fcrl\u00fc dekoratif kitap tutucu<\/strong>, raflar\u0131n\u0131za g\u00fc\u00e7l\u00fc ve dikkat \u00e7ekici bir karakter kazand\u0131rmak i\u00e7in tasarlanm\u0131\u015ft\u0131r. Alt\u0131n tonlu motosiklet fig\u00fcr\u00fc ve \u015f\u0131k taban\u0131 sayesinde hem <strong>modern hem de end\u00fcstriyel dekorasyon tarzlar\u0131yla uyum sa\u011flar<\/strong>.<\/p>\n<p>Motosikletler dekorasyonda s\u0131kl\u0131kla <strong>\u00f6zg\u00fcrl\u00fck, macera, h\u0131z ve ba\u011f\u0131ms\u0131zl\u0131k<\/strong> sembol\u00fc olarak g\u00f6r\u00fcl\u00fcr. Bu nedenle bu \u00fcr\u00fcn sadece bir kitap tutucu de\u011fil, ayn\u0131 zamanda otomotiv temal\u0131 etkileyici bir dekoratif objedir.<\/p>","protected":false},"excerpt":{"rendered":"<p>\u00dcr\u00fcn \u00d6l\u00e7\u00fcs\u00fc : 18,5 x 31 cm Motosiklet fig\u00fcrl\u00fc dekoratif kitap tutucu, raflar\u0131n\u0131za g\u00fc\u00e7l\u00fc ve dikkat \u00e7ekici bir karakter kazand\u0131rmak i\u00e7in tasarlanm\u0131\u015ft\u0131r. Alt\u0131n tonlu motosiklet fig\u00fcr\u00fc ve \u015f\u0131k taban\u0131 sayesinde hem modern hem de end\u00fcstriyel dekorasyon tarzlar\u0131yla uyum sa\u011flar. Motosikletler dekorasyonda s\u0131kl\u0131kla \u00f6zg\u00fcrl\u00fck, macera, h\u0131z ve ba\u011f\u0131ms\u0131zl\u0131k sembol\u00fc olarak g\u00f6r\u00fcl\u00fcr. Bu nedenle bu \u00fcr\u00fcn sadece &hellip; <a href=\"https:\/\/casetti.wpevi.com\/en\/golden-rider-kitap-tutucu\/\" class=\"more-link\">Continue reading <span class=\"screen-reader-text\">Golden Rider Kitap Tutucu<\/span><\/a><\/p>","protected":false},"featured_media":14983,"comment_status":"open","ping_status":"closed","template":"","meta":[],"product_brand":[217],"product_cat":[171],"product_tag":[],"class_list":{"0":"post-14980","1":"product","2":"type-product","3":"status-publish","4":"has-post-thumbnail","6":"product_brand-casetti","7":"product_cat-dekoratif-objeler","10":"instock","11":"taxable","12":"shipping-taxable","13":"purchasable","14":"product-type-simple"},"_links":{"self":[{"href":"https:\/\/casetti.wpevi.com\/en\/wp-json\/wp\/v2\/product\/14980","targetHints":{"allow":["GET"]}}],"collection":[{"href":"https:\/\/casetti.wpevi.com\/en\/wp-json\/wp\/v2\/product"}],"about":[{"href":"https:\/\/casetti.wpevi.com\/en\/wp-json\/wp\/v2\/types\/product"}],"replies":[{"embeddable":true,"href":"https:\/\/casetti.wpevi.com\/en\/wp-json\/wp\/v2\/comments?post=14980"}],"version-history":[{"count":0,"href":"https:\/\/casetti.wpevi.com\/en\/wp-json\/wp\/v2\/product\/14980\/revisions"}],"wp:featuredmedia":[{"embeddable":true,"href":"https:\/\/casetti.wpevi.com\/en\/wp-json\/wp\/v2\/media\/14983"}],"wp:attachment":[{"href":"https:\/\/casetti.wpevi.com\/en\/wp-json\/wp\/v2\/media?parent=14980"}],"wp:term":[{"taxonomy":"product_brand","embeddable":true,"href":"https:\/\/casetti.wpevi.com\/en\/wp-json\/wp\/v2\/product_brand?post=14980"},{"taxonomy":"product_cat","embeddable":true,"href":"https:\/\/casetti.wpevi.com\/en\/wp-json\/wp\/v2\/product_cat?post=14980"},{"taxonomy":"product_tag","embeddable":true,"href":"https:\/\/casetti.wpevi.com\/en\/wp-json\/wp\/v2\/product_tag?post=14980"}],"curies":[{"name":"wp","href":"https:\/\/api.w.org\/{rel}","templated":true}]}}