{"id":14969,"date":"2026-03-11T10:47:04","date_gmt":"2026-03-11T07:47:04","guid":{"rendered":"https:\/\/casetti.wpevi.com\/metal-sutun-kitap-tutucu\/"},"modified":"2026-03-11T10:50:06","modified_gmt":"2026-03-11T07:50:06","slug":"metal-sutun-kitap-tutucu","status":"publish","type":"product","link":"https:\/\/casetti.wpevi.com\/en\/metal-sutun-kitap-tutucu\/","title":{"rendered":"Metal Column Book Holder"},"content":{"rendered":"<p>\u00dcr\u00fcn \u00d6l\u00e7\u00fcs\u00fc : 14 x 18 cm <\/p>\n<p>This <strong>klasik s\u00fctun tasar\u0131ml\u0131 dekoratif kitap tutucu<\/strong>, antik Yunan ve Roma mimarisinden ilham alarak tasarlanm\u0131\u015ft\u0131r. Mimari s\u00fctun formu, dekorasyonda s\u0131kl\u0131kla <strong>g\u00fc\u00e7, denge ve zarafetin sembol\u00fc<\/strong> olarak kullan\u0131l\u0131r.<\/p>\n<p>Parlak metalik y\u00fczeyi ve klasik s\u00fctun formu sayesinde hem <strong>modern hem de klasik i\u00e7 mekan dekorasyonlar\u0131yla m\u00fckemmel uyum sa\u011flar<\/strong>. Kitaplar\u0131n\u0131z\u0131 d\u00fczenlerken raflar\u0131n\u0131za l\u00fcks ve mimari bir estetik kazand\u0131r\u0131r.<\/p>","protected":false},"excerpt":{"rendered":"<p>\u00dcr\u00fcn \u00d6l\u00e7\u00fcs\u00fc : 14 x 18 cm Bu klasik s\u00fctun tasar\u0131ml\u0131 dekoratif kitap tutucu, antik Yunan ve Roma mimarisinden ilham alarak tasarlanm\u0131\u015ft\u0131r. Mimari s\u00fctun formu, dekorasyonda s\u0131kl\u0131kla g\u00fc\u00e7, denge ve zarafetin sembol\u00fc olarak kullan\u0131l\u0131r. Parlak metalik y\u00fczeyi ve klasik s\u00fctun formu sayesinde hem modern hem de klasik i\u00e7 mekan dekorasyonlar\u0131yla m\u00fckemmel uyum sa\u011flar. Kitaplar\u0131n\u0131z\u0131 d\u00fczenlerken &hellip; <a href=\"https:\/\/casetti.wpevi.com\/en\/metal-sutun-kitap-tutucu\/\" class=\"more-link\">Continue reading <span class=\"screen-reader-text\">Metal Column Book Holder<\/span><\/a><\/p>","protected":false},"featured_media":14976,"comment_status":"open","ping_status":"closed","template":"","meta":[],"product_brand":[217],"product_cat":[171],"product_tag":[],"class_list":{"0":"post-14969","1":"product","2":"type-product","3":"status-publish","4":"has-post-thumbnail","6":"product_brand-casetti","7":"product_cat-dekoratif-objeler","10":"instock","11":"taxable","12":"shipping-taxable","13":"purchasable","14":"product-type-simple"},"_links":{"self":[{"href":"https:\/\/casetti.wpevi.com\/en\/wp-json\/wp\/v2\/product\/14969","targetHints":{"allow":["GET"]}}],"collection":[{"href":"https:\/\/casetti.wpevi.com\/en\/wp-json\/wp\/v2\/product"}],"about":[{"href":"https:\/\/casetti.wpevi.com\/en\/wp-json\/wp\/v2\/types\/product"}],"replies":[{"embeddable":true,"href":"https:\/\/casetti.wpevi.com\/en\/wp-json\/wp\/v2\/comments?post=14969"}],"version-history":[{"count":0,"href":"https:\/\/casetti.wpevi.com\/en\/wp-json\/wp\/v2\/product\/14969\/revisions"}],"wp:featuredmedia":[{"embeddable":true,"href":"https:\/\/casetti.wpevi.com\/en\/wp-json\/wp\/v2\/media\/14976"}],"wp:attachment":[{"href":"https:\/\/casetti.wpevi.com\/en\/wp-json\/wp\/v2\/media?parent=14969"}],"wp:term":[{"taxonomy":"product_brand","embeddable":true,"href":"https:\/\/casetti.wpevi.com\/en\/wp-json\/wp\/v2\/product_brand?post=14969"},{"taxonomy":"product_cat","embeddable":true,"href":"https:\/\/casetti.wpevi.com\/en\/wp-json\/wp\/v2\/product_cat?post=14969"},{"taxonomy":"product_tag","embeddable":true,"href":"https:\/\/casetti.wpevi.com\/en\/wp-json\/wp\/v2\/product_tag?post=14969"}],"curies":[{"name":"wp","href":"https:\/\/api.w.org\/{rel}","templated":true}]}}