{"id":14954,"date":"2026-03-10T17:51:07","date_gmt":"2026-03-10T14:51:07","guid":{"rendered":"https:\/\/casetti.wpevi.com\/crystal-skull-kitap-tutucu\/"},"modified":"2026-03-12T16:41:22","modified_gmt":"2026-03-12T13:41:22","slug":"crystal-skull-book-holder","status":"publish","type":"product","link":"https:\/\/casetti.wpevi.com\/en\/crystal-skull-book-holder\/","title":{"rendered":"Crystal Skull Book Holder"},"content":{"rendered":"<p>Product Dimensions: 25 x 19 cm <\/p>\n<p>This <strong>decorative book holder with crystal skull design<\/strong>, It is designed to bring a strong and eye-catching design to your shelves. Thanks to its transparent crystal-look skull figures and gold details, it offers both <strong>It is compatible with both modern and Gothic decoration styles.<\/strong>.<\/p>\n<p>Skull motifs are frequently used in decoration. <strong>power, transformation and the flow of time<\/strong> It carries symbolic meanings such as these. Therefore, it is popular in interior design as both a decorative and artistic object.<\/p>","protected":false},"excerpt":{"rendered":"<p>\u00dcr\u00fcn \u00d6l\u00e7\u00fcs\u00fc : 25 x 19 cm Bu kristal kafatas\u0131 fig\u00fcrl\u00fc dekoratif kitap tutucu, raflar\u0131n\u0131za g\u00fc\u00e7l\u00fc ve dikkat \u00e7ekici bir tasar\u0131m kazand\u0131rmak i\u00e7in tasarlanm\u0131\u015ft\u0131r. \u015eeffaf kristal g\u00f6r\u00fcn\u00fcml\u00fc kafatas\u0131 fig\u00fcrleri ve alt\u0131n detaylar\u0131 sayesinde hem modern hem de gotik dekorasyon tarzlar\u0131yla uyum sa\u011flar. Kafatas\u0131 fig\u00fcr\u00fc dekorasyonda s\u0131kl\u0131kla g\u00fc\u00e7, d\u00f6n\u00fc\u015f\u00fcm ve zaman\u0131n ak\u0131\u015f\u0131 gibi sembolik anlamlar ta\u015f\u0131r. &hellip; <a href=\"https:\/\/casetti.wpevi.com\/en\/crystal-skull-book-holder\/\" class=\"more-link\">Continue reading <span class=\"screen-reader-text\">Crystal Skull Book Holder<\/span><\/a><\/p>","protected":false},"featured_media":15627,"comment_status":"open","ping_status":"closed","template":"","meta":[],"product_brand":[217],"product_cat":[171],"product_tag":[],"class_list":{"0":"post-14954","1":"product","2":"type-product","3":"status-publish","4":"has-post-thumbnail","6":"product_brand-casetti","7":"product_cat-dekoratif-objeler","10":"instock","11":"taxable","12":"shipping-taxable","13":"purchasable","14":"product-type-simple"},"_links":{"self":[{"href":"https:\/\/casetti.wpevi.com\/en\/wp-json\/wp\/v2\/product\/14954","targetHints":{"allow":["GET"]}}],"collection":[{"href":"https:\/\/casetti.wpevi.com\/en\/wp-json\/wp\/v2\/product"}],"about":[{"href":"https:\/\/casetti.wpevi.com\/en\/wp-json\/wp\/v2\/types\/product"}],"replies":[{"embeddable":true,"href":"https:\/\/casetti.wpevi.com\/en\/wp-json\/wp\/v2\/comments?post=14954"}],"version-history":[{"count":0,"href":"https:\/\/casetti.wpevi.com\/en\/wp-json\/wp\/v2\/product\/14954\/revisions"}],"wp:featuredmedia":[{"embeddable":true,"href":"https:\/\/casetti.wpevi.com\/en\/wp-json\/wp\/v2\/media\/15627"}],"wp:attachment":[{"href":"https:\/\/casetti.wpevi.com\/en\/wp-json\/wp\/v2\/media?parent=14954"}],"wp:term":[{"taxonomy":"product_brand","embeddable":true,"href":"https:\/\/casetti.wpevi.com\/en\/wp-json\/wp\/v2\/product_brand?post=14954"},{"taxonomy":"product_cat","embeddable":true,"href":"https:\/\/casetti.wpevi.com\/en\/wp-json\/wp\/v2\/product_cat?post=14954"},{"taxonomy":"product_tag","embeddable":true,"href":"https:\/\/casetti.wpevi.com\/en\/wp-json\/wp\/v2\/product_tag?post=14954"}],"curies":[{"name":"wp","href":"https:\/\/api.w.org\/{rel}","templated":true}]}}