{"id":14949,"date":"2026-03-10T17:46:11","date_gmt":"2026-03-10T14:46:11","guid":{"rendered":"https:\/\/casetti.wpevi.com\/strength-kitap-tutucu-set\/"},"modified":"2026-03-10T17:48:08","modified_gmt":"2026-03-10T14:48:08","slug":"strength-kitap-tutucu-set","status":"publish","type":"product","link":"https:\/\/casetti.wpevi.com\/en\/strength-kitap-tutucu-set\/","title":{"rendered":"Strength Book Holder Set"},"content":{"rendered":"<p>\u00dcr\u00fcn \u00d6l\u00e7\u00fcs\u00fc : 30 x 25.5 cm<\/p>\n<p>This <strong>insan fig\u00fcrl\u00fc modern heykel kitap tutucu<\/strong>, raflar\u0131n\u0131za sanatsal ve g\u00fc\u00e7l\u00fc bir g\u00f6r\u00fcn\u00fcm kazand\u0131rmak i\u00e7in tasarlanm\u0131\u015ft\u0131r. Kitaplar\u0131 destekliyormu\u015f gibi duran fig\u00fcrler, <strong>g\u00fc\u00e7, azim ve dayan\u0131kl\u0131l\u0131\u011f\u0131 simgeleyen<\/strong> etkileyici bir dekoratif objedir.<\/p>\n<p>Klasik heykel sanat\u0131ndan ve modern minimal tasar\u0131mlardan ilham alan bu kitap tutucu seti, g\u00fcn\u00fcm\u00fcz i\u00e7 mimarisinde olduk\u00e7a pop\u00fcler olan <strong>sanatsal dekorasyon ve modern ofis tasar\u0131m\u0131<\/strong> trendleriyle m\u00fckemmel uyum sa\u011flar.<\/p>\n<p><\/p>","protected":false},"excerpt":{"rendered":"<p>\u00dcr\u00fcn \u00d6l\u00e7\u00fcs\u00fc : 30 x 25.5 cm Bu insan fig\u00fcrl\u00fc modern heykel kitap tutucu, raflar\u0131n\u0131za sanatsal ve g\u00fc\u00e7l\u00fc bir g\u00f6r\u00fcn\u00fcm kazand\u0131rmak i\u00e7in tasarlanm\u0131\u015ft\u0131r. Kitaplar\u0131 destekliyormu\u015f gibi duran fig\u00fcrler, g\u00fc\u00e7, azim ve dayan\u0131kl\u0131l\u0131\u011f\u0131 simgeleyen etkileyici bir dekoratif objedir. Klasik heykel sanat\u0131ndan ve modern minimal tasar\u0131mlardan ilham alan bu kitap tutucu seti, g\u00fcn\u00fcm\u00fcz i\u00e7 mimarisinde olduk\u00e7a pop\u00fcler &hellip; <a href=\"https:\/\/casetti.wpevi.com\/en\/strength-kitap-tutucu-set\/\" class=\"more-link\">Continue reading <span class=\"screen-reader-text\">Strength Book Holder Set<\/span><\/a><\/p>","protected":false},"featured_media":14952,"comment_status":"open","ping_status":"closed","template":"","meta":[],"product_brand":[217],"product_cat":[171],"product_tag":[],"class_list":{"0":"post-14949","1":"product","2":"type-product","3":"status-publish","4":"has-post-thumbnail","6":"product_brand-casetti","7":"product_cat-dekoratif-objeler","10":"instock","11":"taxable","12":"shipping-taxable","13":"purchasable","14":"product-type-simple"},"_links":{"self":[{"href":"https:\/\/casetti.wpevi.com\/en\/wp-json\/wp\/v2\/product\/14949","targetHints":{"allow":["GET"]}}],"collection":[{"href":"https:\/\/casetti.wpevi.com\/en\/wp-json\/wp\/v2\/product"}],"about":[{"href":"https:\/\/casetti.wpevi.com\/en\/wp-json\/wp\/v2\/types\/product"}],"replies":[{"embeddable":true,"href":"https:\/\/casetti.wpevi.com\/en\/wp-json\/wp\/v2\/comments?post=14949"}],"version-history":[{"count":1,"href":"https:\/\/casetti.wpevi.com\/en\/wp-json\/wp\/v2\/product\/14949\/revisions"}],"predecessor-version":[{"id":14951,"href":"https:\/\/casetti.wpevi.com\/en\/wp-json\/wp\/v2\/product\/14949\/revisions\/14951"}],"wp:featuredmedia":[{"embeddable":true,"href":"https:\/\/casetti.wpevi.com\/en\/wp-json\/wp\/v2\/media\/14952"}],"wp:attachment":[{"href":"https:\/\/casetti.wpevi.com\/en\/wp-json\/wp\/v2\/media?parent=14949"}],"wp:term":[{"taxonomy":"product_brand","embeddable":true,"href":"https:\/\/casetti.wpevi.com\/en\/wp-json\/wp\/v2\/product_brand?post=14949"},{"taxonomy":"product_cat","embeddable":true,"href":"https:\/\/casetti.wpevi.com\/en\/wp-json\/wp\/v2\/product_cat?post=14949"},{"taxonomy":"product_tag","embeddable":true,"href":"https:\/\/casetti.wpevi.com\/en\/wp-json\/wp\/v2\/product_tag?post=14949"}],"curies":[{"name":"wp","href":"https:\/\/api.w.org\/{rel}","templated":true}]}}