{"id":14942,"date":"2026-03-10T17:44:04","date_gmt":"2026-03-10T14:44:04","guid":{"rendered":"https:\/\/casetti.wpevi.com\/?post_type=product&#038;p=14942"},"modified":"2026-03-10T17:46:10","modified_gmt":"2026-03-10T14:46:10","slug":"nordic-guardian-bear-kitap-tutucu","status":"publish","type":"product","link":"https:\/\/casetti.wpevi.com\/en\/nordic-guardian-bear-kitap-tutucu\/","title":{"rendered":"Nordic Guardian Bear Book Holder"},"content":{"rendered":"<p>\u00dcr\u00fcn \u00d6l\u00e7\u00fcs\u00fc : 22 x 17 cm <\/p>\n<p>Goril&nbsp;<strong>fig\u00fcrl\u00fc kubik formdaki dekoratif kitap tutucu<\/strong>, modern ve \u0130skandinav tarz\u0131 dekorasyonu bir araya getirerek raflar\u0131n\u0131za g\u00fc\u00e7l\u00fc ve dikkat \u00e7ekici bir g\u00f6r\u00fcn\u00fcm kazand\u0131r\u0131r. Minimalist \u00e7okgen (low-poly) tasar\u0131ma sahip ay\u0131 fig\u00fcr\u00fc, g\u00fcn\u00fcm\u00fcz i\u00e7 mimarisinde pop\u00fcler olan <strong>Nordik, rustik ve modern dekorasyon trendleriyle<\/strong> m\u00fckemmel uyum sa\u011flar.<\/p>\n<p>Ay\u0131 fig\u00fcr\u00fc tarih boyunca <strong>g\u00fc\u00e7, koruma ve dayan\u0131kl\u0131l\u0131\u011f\u0131n sembol\u00fc<\/strong> olarak kabul edilmi\u015ftir. Bu nedenle hem dekoratif hem de anlaml\u0131 bir tasar\u0131m objesi olarak \u00f6ne \u00e7\u0131kar.<\/p>","protected":false},"excerpt":{"rendered":"<p>\u00dcr\u00fcn \u00d6l\u00e7\u00fcs\u00fc : 22 x 17 cm Goril&nbsp;fig\u00fcrl\u00fc kubik formdaki dekoratif kitap tutucu, modern ve \u0130skandinav tarz\u0131 dekorasyonu bir araya getirerek raflar\u0131n\u0131za g\u00fc\u00e7l\u00fc ve dikkat \u00e7ekici bir g\u00f6r\u00fcn\u00fcm kazand\u0131r\u0131r. Minimalist \u00e7okgen (low-poly) tasar\u0131ma sahip ay\u0131 fig\u00fcr\u00fc, g\u00fcn\u00fcm\u00fcz i\u00e7 mimarisinde pop\u00fcler olan Nordik, rustik ve modern dekorasyon trendleriyle m\u00fckemmel uyum sa\u011flar. Ay\u0131 fig\u00fcr\u00fc tarih boyunca g\u00fc\u00e7, &hellip; <a href=\"https:\/\/casetti.wpevi.com\/en\/nordic-guardian-bear-kitap-tutucu\/\" class=\"more-link\">Continue reading <span class=\"screen-reader-text\">Nordic Guardian Bear Book Holder<\/span><\/a><\/p>","protected":false},"featured_media":14948,"comment_status":"open","ping_status":"closed","template":"","meta":[],"product_brand":[217],"product_cat":[171],"product_tag":[],"class_list":{"0":"post-14942","1":"product","2":"type-product","3":"status-publish","4":"has-post-thumbnail","6":"product_brand-casetti","7":"product_cat-dekoratif-objeler","10":"instock","11":"taxable","12":"shipping-taxable","13":"purchasable","14":"product-type-simple"},"_links":{"self":[{"href":"https:\/\/casetti.wpevi.com\/en\/wp-json\/wp\/v2\/product\/14942","targetHints":{"allow":["GET"]}}],"collection":[{"href":"https:\/\/casetti.wpevi.com\/en\/wp-json\/wp\/v2\/product"}],"about":[{"href":"https:\/\/casetti.wpevi.com\/en\/wp-json\/wp\/v2\/types\/product"}],"replies":[{"embeddable":true,"href":"https:\/\/casetti.wpevi.com\/en\/wp-json\/wp\/v2\/comments?post=14942"}],"version-history":[{"count":1,"href":"https:\/\/casetti.wpevi.com\/en\/wp-json\/wp\/v2\/product\/14942\/revisions"}],"predecessor-version":[{"id":14947,"href":"https:\/\/casetti.wpevi.com\/en\/wp-json\/wp\/v2\/product\/14942\/revisions\/14947"}],"wp:featuredmedia":[{"embeddable":true,"href":"https:\/\/casetti.wpevi.com\/en\/wp-json\/wp\/v2\/media\/14948"}],"wp:attachment":[{"href":"https:\/\/casetti.wpevi.com\/en\/wp-json\/wp\/v2\/media?parent=14942"}],"wp:term":[{"taxonomy":"product_brand","embeddable":true,"href":"https:\/\/casetti.wpevi.com\/en\/wp-json\/wp\/v2\/product_brand?post=14942"},{"taxonomy":"product_cat","embeddable":true,"href":"https:\/\/casetti.wpevi.com\/en\/wp-json\/wp\/v2\/product_cat?post=14942"},{"taxonomy":"product_tag","embeddable":true,"href":"https:\/\/casetti.wpevi.com\/en\/wp-json\/wp\/v2\/product_tag?post=14942"}],"curies":[{"name":"wp","href":"https:\/\/api.w.org\/{rel}","templated":true}]}}