{"id":14938,"date":"2026-03-10T17:41:04","date_gmt":"2026-03-10T14:41:04","guid":{"rendered":"https:\/\/casetti.wpevi.com\/atlio-kitap-tutucu-gold\/"},"modified":"2026-03-10T17:41:09","modified_gmt":"2026-03-10T14:41:09","slug":"atlio-kitap-tutucu-gold","status":"publish","type":"product","link":"https:\/\/casetti.wpevi.com\/en\/atlio-kitap-tutucu-gold\/","title":{"rendered":"Atl\u0131o Kitap Tutucu Gold"},"content":{"rendered":"<p>\u00dcr\u00fcn \u00d6l\u00e7\u00fcs\u00fc : 26 x 26 cm <\/p>\n<p>This <strong>alt\u0131n tonlu at fig\u00fcrl\u00fc dekoratif kitap tutucu<\/strong>, raflar\u0131n\u0131za hem g\u00fc\u00e7l\u00fc bir estetik hem de i\u015flevsel bir d\u00fczen kazand\u0131r\u0131r. Zarif ayakta duran at fig\u00fcrleri, <strong>g\u00fc\u00e7, \u00f6zg\u00fcrl\u00fck ve prestij<\/strong> sembol\u00fc olarak i\u00e7 mekan dekorasyonunda olduk\u00e7a pop\u00fclerdir.<\/p>\n<p>Modern ve klasik dekorasyonla uyumlu olan bu kitap tutucu seti, kitaplar\u0131n\u0131z\u0131 sabit tutarken ayn\u0131 zamanda bulundu\u011fu ortama <strong>l\u00fcks ve dikkat \u00e7ekici bir dekoratif dokunu\u015f<\/strong> katar.<\/p>","protected":false},"excerpt":{"rendered":"<p>\u00dcr\u00fcn \u00d6l\u00e7\u00fcs\u00fc : 26 x 26 cm Bu alt\u0131n tonlu at fig\u00fcrl\u00fc dekoratif kitap tutucu, raflar\u0131n\u0131za hem g\u00fc\u00e7l\u00fc bir estetik hem de i\u015flevsel bir d\u00fczen kazand\u0131r\u0131r. Zarif ayakta duran at fig\u00fcrleri, g\u00fc\u00e7, \u00f6zg\u00fcrl\u00fck ve prestij sembol\u00fc olarak i\u00e7 mekan dekorasyonunda olduk\u00e7a pop\u00fclerdir. Modern ve klasik dekorasyonla uyumlu olan bu kitap tutucu seti, kitaplar\u0131n\u0131z\u0131 sabit tutarken &hellip; <a href=\"https:\/\/casetti.wpevi.com\/en\/atlio-kitap-tutucu-gold\/\" class=\"more-link\">Continue reading <span class=\"screen-reader-text\">Atl\u0131o Kitap Tutucu Gold<\/span><\/a><\/p>","protected":false},"featured_media":14940,"comment_status":"open","ping_status":"closed","template":"","meta":[],"product_brand":[217],"product_cat":[171],"product_tag":[],"class_list":{"0":"post-14938","1":"product","2":"type-product","3":"status-publish","4":"has-post-thumbnail","6":"product_brand-casetti","7":"product_cat-dekoratif-objeler","10":"instock","11":"taxable","12":"shipping-taxable","13":"purchasable","14":"product-type-simple"},"_links":{"self":[{"href":"https:\/\/casetti.wpevi.com\/en\/wp-json\/wp\/v2\/product\/14938","targetHints":{"allow":["GET"]}}],"collection":[{"href":"https:\/\/casetti.wpevi.com\/en\/wp-json\/wp\/v2\/product"}],"about":[{"href":"https:\/\/casetti.wpevi.com\/en\/wp-json\/wp\/v2\/types\/product"}],"replies":[{"embeddable":true,"href":"https:\/\/casetti.wpevi.com\/en\/wp-json\/wp\/v2\/comments?post=14938"}],"version-history":[{"count":0,"href":"https:\/\/casetti.wpevi.com\/en\/wp-json\/wp\/v2\/product\/14938\/revisions"}],"wp:featuredmedia":[{"embeddable":true,"href":"https:\/\/casetti.wpevi.com\/en\/wp-json\/wp\/v2\/media\/14940"}],"wp:attachment":[{"href":"https:\/\/casetti.wpevi.com\/en\/wp-json\/wp\/v2\/media?parent=14938"}],"wp:term":[{"taxonomy":"product_brand","embeddable":true,"href":"https:\/\/casetti.wpevi.com\/en\/wp-json\/wp\/v2\/product_brand?post=14938"},{"taxonomy":"product_cat","embeddable":true,"href":"https:\/\/casetti.wpevi.com\/en\/wp-json\/wp\/v2\/product_cat?post=14938"},{"taxonomy":"product_tag","embeddable":true,"href":"https:\/\/casetti.wpevi.com\/en\/wp-json\/wp\/v2\/product_tag?post=14938"}],"curies":[{"name":"wp","href":"https:\/\/api.w.org\/{rel}","templated":true}]}}