{"id":14928,"date":"2026-03-10T17:34:05","date_gmt":"2026-03-10T14:34:05","guid":{"rendered":"https:\/\/casetti.wpevi.com\/auraframe-kitap-tutucu\/"},"modified":"2026-03-10T17:35:10","modified_gmt":"2026-03-10T14:35:10","slug":"auraframe-kitap-tutucu","status":"publish","type":"product","link":"https:\/\/casetti.wpevi.com\/en\/auraframe-kitap-tutucu\/","title":{"rendered":"AuraFrame Book Holder"},"content":{"rendered":"<p>\u00dcr\u00fcn \u00d6l\u00e7\u00fcs\u00fc : 15 x 31 cm<\/p>\n<p>Bu modern tasar\u0131ml\u0131 <strong>bitki vazolu kitap tutucu<\/strong>, raflar\u0131n\u0131za hem d\u00fczen hem de do\u011fal bir dekoratif dokunu\u015f kazand\u0131r\u0131r. Geometrik \u00e7er\u00e7eve tasar\u0131m\u0131 ve metal mini vazo detay\u0131 sayesinde kitaplar\u0131n\u0131z\u0131 sabit tutarken ayn\u0131 zamanda <strong>bitkilerle zenginle\u015fen estetik bir dekor olu\u015fturur<\/strong>.<\/p>\n<p>G\u00fcn\u00fcm\u00fcz i\u00e7 mimari trendlerinde olduk\u00e7a pop\u00fcler olan <strong>minimalist dekorasyon, biyofilik tasar\u0131m ve modern raf d\u00fczenleme<\/strong> anlay\u0131\u015f\u0131n\u0131 bir araya getirir.<\/p>","protected":false},"excerpt":{"rendered":"<p>\u00dcr\u00fcn \u00d6l\u00e7\u00fcs\u00fc : 15 x 31 cm Bu modern tasar\u0131ml\u0131 bitki vazolu kitap tutucu, raflar\u0131n\u0131za hem d\u00fczen hem de do\u011fal bir dekoratif dokunu\u015f kazand\u0131r\u0131r. Geometrik \u00e7er\u00e7eve tasar\u0131m\u0131 ve metal mini vazo detay\u0131 sayesinde kitaplar\u0131n\u0131z\u0131 sabit tutarken ayn\u0131 zamanda bitkilerle zenginle\u015fen estetik bir dekor olu\u015fturur. G\u00fcn\u00fcm\u00fcz i\u00e7 mimari trendlerinde olduk\u00e7a pop\u00fcler olan minimalist dekorasyon, biyofilik tasar\u0131m &hellip; <a href=\"https:\/\/casetti.wpevi.com\/en\/auraframe-kitap-tutucu\/\" class=\"more-link\">Continue reading <span class=\"screen-reader-text\">AuraFrame Book Holder<\/span><\/a><\/p>","protected":false},"featured_media":14931,"comment_status":"open","ping_status":"closed","template":"","meta":[],"product_brand":[217],"product_cat":[171],"product_tag":[],"class_list":{"0":"post-14928","1":"product","2":"type-product","3":"status-publish","4":"has-post-thumbnail","6":"product_brand-casetti","7":"product_cat-dekoratif-objeler","10":"instock","11":"taxable","12":"shipping-taxable","13":"purchasable","14":"product-type-simple"},"_links":{"self":[{"href":"https:\/\/casetti.wpevi.com\/en\/wp-json\/wp\/v2\/product\/14928","targetHints":{"allow":["GET"]}}],"collection":[{"href":"https:\/\/casetti.wpevi.com\/en\/wp-json\/wp\/v2\/product"}],"about":[{"href":"https:\/\/casetti.wpevi.com\/en\/wp-json\/wp\/v2\/types\/product"}],"replies":[{"embeddable":true,"href":"https:\/\/casetti.wpevi.com\/en\/wp-json\/wp\/v2\/comments?post=14928"}],"version-history":[{"count":0,"href":"https:\/\/casetti.wpevi.com\/en\/wp-json\/wp\/v2\/product\/14928\/revisions"}],"wp:featuredmedia":[{"embeddable":true,"href":"https:\/\/casetti.wpevi.com\/en\/wp-json\/wp\/v2\/media\/14931"}],"wp:attachment":[{"href":"https:\/\/casetti.wpevi.com\/en\/wp-json\/wp\/v2\/media?parent=14928"}],"wp:term":[{"taxonomy":"product_brand","embeddable":true,"href":"https:\/\/casetti.wpevi.com\/en\/wp-json\/wp\/v2\/product_brand?post=14928"},{"taxonomy":"product_cat","embeddable":true,"href":"https:\/\/casetti.wpevi.com\/en\/wp-json\/wp\/v2\/product_cat?post=14928"},{"taxonomy":"product_tag","embeddable":true,"href":"https:\/\/casetti.wpevi.com\/en\/wp-json\/wp\/v2\/product_tag?post=14928"}],"curies":[{"name":"wp","href":"https:\/\/api.w.org\/{rel}","templated":true}]}}