{"id":14924,"date":"2026-03-10T17:29:05","date_gmt":"2026-03-10T14:29:05","guid":{"rendered":"https:\/\/casetti.wpevi.com\/harmony-studio-kitap-tutucu\/"},"modified":"2026-03-10T17:30:09","modified_gmt":"2026-03-10T14:30:09","slug":"harmony-studio-kitap-tutucu","status":"publish","type":"product","link":"https:\/\/casetti.wpevi.com\/en\/harmony-studio-kitap-tutucu\/","title":{"rendered":"Harmony Studio Book Holder"},"content":{"rendered":"<p>\u00dcr\u00fcn \u00d6l\u00e7\u00fcs\u00fc : 28 x 15 cm<\/p>\n<h3><strong>Harmony Studio Kitap Tutucu \u2013 Kulakl\u0131k ve Vintage Mikrofon Tasar\u0131ml\u0131 Dekoratif Kitap Deste\u011fi<\/strong><\/h3>\n<p>Ev veya ofisinize <strong>m\u00fczik st\u00fcdyosu atmosferi<\/strong> kazand\u0131ran bu \u00f6zel tasar\u0131m kitap tutucu, kulakl\u0131k ve vintage mikrofon detaylar\u0131yla m\u00fczik tutkunlar\u0131 i\u00e7in tasarlanm\u0131\u015ft\u0131r. Modern dekorasyon tarz\u0131na uyum sa\u011flayan bu \u00fcr\u00fcn, hem <strong>dekoratif hem de i\u015flevsel bir raf d\u00fczenleyicidir<\/strong>.<\/p>\n<p>Kitap raflar\u0131n\u0131z\u0131 d\u00fczenlerken ayn\u0131 zamanda ortam\u0131n\u0131za <strong>st\u00fcdyo tarz\u0131 estetik bir g\u00f6r\u00fcn\u00fcm<\/strong> kazand\u0131r\u0131r.<\/p>","protected":false},"excerpt":{"rendered":"<p>\u00dcr\u00fcn \u00d6l\u00e7\u00fcs\u00fc : 28 x 15 cm Harmony Studio Kitap Tutucu \u2013 Kulakl\u0131k ve Vintage Mikrofon Tasar\u0131ml\u0131 Dekoratif Kitap Deste\u011fi Ev veya ofisinize m\u00fczik st\u00fcdyosu atmosferi kazand\u0131ran bu \u00f6zel tasar\u0131m kitap tutucu, kulakl\u0131k ve vintage mikrofon detaylar\u0131yla m\u00fczik tutkunlar\u0131 i\u00e7in tasarlanm\u0131\u015ft\u0131r. Modern dekorasyon tarz\u0131na uyum sa\u011flayan bu \u00fcr\u00fcn, hem dekoratif hem de i\u015flevsel bir raf &hellip; <a href=\"https:\/\/casetti.wpevi.com\/en\/harmony-studio-kitap-tutucu\/\" class=\"more-link\">Continue reading <span class=\"screen-reader-text\">Harmony Studio Book Holder<\/span><\/a><\/p>","protected":false},"featured_media":14927,"comment_status":"open","ping_status":"closed","template":"","meta":[],"product_brand":[217],"product_cat":[171],"product_tag":[],"class_list":{"0":"post-14924","1":"product","2":"type-product","3":"status-publish","4":"has-post-thumbnail","6":"product_brand-casetti","7":"product_cat-dekoratif-objeler","10":"instock","11":"taxable","12":"shipping-taxable","13":"purchasable","14":"product-type-simple"},"_links":{"self":[{"href":"https:\/\/casetti.wpevi.com\/en\/wp-json\/wp\/v2\/product\/14924","targetHints":{"allow":["GET"]}}],"collection":[{"href":"https:\/\/casetti.wpevi.com\/en\/wp-json\/wp\/v2\/product"}],"about":[{"href":"https:\/\/casetti.wpevi.com\/en\/wp-json\/wp\/v2\/types\/product"}],"replies":[{"embeddable":true,"href":"https:\/\/casetti.wpevi.com\/en\/wp-json\/wp\/v2\/comments?post=14924"}],"version-history":[{"count":0,"href":"https:\/\/casetti.wpevi.com\/en\/wp-json\/wp\/v2\/product\/14924\/revisions"}],"wp:featuredmedia":[{"embeddable":true,"href":"https:\/\/casetti.wpevi.com\/en\/wp-json\/wp\/v2\/media\/14927"}],"wp:attachment":[{"href":"https:\/\/casetti.wpevi.com\/en\/wp-json\/wp\/v2\/media?parent=14924"}],"wp:term":[{"taxonomy":"product_brand","embeddable":true,"href":"https:\/\/casetti.wpevi.com\/en\/wp-json\/wp\/v2\/product_brand?post=14924"},{"taxonomy":"product_cat","embeddable":true,"href":"https:\/\/casetti.wpevi.com\/en\/wp-json\/wp\/v2\/product_cat?post=14924"},{"taxonomy":"product_tag","embeddable":true,"href":"https:\/\/casetti.wpevi.com\/en\/wp-json\/wp\/v2\/product_tag?post=14924"}],"curies":[{"name":"wp","href":"https:\/\/api.w.org\/{rel}","templated":true}]}}