{"id":14840,"date":"2026-03-09T17:24:06","date_gmt":"2026-03-09T14:24:06","guid":{"rendered":"https:\/\/casetti.wpevi.com\/?post_type=product&#038;p=14840"},"modified":"2026-03-09T17:30:07","modified_gmt":"2026-03-09T14:30:07","slug":"atlas-modern-bust-kitap-tutucu","status":"publish","type":"product","link":"https:\/\/casetti.wpevi.com\/en\/atlas-modern-bust-kitap-tutucu\/","title":{"rendered":"Atlas Modern B\u00fcst &#8211; Kitap Tutucu"},"content":{"rendered":"<p>\u00dcr\u00fcn \u00d6l\u00e7\u00fcleri :&nbsp; 9 x 9 x 32 cm<\/p>\n<p>This <strong>modern b\u00fcst kitap tutucu<\/strong>, klasik heykel sanat\u0131n\u0131 minimalist tasar\u0131mla birle\u015ftiren etkileyici bir dekoratif objedir. Antik Yunan ve Roma heykellerinden ilham alan bu tasar\u0131m, geometrik kesilmi\u015f erkek torso formu sayesinde hem sanat eseri hem de fonksiyonel bir kitap tutucu olarak kullan\u0131labilir.<\/p>\n<p>Mat siyah y\u00fczeyi ve mermer g\u00f6r\u00fcn\u00fcml\u00fc taban\u0131 sayesinde modern ve l\u00fcks bir g\u00f6r\u00fcn\u00fcm sunar. Kitaplar\u0131 d\u00fczenli tutarken ayn\u0131 zamanda kitapl\u0131k, ofis masas\u0131 veya konsol \u00fczerinde g\u00fc\u00e7l\u00fc bir dekoratif vurgu olu\u015fturur.<\/p>\n<p>Sanat severler, mimarlar, tasar\u0131mc\u0131lar ve kitap koleksiyoncular\u0131 i\u00e7in hem estetik hem de i\u015flevsel bir dekoratif par\u00e7ad\u0131r.<\/p>","protected":false},"excerpt":{"rendered":"<p>\u00dcr\u00fcn \u00d6l\u00e7\u00fcleri :&nbsp; 9 x 9 x 32 cm Bu modern b\u00fcst kitap tutucu, klasik heykel sanat\u0131n\u0131 minimalist tasar\u0131mla birle\u015ftiren etkileyici bir dekoratif objedir. Antik Yunan ve Roma heykellerinden ilham alan bu tasar\u0131m, geometrik kesilmi\u015f erkek torso formu sayesinde hem sanat eseri hem de fonksiyonel bir kitap tutucu olarak kullan\u0131labilir. Mat siyah y\u00fczeyi ve mermer &hellip; <a href=\"https:\/\/casetti.wpevi.com\/en\/atlas-modern-bust-kitap-tutucu\/\" class=\"more-link\">Continue reading <span class=\"screen-reader-text\">Atlas Modern B\u00fcst &#8211; Kitap Tutucu<\/span><\/a><\/p>","protected":false},"featured_media":14845,"comment_status":"open","ping_status":"closed","template":"","meta":[],"product_brand":[228],"product_cat":[207],"product_tag":[],"class_list":{"0":"post-14840","1":"product","2":"type-product","3":"status-publish","4":"has-post-thumbnail","6":"product_brand-lamedore","7":"product_cat-heykeller-ve-bustler","10":"instock","11":"taxable","12":"shipping-taxable","13":"purchasable","14":"product-type-simple"},"_links":{"self":[{"href":"https:\/\/casetti.wpevi.com\/en\/wp-json\/wp\/v2\/product\/14840","targetHints":{"allow":["GET"]}}],"collection":[{"href":"https:\/\/casetti.wpevi.com\/en\/wp-json\/wp\/v2\/product"}],"about":[{"href":"https:\/\/casetti.wpevi.com\/en\/wp-json\/wp\/v2\/types\/product"}],"replies":[{"embeddable":true,"href":"https:\/\/casetti.wpevi.com\/en\/wp-json\/wp\/v2\/comments?post=14840"}],"version-history":[{"count":1,"href":"https:\/\/casetti.wpevi.com\/en\/wp-json\/wp\/v2\/product\/14840\/revisions"}],"predecessor-version":[{"id":14844,"href":"https:\/\/casetti.wpevi.com\/en\/wp-json\/wp\/v2\/product\/14840\/revisions\/14844"}],"wp:featuredmedia":[{"embeddable":true,"href":"https:\/\/casetti.wpevi.com\/en\/wp-json\/wp\/v2\/media\/14845"}],"wp:attachment":[{"href":"https:\/\/casetti.wpevi.com\/en\/wp-json\/wp\/v2\/media?parent=14840"}],"wp:term":[{"taxonomy":"product_brand","embeddable":true,"href":"https:\/\/casetti.wpevi.com\/en\/wp-json\/wp\/v2\/product_brand?post=14840"},{"taxonomy":"product_cat","embeddable":true,"href":"https:\/\/casetti.wpevi.com\/en\/wp-json\/wp\/v2\/product_cat?post=14840"},{"taxonomy":"product_tag","embeddable":true,"href":"https:\/\/casetti.wpevi.com\/en\/wp-json\/wp\/v2\/product_tag?post=14840"}],"curies":[{"name":"wp","href":"https:\/\/api.w.org\/{rel}","templated":true}]}}