{"id":14822,"date":"2026-03-09T17:01:08","date_gmt":"2026-03-09T14:01:08","guid":{"rendered":"https:\/\/casetti.wpevi.com\/vintage-parlak-gumus-araba\/"},"modified":"2026-03-09T17:01:14","modified_gmt":"2026-03-09T14:01:14","slug":"vintage-parlak-gumus-araba","status":"publish","type":"product","link":"https:\/\/casetti.wpevi.com\/en\/vintage-parlak-gumus-araba\/","title":{"rendered":"Vintage Parlak G\u00fcm\u00fc\u015f Araba"},"content":{"rendered":"<p>\u00dcr\u00fcn \u00d6l\u00e7\u00fcs\u00fc : 13 x 36 cm<\/p>\n<p>V<strong>intage metal roadster araba heykeli<\/strong>, otomobil tarihinin alt\u0131n \u00e7a\u011f\u0131ndan ilham alan \u015f\u0131k ve koleksiyonluk bir dekoratif objedir. Parlak krom g\u00f6r\u00fcn\u00fcml\u00fc metal g\u00f6vdesi ve alt\u0131n detaylar\u0131yla tasarlanan bu retro araba modeli, klasik Avrupa spor otomobillerinin zarif \u00e7izgilerini yans\u0131t\u0131r.<\/p>\n<p>Erken d\u00f6nem <strong>l\u00fcks roadster otomobillerinden (\u00f6rne\u011fin Mercedes SSK gibi klasik modellerden)<\/strong> ilham alan tasar\u0131m, h\u0131z, zarafet ve otomotiv m\u00fchendisli\u011finin esteti\u011fini temsil eder. Ofis masalar\u0131, kitapl\u0131klar, vitrinler ve koleksiyon alanlar\u0131 i\u00e7in dikkat \u00e7ekici bir dekoratif par\u00e7ad\u0131r.<\/p>\n<p>Otomobil tutkunlar\u0131, koleksiyoncular ve retro dekor sevenler i\u00e7in hem dekoratif hem de anlaml\u0131 bir hediye se\u00e7ene\u011fidir.<\/p>","protected":false},"excerpt":{"rendered":"<p>\u00dcr\u00fcn \u00d6l\u00e7\u00fcs\u00fc : 13 x 36 cm Vintage metal roadster araba heykeli, otomobil tarihinin alt\u0131n \u00e7a\u011f\u0131ndan ilham alan \u015f\u0131k ve koleksiyonluk bir dekoratif objedir. Parlak krom g\u00f6r\u00fcn\u00fcml\u00fc metal g\u00f6vdesi ve alt\u0131n detaylar\u0131yla tasarlanan bu retro araba modeli, klasik Avrupa spor otomobillerinin zarif \u00e7izgilerini yans\u0131t\u0131r. Erken d\u00f6nem l\u00fcks roadster otomobillerinden (\u00f6rne\u011fin Mercedes SSK gibi klasik modellerden) &hellip; <a href=\"https:\/\/casetti.wpevi.com\/en\/vintage-parlak-gumus-araba\/\" class=\"more-link\">Continue reading <span class=\"screen-reader-text\">Vintage Parlak G\u00fcm\u00fc\u015f Araba<\/span><\/a><\/p>","protected":false},"featured_media":14826,"comment_status":"open","ping_status":"closed","template":"","meta":[],"product_brand":[217],"product_cat":[171],"product_tag":[],"class_list":{"0":"post-14822","1":"product","2":"type-product","3":"status-publish","4":"has-post-thumbnail","6":"product_brand-casetti","7":"product_cat-dekoratif-objeler","10":"instock","11":"taxable","12":"shipping-taxable","13":"purchasable","14":"product-type-simple"},"_links":{"self":[{"href":"https:\/\/casetti.wpevi.com\/en\/wp-json\/wp\/v2\/product\/14822","targetHints":{"allow":["GET"]}}],"collection":[{"href":"https:\/\/casetti.wpevi.com\/en\/wp-json\/wp\/v2\/product"}],"about":[{"href":"https:\/\/casetti.wpevi.com\/en\/wp-json\/wp\/v2\/types\/product"}],"replies":[{"embeddable":true,"href":"https:\/\/casetti.wpevi.com\/en\/wp-json\/wp\/v2\/comments?post=14822"}],"version-history":[{"count":0,"href":"https:\/\/casetti.wpevi.com\/en\/wp-json\/wp\/v2\/product\/14822\/revisions"}],"wp:featuredmedia":[{"embeddable":true,"href":"https:\/\/casetti.wpevi.com\/en\/wp-json\/wp\/v2\/media\/14826"}],"wp:attachment":[{"href":"https:\/\/casetti.wpevi.com\/en\/wp-json\/wp\/v2\/media?parent=14822"}],"wp:term":[{"taxonomy":"product_brand","embeddable":true,"href":"https:\/\/casetti.wpevi.com\/en\/wp-json\/wp\/v2\/product_brand?post=14822"},{"taxonomy":"product_cat","embeddable":true,"href":"https:\/\/casetti.wpevi.com\/en\/wp-json\/wp\/v2\/product_cat?post=14822"},{"taxonomy":"product_tag","embeddable":true,"href":"https:\/\/casetti.wpevi.com\/en\/wp-json\/wp\/v2\/product_tag?post=14822"}],"curies":[{"name":"wp","href":"https:\/\/api.w.org\/{rel}","templated":true}]}}