{"id":14798,"date":"2026-03-09T14:46:03","date_gmt":"2026-03-09T11:46:03","guid":{"rendered":"https:\/\/casetti.wpevi.com\/stoneglass-modern-cam-vazo-kucuk-boy\/"},"modified":"2026-03-10T16:12:26","modified_gmt":"2026-03-10T13:12:26","slug":"stoneglass-modern-cam-vazo-kucuk-boy","status":"publish","type":"product","link":"https:\/\/casetti.wpevi.com\/en\/stoneglass-modern-cam-vazo-kucuk-boy\/","title":{"rendered":"Stoneglass Modern Cam Vazo K\u00fc\u00e7\u00fck Boy"},"content":{"rendered":"<p>\u00dcr\u00fcn \u00d6l\u00e7\u00fcs\u00fc 18 x 34.5 cm<\/p>\n<p>This <strong>ta\u015f dokulu cam vazo<\/strong>, do\u011fal ta\u015f olu\u015fumlar\u0131ndan ve modern cam sanat\u0131ndan ilham alan etkileyici bir dekoratif objedir. Organik formu ve y\u00fczeyindeki \u00f6zel dokulu cam yap\u0131s\u0131 sayesinde \u0131\u015f\u0131\u011f\u0131 farkl\u0131 a\u00e7\u0131lardan yans\u0131tarak mek\u00e2nda l\u00fcks ve sanatsal bir atmosfer olu\u015fturur.<\/p>\n<p>Alt\u0131n ve mavi tonlar\u0131n\u0131n birle\u015fimi cam\u0131n i\u00e7inde derinlik ve hareket hissi yarat\u0131r. Murano tarz\u0131 cam sanat\u0131ndan ilham alan bu modern cam heykel, do\u011fal ta\u015f g\u00f6r\u00fcn\u00fcm\u00fcn\u00fc cam\u0131n zarafeti ile birle\u015ftirir.<\/p>\n<p>Salon, ofis, konsol, kitapl\u0131k veya sehpa \u00fczerinde sergilendi\u011finde modern dekorasyonda g\u00fc\u00e7l\u00fc bir odak noktas\u0131 olu\u015fturur. Ayn\u0131 zamanda koleksiyonluk bir sanat objesi ve \u00f6zel bir hediye se\u00e7ene\u011fidir.<\/p>","protected":false},"excerpt":{"rendered":"<p>\u00dcr\u00fcn \u00d6l\u00e7\u00fcs\u00fc 18 x 34.5 cm Bu ta\u015f dokulu cam vazo, do\u011fal ta\u015f olu\u015fumlar\u0131ndan ve modern cam sanat\u0131ndan ilham alan etkileyici bir dekoratif objedir. Organik formu ve y\u00fczeyindeki \u00f6zel dokulu cam yap\u0131s\u0131 sayesinde \u0131\u015f\u0131\u011f\u0131 farkl\u0131 a\u00e7\u0131lardan yans\u0131tarak mek\u00e2nda l\u00fcks ve sanatsal bir atmosfer olu\u015fturur. Alt\u0131n ve mavi tonlar\u0131n\u0131n birle\u015fimi cam\u0131n i\u00e7inde derinlik ve hareket hissi &hellip; <a href=\"https:\/\/casetti.wpevi.com\/en\/stoneglass-modern-cam-vazo-kucuk-boy\/\" class=\"more-link\">Continue reading <span class=\"screen-reader-text\">Stoneglass Modern Cam Vazo K\u00fc\u00e7\u00fck Boy<\/span><\/a><\/p>","protected":false},"featured_media":14918,"comment_status":"open","ping_status":"closed","template":"","meta":[],"product_brand":[217],"product_cat":[213],"product_tag":[],"class_list":{"0":"post-14798","1":"product","2":"type-product","3":"status-publish","4":"has-post-thumbnail","6":"product_brand-casetti","7":"product_cat-cam-ve-kristal-urunler","10":"instock","11":"taxable","12":"shipping-taxable","13":"purchasable","14":"product-type-simple"},"_links":{"self":[{"href":"https:\/\/casetti.wpevi.com\/en\/wp-json\/wp\/v2\/product\/14798","targetHints":{"allow":["GET"]}}],"collection":[{"href":"https:\/\/casetti.wpevi.com\/en\/wp-json\/wp\/v2\/product"}],"about":[{"href":"https:\/\/casetti.wpevi.com\/en\/wp-json\/wp\/v2\/types\/product"}],"replies":[{"embeddable":true,"href":"https:\/\/casetti.wpevi.com\/en\/wp-json\/wp\/v2\/comments?post=14798"}],"version-history":[{"count":0,"href":"https:\/\/casetti.wpevi.com\/en\/wp-json\/wp\/v2\/product\/14798\/revisions"}],"wp:featuredmedia":[{"embeddable":true,"href":"https:\/\/casetti.wpevi.com\/en\/wp-json\/wp\/v2\/media\/14918"}],"wp:attachment":[{"href":"https:\/\/casetti.wpevi.com\/en\/wp-json\/wp\/v2\/media?parent=14798"}],"wp:term":[{"taxonomy":"product_brand","embeddable":true,"href":"https:\/\/casetti.wpevi.com\/en\/wp-json\/wp\/v2\/product_brand?post=14798"},{"taxonomy":"product_cat","embeddable":true,"href":"https:\/\/casetti.wpevi.com\/en\/wp-json\/wp\/v2\/product_cat?post=14798"},{"taxonomy":"product_tag","embeddable":true,"href":"https:\/\/casetti.wpevi.com\/en\/wp-json\/wp\/v2\/product_tag?post=14798"}],"curies":[{"name":"wp","href":"https:\/\/api.w.org\/{rel}","templated":true}]}}