{"id":14785,"date":"2026-03-09T13:58:07","date_gmt":"2026-03-09T10:58:07","guid":{"rendered":"https:\/\/casetti.wpevi.com\/?post_type=product&#038;p=14785"},"modified":"2026-03-09T17:19:11","modified_gmt":"2026-03-09T14:19:11","slug":"lunera-cam-obje-kucuk-boy","status":"publish","type":"product","link":"https:\/\/casetti.wpevi.com\/en\/lunera-cam-obje-kucuk-boy\/","title":{"rendered":"Lunera Cam Obje K\u00fc\u00e7\u00fck Boy"},"content":{"rendered":"<p>\u00dcr\u00fcn \u00d6l\u00e7\u00fcs\u00fc : 24 x 25 cm<\/p>\n<p>S<strong>oyut cam sanat heykeli<\/strong>, modern i\u00e7 mekanlara zarafet ve sanatsal bir dokunu\u015f katmak i\u00e7in tasarlanm\u0131\u015f l\u00fcks bir dekoratif objedir. Ak\u0131\u015fkan a\u00e7\u0131k halka formu ve amber-alt\u0131n tonlar\u0131, \u0131\u015f\u0131\u011f\u0131 b\u00fcy\u00fcleyici \u015fekilde yans\u0131tarak bulundu\u011fu ortamda sofistike bir atmosfer olu\u015fturur.<\/p>\n<p>\u0130talyan Murano cam sanat\u0131ndan ve modern heykel tasar\u0131m\u0131ndan ilham alan bu cam heykel, <strong>denge, ak\u0131\u015f ve uyumu<\/strong> simgeler. Organik k\u0131vr\u0131ml\u0131 yap\u0131s\u0131 sayesinde galeri tarz\u0131 bir sanat eseri g\u00f6r\u00fcn\u00fcm\u00fc sunar ve dekorasyonda g\u00fc\u00e7l\u00fc bir odak noktas\u0131 olu\u015fturur.<\/p>\n<p>Salon, ofis, kitapl\u0131k, konsol veya sehpa \u00fczerinde sergilendi\u011finde modern ve l\u00fcks dekorasyon stilleriyle m\u00fckemmel uyum sa\u011flar. Ayn\u0131 zamanda sanat severler i\u00e7in koleksiyonluk bir dekoratif par\u00e7ad\u0131r.<\/p>","protected":false},"excerpt":{"rendered":"<p>\u00dcr\u00fcn \u00d6l\u00e7\u00fcs\u00fc : 24 x 25 cm Soyut cam sanat heykeli, modern i\u00e7 mekanlara zarafet ve sanatsal bir dokunu\u015f katmak i\u00e7in tasarlanm\u0131\u015f l\u00fcks bir dekoratif objedir. Ak\u0131\u015fkan a\u00e7\u0131k halka formu ve amber-alt\u0131n tonlar\u0131, \u0131\u015f\u0131\u011f\u0131 b\u00fcy\u00fcleyici \u015fekilde yans\u0131tarak bulundu\u011fu ortamda sofistike bir atmosfer olu\u015fturur. \u0130talyan Murano cam sanat\u0131ndan ve modern heykel tasar\u0131m\u0131ndan ilham alan bu cam &hellip; <a href=\"https:\/\/casetti.wpevi.com\/en\/lunera-cam-obje-kucuk-boy\/\" class=\"more-link\">Continue reading <span class=\"screen-reader-text\">Lunera Cam Obje K\u00fc\u00e7\u00fck Boy<\/span><\/a><\/p>","protected":false},"featured_media":14837,"comment_status":"open","ping_status":"closed","template":"","meta":[],"product_brand":[217],"product_cat":[213],"product_tag":[],"class_list":{"0":"post-14785","1":"product","2":"type-product","3":"status-publish","4":"has-post-thumbnail","6":"product_brand-casetti","7":"product_cat-cam-ve-kristal-urunler","10":"instock","11":"taxable","12":"shipping-taxable","13":"purchasable","14":"product-type-simple"},"_links":{"self":[{"href":"https:\/\/casetti.wpevi.com\/en\/wp-json\/wp\/v2\/product\/14785","targetHints":{"allow":["GET"]}}],"collection":[{"href":"https:\/\/casetti.wpevi.com\/en\/wp-json\/wp\/v2\/product"}],"about":[{"href":"https:\/\/casetti.wpevi.com\/en\/wp-json\/wp\/v2\/types\/product"}],"replies":[{"embeddable":true,"href":"https:\/\/casetti.wpevi.com\/en\/wp-json\/wp\/v2\/comments?post=14785"}],"version-history":[{"count":1,"href":"https:\/\/casetti.wpevi.com\/en\/wp-json\/wp\/v2\/product\/14785\/revisions"}],"predecessor-version":[{"id":14809,"href":"https:\/\/casetti.wpevi.com\/en\/wp-json\/wp\/v2\/product\/14785\/revisions\/14809"}],"wp:featuredmedia":[{"embeddable":true,"href":"https:\/\/casetti.wpevi.com\/en\/wp-json\/wp\/v2\/media\/14837"}],"wp:attachment":[{"href":"https:\/\/casetti.wpevi.com\/en\/wp-json\/wp\/v2\/media?parent=14785"}],"wp:term":[{"taxonomy":"product_brand","embeddable":true,"href":"https:\/\/casetti.wpevi.com\/en\/wp-json\/wp\/v2\/product_brand?post=14785"},{"taxonomy":"product_cat","embeddable":true,"href":"https:\/\/casetti.wpevi.com\/en\/wp-json\/wp\/v2\/product_cat?post=14785"},{"taxonomy":"product_tag","embeddable":true,"href":"https:\/\/casetti.wpevi.com\/en\/wp-json\/wp\/v2\/product_tag?post=14785"}],"curies":[{"name":"wp","href":"https:\/\/api.w.org\/{rel}","templated":true}]}}