{"id":14770,"date":"2026-03-09T13:46:07","date_gmt":"2026-03-09T10:46:07","guid":{"rendered":"https:\/\/casetti.wpevi.com\/serena-cam-obje\/"},"modified":"2026-03-10T16:09:06","modified_gmt":"2026-03-10T13:09:06","slug":"serena-cam-obje","status":"publish","type":"product","link":"https:\/\/casetti.wpevi.com\/en\/serena-cam-obje\/","title":{"rendered":"Serena Cam Obje"},"content":{"rendered":"<p>\u00dcr\u00fcn \u00d6l\u00e7\u00fcs\u00fc : 18.5 x 36.5 cm <\/p>\n<p>S<strong>piral cam sanat heykeli<\/strong>, modern i\u00e7 mekanlara hareket ve zarafet katmak i\u00e7in tasarlanm\u0131\u015f etkileyici bir dekoratif sanat eseridir. Sonsuzluk formunu and\u0131ran ak\u0131\u015fkan spiral tasar\u0131m\u0131, z\u00fcmr\u00fct ye\u015fili, amber ve iridesan cam tonlar\u0131yla birle\u015ferek \u0131\u015f\u0131\u011f\u0131 b\u00fcy\u00fcleyici \u015fekilde yans\u0131t\u0131r.<\/p>\n<p>\u0130talyan Murano cam sanat\u0131ndan ve modern heykel tasar\u0131m\u0131ndan ilham alan bu dekoratif cam heykel, <strong>sonsuzluk, denge ve ak\u0131\u015f\u0131<\/strong> simgeler. \u015eeffaf kristal taban\u0131 sayesinde galeri tarz\u0131 bir g\u00f6r\u00fcn\u00fcm sunar ve bulundu\u011fu ortamda g\u00fc\u00e7l\u00fc bir dekoratif odak noktas\u0131 olu\u015fturur.<\/p>\n<p>Modern salonlar, ofisler, kitapl\u0131klar veya tasar\u0131m odakl\u0131 ya\u015fam alanlar\u0131 i\u00e7in ideal olan bu cam sanat eseri, hem koleksiyonluk bir obje hem de \u015f\u0131k bir dekorasyon par\u00e7as\u0131d\u0131r.<\/p>","protected":false},"excerpt":{"rendered":"<p>\u00dcr\u00fcn \u00d6l\u00e7\u00fcs\u00fc : 18.5 x 36.5 cm Spiral cam sanat heykeli, modern i\u00e7 mekanlara hareket ve zarafet katmak i\u00e7in tasarlanm\u0131\u015f etkileyici bir dekoratif sanat eseridir. Sonsuzluk formunu and\u0131ran ak\u0131\u015fkan spiral tasar\u0131m\u0131, z\u00fcmr\u00fct ye\u015fili, amber ve iridesan cam tonlar\u0131yla birle\u015ferek \u0131\u015f\u0131\u011f\u0131 b\u00fcy\u00fcleyici \u015fekilde yans\u0131t\u0131r. \u0130talyan Murano cam sanat\u0131ndan ve modern heykel tasar\u0131m\u0131ndan ilham alan bu dekoratif &hellip; <a href=\"https:\/\/casetti.wpevi.com\/en\/serena-cam-obje\/\" class=\"more-link\">Continue reading <span class=\"screen-reader-text\">Serena Cam Obje<\/span><\/a><\/p>","protected":false},"featured_media":14897,"comment_status":"open","ping_status":"closed","template":"","meta":[],"product_brand":[217],"product_cat":[213],"product_tag":[],"class_list":{"0":"post-14770","1":"product","2":"type-product","3":"status-publish","4":"has-post-thumbnail","6":"product_brand-casetti","7":"product_cat-cam-ve-kristal-urunler","10":"instock","11":"taxable","12":"shipping-taxable","13":"purchasable","14":"product-type-simple"},"_links":{"self":[{"href":"https:\/\/casetti.wpevi.com\/en\/wp-json\/wp\/v2\/product\/14770","targetHints":{"allow":["GET"]}}],"collection":[{"href":"https:\/\/casetti.wpevi.com\/en\/wp-json\/wp\/v2\/product"}],"about":[{"href":"https:\/\/casetti.wpevi.com\/en\/wp-json\/wp\/v2\/types\/product"}],"replies":[{"embeddable":true,"href":"https:\/\/casetti.wpevi.com\/en\/wp-json\/wp\/v2\/comments?post=14770"}],"version-history":[{"count":1,"href":"https:\/\/casetti.wpevi.com\/en\/wp-json\/wp\/v2\/product\/14770\/revisions"}],"predecessor-version":[{"id":14775,"href":"https:\/\/casetti.wpevi.com\/en\/wp-json\/wp\/v2\/product\/14770\/revisions\/14775"}],"wp:featuredmedia":[{"embeddable":true,"href":"https:\/\/casetti.wpevi.com\/en\/wp-json\/wp\/v2\/media\/14897"}],"wp:attachment":[{"href":"https:\/\/casetti.wpevi.com\/en\/wp-json\/wp\/v2\/media?parent=14770"}],"wp:term":[{"taxonomy":"product_brand","embeddable":true,"href":"https:\/\/casetti.wpevi.com\/en\/wp-json\/wp\/v2\/product_brand?post=14770"},{"taxonomy":"product_cat","embeddable":true,"href":"https:\/\/casetti.wpevi.com\/en\/wp-json\/wp\/v2\/product_cat?post=14770"},{"taxonomy":"product_tag","embeddable":true,"href":"https:\/\/casetti.wpevi.com\/en\/wp-json\/wp\/v2\/product_tag?post=14770"}],"curies":[{"name":"wp","href":"https:\/\/api.w.org\/{rel}","templated":true}]}}