{"id":14764,"date":"2026-03-09T13:44:14","date_gmt":"2026-03-09T10:44:14","guid":{"rendered":"https:\/\/casetti.wpevi.com\/blue-sphere-cam-obje\/"},"modified":"2026-03-13T03:07:18","modified_gmt":"2026-03-13T00:07:18","slug":"blue-sphere-cam-obje","status":"publish","type":"product","link":"https:\/\/casetti.wpevi.com\/en\/blue-sphere-cam-obje\/","title":{"rendered":"Blue Sphere Cam Obje"},"content":{"rendered":"<p>\u00dcr\u00fcn \u00d6l\u00e7\u00fcs\u00fc : 8 x 8 cm<\/p>\n<p>This <strong>okyanus dalgas\u0131 tasar\u0131ml\u0131 cam kitap a\u011f\u0131rl\u0131\u011f\u0131<\/strong>, masan\u0131za veya kitapl\u0131\u011f\u0131n\u0131za denizin b\u00fcy\u00fcleyici enerjisini ta\u015f\u0131yan zarif bir dekoratif objedir. Kristal berrakl\u0131\u011f\u0131ndaki cam\u0131n i\u00e7inde yer alan mavi dalga formu ve etraf\u0131ndaki kabarc\u0131k detaylar\u0131, denizin hareketini ve canl\u0131l\u0131\u011f\u0131n\u0131 etkileyici bir \u015fekilde yans\u0131t\u0131r. Murano tarz\u0131 cam sanat\u0131ndan ilham alan bu tasar\u0131m, hem i\u015flevsel bir kitap a\u011f\u0131rl\u0131\u011f\u0131 hem de \u015f\u0131k bir dekoratif sanat objesi olarak kullan\u0131labilir.<\/p>\n<p>Kitaplar\u0131 d\u00fczenli tutarken ayn\u0131 zamanda \u00e7al\u0131\u015fma alan\u0131n\u0131za veya kitapl\u0131\u011f\u0131n\u0131za sanatsal ve modern bir dokunu\u015f katar. Ofisler, k\u00fct\u00fcphaneler, \u00e7al\u0131\u015fma odalar\u0131 ve sahil temal\u0131 dekorasyonlar i\u00e7in ideal bir par\u00e7ad\u0131r.<\/p>","protected":false},"excerpt":{"rendered":"<p>\u00dcr\u00fcn \u00d6l\u00e7\u00fcs\u00fc : 8 x 8 cm Bu okyanus dalgas\u0131 tasar\u0131ml\u0131 cam kitap a\u011f\u0131rl\u0131\u011f\u0131, masan\u0131za veya kitapl\u0131\u011f\u0131n\u0131za denizin b\u00fcy\u00fcleyici enerjisini ta\u015f\u0131yan zarif bir dekoratif objedir. Kristal berrakl\u0131\u011f\u0131ndaki cam\u0131n i\u00e7inde yer alan mavi dalga formu ve etraf\u0131ndaki kabarc\u0131k detaylar\u0131, denizin hareketini ve canl\u0131l\u0131\u011f\u0131n\u0131 etkileyici bir \u015fekilde yans\u0131t\u0131r. Murano tarz\u0131 cam sanat\u0131ndan ilham alan bu tasar\u0131m, hem &hellip; <a href=\"https:\/\/casetti.wpevi.com\/en\/blue-sphere-cam-obje\/\" class=\"more-link\">Continue reading <span class=\"screen-reader-text\">Blue Sphere Cam Obje<\/span><\/a><\/p>","protected":false},"featured_media":15952,"comment_status":"open","ping_status":"closed","template":"","meta":[],"product_brand":[217],"product_cat":[213],"product_tag":[],"class_list":{"0":"post-14764","1":"product","2":"type-product","3":"status-publish","4":"has-post-thumbnail","6":"product_brand-casetti","7":"product_cat-cam-ve-kristal-urunler","10":"instock","11":"taxable","12":"shipping-taxable","13":"purchasable","14":"product-type-simple"},"_links":{"self":[{"href":"https:\/\/casetti.wpevi.com\/en\/wp-json\/wp\/v2\/product\/14764","targetHints":{"allow":["GET"]}}],"collection":[{"href":"https:\/\/casetti.wpevi.com\/en\/wp-json\/wp\/v2\/product"}],"about":[{"href":"https:\/\/casetti.wpevi.com\/en\/wp-json\/wp\/v2\/types\/product"}],"replies":[{"embeddable":true,"href":"https:\/\/casetti.wpevi.com\/en\/wp-json\/wp\/v2\/comments?post=14764"}],"version-history":[{"count":0,"href":"https:\/\/casetti.wpevi.com\/en\/wp-json\/wp\/v2\/product\/14764\/revisions"}],"wp:featuredmedia":[{"embeddable":true,"href":"https:\/\/casetti.wpevi.com\/en\/wp-json\/wp\/v2\/media\/15952"}],"wp:attachment":[{"href":"https:\/\/casetti.wpevi.com\/en\/wp-json\/wp\/v2\/media?parent=14764"}],"wp:term":[{"taxonomy":"product_brand","embeddable":true,"href":"https:\/\/casetti.wpevi.com\/en\/wp-json\/wp\/v2\/product_brand?post=14764"},{"taxonomy":"product_cat","embeddable":true,"href":"https:\/\/casetti.wpevi.com\/en\/wp-json\/wp\/v2\/product_cat?post=14764"},{"taxonomy":"product_tag","embeddable":true,"href":"https:\/\/casetti.wpevi.com\/en\/wp-json\/wp\/v2\/product_tag?post=14764"}],"curies":[{"name":"wp","href":"https:\/\/api.w.org\/{rel}","templated":true}]}}