{"id":14709,"date":"2026-03-09T13:32:03","date_gmt":"2026-03-09T10:32:03","guid":{"rendered":"https:\/\/casetti.wpevi.com\/lumina-cam-deniz-kabugu-buyuk-boy\/"},"modified":"2026-03-10T16:07:07","modified_gmt":"2026-03-10T13:07:07","slug":"lumina-cam-deniz-kabugu-buyuk-boy","status":"publish","type":"product","link":"https:\/\/casetti.wpevi.com\/en\/lumina-cam-deniz-kabugu-buyuk-boy\/","title":{"rendered":"Lumina Cam Deniz Kabu\u011fu B\u00fcy\u00fck boy"},"content":{"rendered":"<p>\u00dcr\u00fcn \u00d6l\u00e7\u00fcs\u00fc :&nbsp; 21 x 31 cm<\/p>\n<p>Okyanusun g\u00fc\u00e7l\u00fc ve ak\u0131c\u0131 dalga hareketinden ilham alan benzersiz bir sanat eseridir. <strong>Derin okyanus mavisi, z\u00fcmr\u00fct ye\u015fili, amber alt\u0131n ve \u015feffaf cam tonlar\u0131n\u0131n birle\u015fimi<\/strong>, \u0131\u015f\u0131kla bulu\u015ftu\u011funda b\u00fcy\u00fcleyici bir g\u00f6rsel etki yarat\u0131r.<\/p>\n<p>\u0130talyan <strong>Murano cam sanat\u0131ndan esinlenen<\/strong> bu \u00f6zel tasar\u0131m, ak\u0131c\u0131 dalga formu ve cam i\u00e7erisindeki alt\u0131n tonlu par\u00e7ac\u0131klarla dikkat \u00e7eken l\u00fcks bir dekoratif obje olarak \u00f6ne \u00e7\u0131kar. Organik yap\u0131s\u0131 ve g\u00fc\u00e7l\u00fc silueti sayesinde bulundu\u011fu ortama sanatsal bir atmosfer kazand\u0131r\u0131r.<\/p>","protected":false},"excerpt":{"rendered":"<p>\u00dcr\u00fcn \u00d6l\u00e7\u00fcs\u00fc :&nbsp; 21 x 31 cm Okyanusun g\u00fc\u00e7l\u00fc ve ak\u0131c\u0131 dalga hareketinden ilham alan benzersiz bir sanat eseridir. Derin okyanus mavisi, z\u00fcmr\u00fct ye\u015fili, amber alt\u0131n ve \u015feffaf cam tonlar\u0131n\u0131n birle\u015fimi, \u0131\u015f\u0131kla bulu\u015ftu\u011funda b\u00fcy\u00fcleyici bir g\u00f6rsel etki yarat\u0131r. \u0130talyan Murano cam sanat\u0131ndan esinlenen bu \u00f6zel tasar\u0131m, ak\u0131c\u0131 dalga formu ve cam i\u00e7erisindeki alt\u0131n tonlu par\u00e7ac\u0131klarla &hellip; <a href=\"https:\/\/casetti.wpevi.com\/en\/lumina-cam-deniz-kabugu-buyuk-boy\/\" class=\"more-link\">Continue reading <span class=\"screen-reader-text\">Lumina Cam Deniz Kabu\u011fu B\u00fcy\u00fck boy<\/span><\/a><\/p>","protected":false},"featured_media":14889,"comment_status":"open","ping_status":"closed","template":"","meta":[],"product_brand":[217],"product_cat":[213],"product_tag":[],"class_list":{"0":"post-14709","1":"product","2":"type-product","3":"status-publish","4":"has-post-thumbnail","6":"product_brand-casetti","7":"product_cat-cam-ve-kristal-urunler","10":"instock","11":"taxable","12":"shipping-taxable","13":"purchasable","14":"product-type-simple"},"_links":{"self":[{"href":"https:\/\/casetti.wpevi.com\/en\/wp-json\/wp\/v2\/product\/14709","targetHints":{"allow":["GET"]}}],"collection":[{"href":"https:\/\/casetti.wpevi.com\/en\/wp-json\/wp\/v2\/product"}],"about":[{"href":"https:\/\/casetti.wpevi.com\/en\/wp-json\/wp\/v2\/types\/product"}],"replies":[{"embeddable":true,"href":"https:\/\/casetti.wpevi.com\/en\/wp-json\/wp\/v2\/comments?post=14709"}],"version-history":[{"count":0,"href":"https:\/\/casetti.wpevi.com\/en\/wp-json\/wp\/v2\/product\/14709\/revisions"}],"wp:featuredmedia":[{"embeddable":true,"href":"https:\/\/casetti.wpevi.com\/en\/wp-json\/wp\/v2\/media\/14889"}],"wp:attachment":[{"href":"https:\/\/casetti.wpevi.com\/en\/wp-json\/wp\/v2\/media?parent=14709"}],"wp:term":[{"taxonomy":"product_brand","embeddable":true,"href":"https:\/\/casetti.wpevi.com\/en\/wp-json\/wp\/v2\/product_brand?post=14709"},{"taxonomy":"product_cat","embeddable":true,"href":"https:\/\/casetti.wpevi.com\/en\/wp-json\/wp\/v2\/product_cat?post=14709"},{"taxonomy":"product_tag","embeddable":true,"href":"https:\/\/casetti.wpevi.com\/en\/wp-json\/wp\/v2\/product_tag?post=14709"}],"curies":[{"name":"wp","href":"https:\/\/api.w.org\/{rel}","templated":true}]}}