{"id":14708,"date":"2026-03-09T13:31:06","date_gmt":"2026-03-09T10:31:06","guid":{"rendered":"https:\/\/casetti.wpevi.com\/?post_type=product&#038;p=14708"},"modified":"2026-03-11T18:28:10","modified_gmt":"2026-03-11T15:28:10","slug":"amy-cam-diffuser-amber","status":"publish","type":"product","link":"https:\/\/casetti.wpevi.com\/en\/amy-cam-diffuser-amber\/","title":{"rendered":"Amy Cam Diffuser Amber"},"content":{"rendered":"<p>\u00dcr\u00fcn \u00d6l\u00e7\u00fcs\u00fc : 9 x 12 cm<\/p>\n<p>This <strong>minimalist siyah cam reed diffuser \u015fi\u015fesi<\/strong>, modern i\u00e7 mekanlar i\u00e7in tasarlanm\u0131\u015f \u015f\u0131k bir ev kokusu aksesuar\u0131d\u0131r. Parlak siyah \u00fcst y\u00fczeyi ve dokulu \u015feffaf cam taban\u0131 ile iki tonlu zarif tasar\u0131m\u0131 sayesinde hem aromaterapi hem de dekoratif kullan\u0131m sunar. Salon, banyo, yatak odas\u0131 veya ofis gibi alanlarda ho\u015f kokular yayarken ayn\u0131 zamanda dekorasyona modern bir dokunu\u015f katar.<\/p>\n<p>Modern \u0130skandinav dekorasyon trendleri ve l\u00fcks otel kokuland\u0131rma tasar\u0131mlar\u0131ndan ilham alan bu diffuser, aromaterapiyi estetik bir dekor objesine d\u00f6n\u00fc\u015ft\u00fcr\u00fcr.<\/p>","protected":false},"excerpt":{"rendered":"<p>\u00dcr\u00fcn \u00d6l\u00e7\u00fcs\u00fc : 9 x 12 cm Bu minimalist siyah cam reed diffuser \u015fi\u015fesi, modern i\u00e7 mekanlar i\u00e7in tasarlanm\u0131\u015f \u015f\u0131k bir ev kokusu aksesuar\u0131d\u0131r. Parlak siyah \u00fcst y\u00fczeyi ve dokulu \u015feffaf cam taban\u0131 ile iki tonlu zarif tasar\u0131m\u0131 sayesinde hem aromaterapi hem de dekoratif kullan\u0131m sunar. Salon, banyo, yatak odas\u0131 veya ofis gibi alanlarda ho\u015f &hellip; <a href=\"https:\/\/casetti.wpevi.com\/en\/amy-cam-diffuser-amber\/\" class=\"more-link\">Continue reading <span class=\"screen-reader-text\">Amy Cam Diffuser Amber<\/span><\/a><\/p>","protected":false},"featured_media":15200,"comment_status":"open","ping_status":"closed","template":"","meta":[],"product_brand":[217],"product_cat":[213],"product_tag":[],"class_list":{"0":"post-14708","1":"product","2":"type-product","3":"status-publish","4":"has-post-thumbnail","6":"product_brand-casetti","7":"product_cat-cam-ve-kristal-urunler","10":"instock","11":"taxable","12":"shipping-taxable","13":"purchasable","14":"product-type-simple"},"_links":{"self":[{"href":"https:\/\/casetti.wpevi.com\/en\/wp-json\/wp\/v2\/product\/14708","targetHints":{"allow":["GET"]}}],"collection":[{"href":"https:\/\/casetti.wpevi.com\/en\/wp-json\/wp\/v2\/product"}],"about":[{"href":"https:\/\/casetti.wpevi.com\/en\/wp-json\/wp\/v2\/types\/product"}],"replies":[{"embeddable":true,"href":"https:\/\/casetti.wpevi.com\/en\/wp-json\/wp\/v2\/comments?post=14708"}],"version-history":[{"count":1,"href":"https:\/\/casetti.wpevi.com\/en\/wp-json\/wp\/v2\/product\/14708\/revisions"}],"predecessor-version":[{"id":14726,"href":"https:\/\/casetti.wpevi.com\/en\/wp-json\/wp\/v2\/product\/14708\/revisions\/14726"}],"wp:featuredmedia":[{"embeddable":true,"href":"https:\/\/casetti.wpevi.com\/en\/wp-json\/wp\/v2\/media\/15200"}],"wp:attachment":[{"href":"https:\/\/casetti.wpevi.com\/en\/wp-json\/wp\/v2\/media?parent=14708"}],"wp:term":[{"taxonomy":"product_brand","embeddable":true,"href":"https:\/\/casetti.wpevi.com\/en\/wp-json\/wp\/v2\/product_brand?post=14708"},{"taxonomy":"product_cat","embeddable":true,"href":"https:\/\/casetti.wpevi.com\/en\/wp-json\/wp\/v2\/product_cat?post=14708"},{"taxonomy":"product_tag","embeddable":true,"href":"https:\/\/casetti.wpevi.com\/en\/wp-json\/wp\/v2\/product_tag?post=14708"}],"curies":[{"name":"wp","href":"https:\/\/api.w.org\/{rel}","templated":true}]}}