{"id":14679,"date":"2026-03-09T12:48:04","date_gmt":"2026-03-09T09:48:04","guid":{"rendered":"https:\/\/casetti.wpevi.com\/taurus-cam-obje\/"},"modified":"2026-03-10T16:08:12","modified_gmt":"2026-03-10T13:08:12","slug":"taurus-cam-obje","status":"publish","type":"product","link":"https:\/\/casetti.wpevi.com\/en\/taurus-cam-obje\/","title":{"rendered":"Taurus Cam Obje"},"content":{"rendered":"<p>\u00dcr\u00fcn \u00d6l\u00e7\u00fcs\u00fc : 30 cm<\/p>\n<p>C<strong>am bo\u011fa heykeli<\/strong>, g\u00fc\u00e7, ba\u015far\u0131 ve kararl\u0131l\u0131\u011f\u0131 simgeleyen etkileyici bir dekoratif sanat eseridir. Z\u00fcmr\u00fct ye\u015fili ve amber tonlar\u0131n\u0131n birle\u015fimiyle tasarlanan bu cam heykel, hareket halindeki bo\u011fan\u0131n g\u00fc\u00e7l\u00fc formunu ve enerjisini yans\u0131t\u0131r. \u0130talyan Murano cam sanat\u0131ndan ilham alan tasar\u0131m, modern heykel esteti\u011fi ile l\u00fcks dekorasyonu bir araya getirir.<\/p>\n<p>Bo\u011fa fig\u00fcr\u00fc d\u00fcnya genelinde <strong>finansal ba\u015far\u0131, b\u00fcy\u00fcme ve y\u00fckselen piyasalar\u0131n sembol\u00fc<\/strong> olarak bilinir. Bu nedenle ofisler, \u00e7al\u0131\u015fma alanlar\u0131 ve modern ev dekorasyonlar\u0131 i\u00e7in hem anlaml\u0131 hem de dikkat \u00e7ekici bir dekoratif objedir.<\/p>","protected":false},"excerpt":{"rendered":"<p>\u00dcr\u00fcn \u00d6l\u00e7\u00fcs\u00fc : 30 cm Cam bo\u011fa heykeli, g\u00fc\u00e7, ba\u015far\u0131 ve kararl\u0131l\u0131\u011f\u0131 simgeleyen etkileyici bir dekoratif sanat eseridir. Z\u00fcmr\u00fct ye\u015fili ve amber tonlar\u0131n\u0131n birle\u015fimiyle tasarlanan bu cam heykel, hareket halindeki bo\u011fan\u0131n g\u00fc\u00e7l\u00fc formunu ve enerjisini yans\u0131t\u0131r. \u0130talyan Murano cam sanat\u0131ndan ilham alan tasar\u0131m, modern heykel esteti\u011fi ile l\u00fcks dekorasyonu bir araya getirir. Bo\u011fa fig\u00fcr\u00fc d\u00fcnya &hellip; <a href=\"https:\/\/casetti.wpevi.com\/en\/taurus-cam-obje\/\" class=\"more-link\">Continue reading <span class=\"screen-reader-text\">Taurus Cam Obje<\/span><\/a><\/p>","protected":false},"featured_media":14895,"comment_status":"open","ping_status":"closed","template":"","meta":[],"product_brand":[217],"product_cat":[213],"product_tag":[],"class_list":{"0":"post-14679","1":"product","2":"type-product","3":"status-publish","4":"has-post-thumbnail","6":"product_brand-casetti","7":"product_cat-cam-ve-kristal-urunler","10":"instock","11":"taxable","12":"shipping-taxable","13":"purchasable","14":"product-type-simple"},"_links":{"self":[{"href":"https:\/\/casetti.wpevi.com\/en\/wp-json\/wp\/v2\/product\/14679","targetHints":{"allow":["GET"]}}],"collection":[{"href":"https:\/\/casetti.wpevi.com\/en\/wp-json\/wp\/v2\/product"}],"about":[{"href":"https:\/\/casetti.wpevi.com\/en\/wp-json\/wp\/v2\/types\/product"}],"replies":[{"embeddable":true,"href":"https:\/\/casetti.wpevi.com\/en\/wp-json\/wp\/v2\/comments?post=14679"}],"version-history":[{"count":1,"href":"https:\/\/casetti.wpevi.com\/en\/wp-json\/wp\/v2\/product\/14679\/revisions"}],"predecessor-version":[{"id":14682,"href":"https:\/\/casetti.wpevi.com\/en\/wp-json\/wp\/v2\/product\/14679\/revisions\/14682"}],"wp:featuredmedia":[{"embeddable":true,"href":"https:\/\/casetti.wpevi.com\/en\/wp-json\/wp\/v2\/media\/14895"}],"wp:attachment":[{"href":"https:\/\/casetti.wpevi.com\/en\/wp-json\/wp\/v2\/media?parent=14679"}],"wp:term":[{"taxonomy":"product_brand","embeddable":true,"href":"https:\/\/casetti.wpevi.com\/en\/wp-json\/wp\/v2\/product_brand?post=14679"},{"taxonomy":"product_cat","embeddable":true,"href":"https:\/\/casetti.wpevi.com\/en\/wp-json\/wp\/v2\/product_cat?post=14679"},{"taxonomy":"product_tag","embeddable":true,"href":"https:\/\/casetti.wpevi.com\/en\/wp-json\/wp\/v2\/product_tag?post=14679"}],"curies":[{"name":"wp","href":"https:\/\/api.w.org\/{rel}","templated":true}]}}