{"id":14669,"date":"2026-03-09T12:45:05","date_gmt":"2026-03-09T09:45:05","guid":{"rendered":"https:\/\/casetti.wpevi.com\/blush-cam-ufleme-flamingo\/"},"modified":"2026-03-10T16:11:10","modified_gmt":"2026-03-10T13:11:10","slug":"blush-cam-ufleme-flamingo","status":"publish","type":"product","link":"https:\/\/casetti.wpevi.com\/en\/blush-cam-ufleme-flamingo\/","title":{"rendered":"Blush Cam \u00dcfleme Flamingo"},"content":{"rendered":"<p>\u00dcr\u00fcn \u00d6l\u00e7\u00fcs\u00fc : 10.5 x 19 cm<\/p>\n<p>P<strong>embe flamingo cam heykeli<\/strong>, tropikal zarafet ve modern cam sanat\u0131ndan ilham alan \u015f\u0131k bir dekoratif objedir. Yumu\u015fak pembe tonlar\u0131, zarif k\u0131vr\u0131ml\u0131 boynu ve parlak siyah gagas\u0131yla flamingonun do\u011fal ve estetik duru\u015funu yans\u0131t\u0131r. \u015eeffaf cam detaylar\u0131 ve minimalist metal ayaklar\u0131 modern sanat heykeli ile l\u00fcks ev dekorasyonunu bir araya getirir.<\/p>\n<p>Modern evler, sahil evleri, yazl\u0131k dekorasyonlar\u0131 veya stil sahibi ofisler i\u00e7in hem koleksiyonluk bir sanat eseri hem de dikkat \u00e7ekici bir dekoratif obje olarak kullan\u0131labilir.<\/p>\n<p>&nbsp;<\/p>","protected":false},"excerpt":{"rendered":"<p>\u00dcr\u00fcn \u00d6l\u00e7\u00fcs\u00fc : 10.5 x 19 cm Pembe flamingo cam heykeli, tropikal zarafet ve modern cam sanat\u0131ndan ilham alan \u015f\u0131k bir dekoratif objedir. Yumu\u015fak pembe tonlar\u0131, zarif k\u0131vr\u0131ml\u0131 boynu ve parlak siyah gagas\u0131yla flamingonun do\u011fal ve estetik duru\u015funu yans\u0131t\u0131r. \u015eeffaf cam detaylar\u0131 ve minimalist metal ayaklar\u0131 modern sanat heykeli ile l\u00fcks ev dekorasyonunu bir araya &hellip; <a href=\"https:\/\/casetti.wpevi.com\/en\/blush-cam-ufleme-flamingo\/\" class=\"more-link\">Continue reading <span class=\"screen-reader-text\">Blush Cam \u00dcfleme Flamingo<\/span><\/a><\/p>","protected":false},"featured_media":14907,"comment_status":"open","ping_status":"closed","template":"","meta":[],"product_brand":[217],"product_cat":[213],"product_tag":[],"class_list":{"0":"post-14669","1":"product","2":"type-product","3":"status-publish","4":"has-post-thumbnail","6":"product_brand-casetti","7":"product_cat-cam-ve-kristal-urunler","10":"instock","11":"taxable","12":"shipping-taxable","13":"purchasable","14":"product-type-simple"},"_links":{"self":[{"href":"https:\/\/casetti.wpevi.com\/en\/wp-json\/wp\/v2\/product\/14669","targetHints":{"allow":["GET"]}}],"collection":[{"href":"https:\/\/casetti.wpevi.com\/en\/wp-json\/wp\/v2\/product"}],"about":[{"href":"https:\/\/casetti.wpevi.com\/en\/wp-json\/wp\/v2\/types\/product"}],"replies":[{"embeddable":true,"href":"https:\/\/casetti.wpevi.com\/en\/wp-json\/wp\/v2\/comments?post=14669"}],"version-history":[{"count":0,"href":"https:\/\/casetti.wpevi.com\/en\/wp-json\/wp\/v2\/product\/14669\/revisions"}],"wp:featuredmedia":[{"embeddable":true,"href":"https:\/\/casetti.wpevi.com\/en\/wp-json\/wp\/v2\/media\/14907"}],"wp:attachment":[{"href":"https:\/\/casetti.wpevi.com\/en\/wp-json\/wp\/v2\/media?parent=14669"}],"wp:term":[{"taxonomy":"product_brand","embeddable":true,"href":"https:\/\/casetti.wpevi.com\/en\/wp-json\/wp\/v2\/product_brand?post=14669"},{"taxonomy":"product_cat","embeddable":true,"href":"https:\/\/casetti.wpevi.com\/en\/wp-json\/wp\/v2\/product_cat?post=14669"},{"taxonomy":"product_tag","embeddable":true,"href":"https:\/\/casetti.wpevi.com\/en\/wp-json\/wp\/v2\/product_tag?post=14669"}],"curies":[{"name":"wp","href":"https:\/\/api.w.org\/{rel}","templated":true}]}}