{"id":14661,"date":"2026-03-09T12:41:04","date_gmt":"2026-03-09T09:41:04","guid":{"rendered":"https:\/\/casetti.wpevi.com\/lumina-deniz-kabugu-kucuk-boy\/"},"modified":"2026-03-11T18:36:08","modified_gmt":"2026-03-11T15:36:08","slug":"lumina-deniz-cam-kabugu-kucuk-boy","status":"publish","type":"product","link":"https:\/\/casetti.wpevi.com\/en\/lumina-deniz-cam-kabugu-kucuk-boy\/","title":{"rendered":"Lumina Deniz Cam Kabu\u011fu K\u00fc\u00e7\u00fck Boy"},"content":{"rendered":"<p>\u00dcr\u00fcn \u00d6l\u00e7\u00fcs\u00fc : 15 x 21 cm<\/p>\n<p><\/p>","protected":false},"excerpt":{"rendered":"<p>\u00dcr\u00fcn \u00d6l\u00e7\u00fcs\u00fc : 15 x 21 cm<\/p>","protected":false},"featured_media":15209,"comment_status":"open","ping_status":"closed","template":"","meta":[],"product_brand":[217],"product_cat":[213],"product_tag":[],"class_list":{"0":"post-14661","1":"product","2":"type-product","3":"status-publish","4":"has-post-thumbnail","6":"product_brand-casetti","7":"product_cat-cam-ve-kristal-urunler","10":"instock","11":"taxable","12":"shipping-taxable","13":"purchasable","14":"product-type-simple"},"_links":{"self":[{"href":"https:\/\/casetti.wpevi.com\/en\/wp-json\/wp\/v2\/product\/14661","targetHints":{"allow":["GET"]}}],"collection":[{"href":"https:\/\/casetti.wpevi.com\/en\/wp-json\/wp\/v2\/product"}],"about":[{"href":"https:\/\/casetti.wpevi.com\/en\/wp-json\/wp\/v2\/types\/product"}],"replies":[{"embeddable":true,"href":"https:\/\/casetti.wpevi.com\/en\/wp-json\/wp\/v2\/comments?post=14661"}],"version-history":[{"count":2,"href":"https:\/\/casetti.wpevi.com\/en\/wp-json\/wp\/v2\/product\/14661\/revisions"}],"predecessor-version":[{"id":15208,"href":"https:\/\/casetti.wpevi.com\/en\/wp-json\/wp\/v2\/product\/14661\/revisions\/15208"}],"wp:featuredmedia":[{"embeddable":true,"href":"https:\/\/casetti.wpevi.com\/en\/wp-json\/wp\/v2\/media\/15209"}],"wp:attachment":[{"href":"https:\/\/casetti.wpevi.com\/en\/wp-json\/wp\/v2\/media?parent=14661"}],"wp:term":[{"taxonomy":"product_brand","embeddable":true,"href":"https:\/\/casetti.wpevi.com\/en\/wp-json\/wp\/v2\/product_brand?post=14661"},{"taxonomy":"product_cat","embeddable":true,"href":"https:\/\/casetti.wpevi.com\/en\/wp-json\/wp\/v2\/product_cat?post=14661"},{"taxonomy":"product_tag","embeddable":true,"href":"https:\/\/casetti.wpevi.com\/en\/wp-json\/wp\/v2\/product_tag?post=14661"}],"curies":[{"name":"wp","href":"https:\/\/api.w.org\/{rel}","templated":true}]}}