{"id":14490,"date":"2026-03-07T17:18:03","date_gmt":"2026-03-07T14:18:03","guid":{"rendered":"https:\/\/casetti.wpevi.com\/?post_type=product&#038;p=14490"},"modified":"2026-03-07T17:44:10","modified_gmt":"2026-03-07T14:44:10","slug":"pam-seashell-cam-dekor-buyuk-boy","status":"publish","type":"product","link":"https:\/\/casetti.wpevi.com\/en\/pam-seashell-cam-dekor-buyuk-boy\/","title":{"rendered":"Pam Seashell Cam Dekor Buyuk Boy"},"content":{"rendered":"<p>\u00dcr\u00fcn \u00d6l\u00e7\u00fcs\u00fc : 21 x 32 cm<\/p>\n<p>D<strong>ekoratif cam heykel<\/strong>, denizin ak\u0131\u015fkan hareketinden ve do\u011fal deniz kabu\u011fu formundan ilham alan e\u015fsiz bir sanat eseridir. <strong>Turkuaz, amber, z\u00fcmr\u00fct ve \u015feffaf cam tonlar\u0131n\u0131n birle\u015fimi<\/strong>, dalga ve kabuk formunu and\u0131ran ak\u0131c\u0131 tasar\u0131m\u0131yla b\u00fcy\u00fcleyici bir g\u00f6rsel etki olu\u015fturur.<\/p>\n<p>\u0130talyan <strong>Murano cam sanat\u0131ndan esinlenen<\/strong> bu \u00f6zel tasar\u0131m, ince dokular, k\u0131vr\u0131ml\u0131 form ve cam i\u00e7erisindeki alt\u0131n tonlu detaylarla \u0131\u015f\u0131\u011f\u0131 her a\u00e7\u0131dan zarif \u015fekilde yans\u0131t\u0131r. Deniz kabu\u011funu and\u0131ran organik yap\u0131s\u0131 sayesinde hem modern hem de klasik dekorasyonlarda dikkat \u00e7eken bir sanat objesi haline gelir.<\/p>","protected":false},"excerpt":{"rendered":"<p>\u00dcr\u00fcn \u00d6l\u00e7\u00fcs\u00fc : 21 x 32 cm Dekoratif cam heykel, denizin ak\u0131\u015fkan hareketinden ve do\u011fal deniz kabu\u011fu formundan ilham alan e\u015fsiz bir sanat eseridir. Turkuaz, amber, z\u00fcmr\u00fct ve \u015feffaf cam tonlar\u0131n\u0131n birle\u015fimi, dalga ve kabuk formunu and\u0131ran ak\u0131c\u0131 tasar\u0131m\u0131yla b\u00fcy\u00fcleyici bir g\u00f6rsel etki olu\u015fturur. \u0130talyan Murano cam sanat\u0131ndan esinlenen bu \u00f6zel tasar\u0131m, ince dokular, k\u0131vr\u0131ml\u0131 &hellip; <a href=\"https:\/\/casetti.wpevi.com\/en\/pam-seashell-cam-dekor-buyuk-boy\/\" class=\"more-link\">Continue reading <span class=\"screen-reader-text\">Pam Seashell Cam Dekor Buyuk Boy<\/span><\/a><\/p>","protected":false},"featured_media":14513,"comment_status":"open","ping_status":"closed","template":"","meta":[],"product_brand":[217],"product_cat":[213],"product_tag":[],"class_list":{"0":"post-14490","1":"product","2":"type-product","3":"status-publish","4":"has-post-thumbnail","6":"product_brand-casetti","7":"product_cat-cam-ve-kristal-urunler","10":"instock","11":"taxable","12":"shipping-taxable","13":"purchasable","14":"product-type-simple"},"_links":{"self":[{"href":"https:\/\/casetti.wpevi.com\/en\/wp-json\/wp\/v2\/product\/14490","targetHints":{"allow":["GET"]}}],"collection":[{"href":"https:\/\/casetti.wpevi.com\/en\/wp-json\/wp\/v2\/product"}],"about":[{"href":"https:\/\/casetti.wpevi.com\/en\/wp-json\/wp\/v2\/types\/product"}],"replies":[{"embeddable":true,"href":"https:\/\/casetti.wpevi.com\/en\/wp-json\/wp\/v2\/comments?post=14490"}],"version-history":[{"count":1,"href":"https:\/\/casetti.wpevi.com\/en\/wp-json\/wp\/v2\/product\/14490\/revisions"}],"predecessor-version":[{"id":14494,"href":"https:\/\/casetti.wpevi.com\/en\/wp-json\/wp\/v2\/product\/14490\/revisions\/14494"}],"wp:featuredmedia":[{"embeddable":true,"href":"https:\/\/casetti.wpevi.com\/en\/wp-json\/wp\/v2\/media\/14513"}],"wp:attachment":[{"href":"https:\/\/casetti.wpevi.com\/en\/wp-json\/wp\/v2\/media?parent=14490"}],"wp:term":[{"taxonomy":"product_brand","embeddable":true,"href":"https:\/\/casetti.wpevi.com\/en\/wp-json\/wp\/v2\/product_brand?post=14490"},{"taxonomy":"product_cat","embeddable":true,"href":"https:\/\/casetti.wpevi.com\/en\/wp-json\/wp\/v2\/product_cat?post=14490"},{"taxonomy":"product_tag","embeddable":true,"href":"https:\/\/casetti.wpevi.com\/en\/wp-json\/wp\/v2\/product_tag?post=14490"}],"curies":[{"name":"wp","href":"https:\/\/api.w.org\/{rel}","templated":true}]}}