{"id":14485,"date":"2026-03-07T17:00:18","date_gmt":"2026-03-07T14:00:18","guid":{"rendered":"https:\/\/casetti.wpevi.com\/yverra-cam-ufleme-top-dekor-buyuk-boy\/"},"modified":"2026-03-07T17:01:17","modified_gmt":"2026-03-07T14:01:17","slug":"yverra-cam-ufleme-top-dekor-buyuk-boy","status":"publish","type":"product","link":"https:\/\/casetti.wpevi.com\/en\/yverra-cam-ufleme-top-dekor-buyuk-boy\/","title":{"rendered":"Yverra Cam \u00dcfleme Top Dekor B\u00fcy\u00fck Boy"},"content":{"rendered":"<p>\u00dcr\u00fcn \u00d6l\u00e7\u00fcs\u00fc : 11 cm&nbsp;<\/p>\n<p><strong>Murano tarz\u0131 dekoratif sanat cam k\u00fcre<\/strong>, ya\u015fam alanlar\u0131n\u0131za sanatsal bir zarafet ve modern bir estetik kazand\u0131rmak i\u00e7in tasarlanm\u0131\u015f \u015f\u0131k bir dekoratif objedir. \u0130\u00e7 k\u0131sm\u0131ndaki <strong>renkli soyut desenler, ak\u0131\u015fkan cam dokusu ve parlak y\u00fczeyi<\/strong>, \u0131\u015f\u0131\u011f\u0131 yans\u0131tarak etkileyici bir g\u00f6rsel etki olu\u015fturur.<\/p>\n<p>\u00dcnl\u00fc <strong>\u0130talyan Murano cam sanat\u0131ndan ilham alan tasar\u0131m\u0131<\/strong>, amber, bordo, ye\u015fil ve krem tonlar\u0131n\u0131n cam i\u00e7erisinde sanatsal \u015fekilde birle\u015fmesiyle benzersiz bir g\u00f6r\u00fcn\u00fcm sunar. Her par\u00e7a kendine \u00f6zg\u00fc desenlere sahip oldu\u011fu i\u00e7in <strong>koleksiyonluk ve \u00f6zg\u00fcn bir dekoratif obje<\/strong> niteli\u011findedir.<\/p>","protected":false},"excerpt":{"rendered":"<p>\u00dcr\u00fcn \u00d6l\u00e7\u00fcs\u00fc : 11 cm&nbsp; Murano tarz\u0131 dekoratif sanat cam k\u00fcre, ya\u015fam alanlar\u0131n\u0131za sanatsal bir zarafet ve modern bir estetik kazand\u0131rmak i\u00e7in tasarlanm\u0131\u015f \u015f\u0131k bir dekoratif objedir. \u0130\u00e7 k\u0131sm\u0131ndaki renkli soyut desenler, ak\u0131\u015fkan cam dokusu ve parlak y\u00fczeyi, \u0131\u015f\u0131\u011f\u0131 yans\u0131tarak etkileyici bir g\u00f6rsel etki olu\u015fturur. \u00dcnl\u00fc \u0130talyan Murano cam sanat\u0131ndan ilham alan tasar\u0131m\u0131, amber, bordo, &hellip; <a href=\"https:\/\/casetti.wpevi.com\/en\/yverra-cam-ufleme-top-dekor-buyuk-boy\/\" class=\"more-link\">Continue reading <span class=\"screen-reader-text\">Yverra Cam \u00dcfleme Top Dekor B\u00fcy\u00fck Boy<\/span><\/a><\/p>","protected":false},"featured_media":14488,"comment_status":"open","ping_status":"closed","template":"","meta":[],"product_brand":[217],"product_cat":[213],"product_tag":[],"class_list":{"0":"post-14485","1":"product","2":"type-product","3":"status-publish","4":"has-post-thumbnail","6":"product_brand-casetti","7":"product_cat-cam-ve-kristal-urunler","10":"instock","11":"taxable","12":"shipping-taxable","13":"purchasable","14":"product-type-simple"},"_links":{"self":[{"href":"https:\/\/casetti.wpevi.com\/en\/wp-json\/wp\/v2\/product\/14485","targetHints":{"allow":["GET"]}}],"collection":[{"href":"https:\/\/casetti.wpevi.com\/en\/wp-json\/wp\/v2\/product"}],"about":[{"href":"https:\/\/casetti.wpevi.com\/en\/wp-json\/wp\/v2\/types\/product"}],"replies":[{"embeddable":true,"href":"https:\/\/casetti.wpevi.com\/en\/wp-json\/wp\/v2\/comments?post=14485"}],"version-history":[{"count":0,"href":"https:\/\/casetti.wpevi.com\/en\/wp-json\/wp\/v2\/product\/14485\/revisions"}],"wp:featuredmedia":[{"embeddable":true,"href":"https:\/\/casetti.wpevi.com\/en\/wp-json\/wp\/v2\/media\/14488"}],"wp:attachment":[{"href":"https:\/\/casetti.wpevi.com\/en\/wp-json\/wp\/v2\/media?parent=14485"}],"wp:term":[{"taxonomy":"product_brand","embeddable":true,"href":"https:\/\/casetti.wpevi.com\/en\/wp-json\/wp\/v2\/product_brand?post=14485"},{"taxonomy":"product_cat","embeddable":true,"href":"https:\/\/casetti.wpevi.com\/en\/wp-json\/wp\/v2\/product_cat?post=14485"},{"taxonomy":"product_tag","embeddable":true,"href":"https:\/\/casetti.wpevi.com\/en\/wp-json\/wp\/v2\/product_tag?post=14485"}],"curies":[{"name":"wp","href":"https:\/\/api.w.org\/{rel}","templated":true}]}}