{"id":14458,"date":"2026-03-07T16:22:17","date_gmt":"2026-03-07T13:22:17","guid":{"rendered":"https:\/\/casetti.wpevi.com\/?post_type=product&#038;p=14458"},"modified":"2026-03-07T17:44:16","modified_gmt":"2026-03-07T14:44:16","slug":"metal-kapakli-siyah-kup","status":"publish","type":"product","link":"https:\/\/casetti.wpevi.com\/en\/metal-kapakli-siyah-kup\/","title":{"rendered":"Metal Kapakl\u0131 Siyah K\u00fcp"},"content":{"rendered":"<p>This <strong>siyah alt\u0131n detayl\u0131 dekoratif seramik k\u00fcp<\/strong>, modern ve l\u00fcks i\u00e7 mek\u00e2n dekorasyonlar\u0131 i\u00e7in tasarlanm\u0131\u015f \u015f\u0131k ve dikkat \u00e7ekici bir dekoratif objedir. <strong>Parlak siyah seramik g\u00f6vdesi ve heykelsi formda tasarlanm\u0131\u015f alt\u0131n kapak detay\u0131<\/strong>, \u00fcr\u00fcne g\u00fc\u00e7l\u00fc ve sofistike bir g\u00f6r\u00fcn\u00fcm kazand\u0131r\u0131r.<\/p>\n<p>Zarif ve ak\u0131c\u0131 formu \u0131\u015f\u0131\u011f\u0131 yans\u0131tarak mek\u00e2nda modern bir etki yarat\u0131rken, <strong>\u00fcst k\u0131sm\u0131ndaki mimari alt\u0131n tutma detay\u0131<\/strong> tasar\u0131ma sanatsal bir karakter katar. Klasik <strong>ginger jar formundan ilham alan bu tasar\u0131m<\/strong>, modern ve minimalist dekorasyonlara uyum sa\u011flayacak \u015fekilde yeniden yorumlanm\u0131\u015ft\u0131r.<\/p>","protected":false},"excerpt":{"rendered":"<p>Bu siyah alt\u0131n detayl\u0131 dekoratif seramik k\u00fcp, modern ve l\u00fcks i\u00e7 mek\u00e2n dekorasyonlar\u0131 i\u00e7in tasarlanm\u0131\u015f \u015f\u0131k ve dikkat \u00e7ekici bir dekoratif objedir. Parlak siyah seramik g\u00f6vdesi ve heykelsi formda tasarlanm\u0131\u015f alt\u0131n kapak detay\u0131, \u00fcr\u00fcne g\u00fc\u00e7l\u00fc ve sofistike bir g\u00f6r\u00fcn\u00fcm kazand\u0131r\u0131r. Zarif ve ak\u0131c\u0131 formu \u0131\u015f\u0131\u011f\u0131 yans\u0131tarak mek\u00e2nda modern bir etki yarat\u0131rken, \u00fcst k\u0131sm\u0131ndaki mimari alt\u0131n &hellip; <a href=\"https:\/\/casetti.wpevi.com\/en\/metal-kapakli-siyah-kup\/\" class=\"more-link\">Continue reading <span class=\"screen-reader-text\">Metal Kapakl\u0131 Siyah K\u00fcp<\/span><\/a><\/p>","protected":false},"featured_media":14516,"comment_status":"open","ping_status":"closed","template":"","meta":[],"product_brand":[228],"product_cat":[212],"product_tag":[],"class_list":{"0":"post-14458","1":"product","2":"type-product","3":"status-publish","4":"has-post-thumbnail","6":"product_brand-lamedore","7":"product_cat-saksi-vazo-kup","10":"instock","11":"taxable","12":"shipping-taxable","13":"purchasable","14":"product-type-simple"},"_links":{"self":[{"href":"https:\/\/casetti.wpevi.com\/en\/wp-json\/wp\/v2\/product\/14458","targetHints":{"allow":["GET"]}}],"collection":[{"href":"https:\/\/casetti.wpevi.com\/en\/wp-json\/wp\/v2\/product"}],"about":[{"href":"https:\/\/casetti.wpevi.com\/en\/wp-json\/wp\/v2\/types\/product"}],"replies":[{"embeddable":true,"href":"https:\/\/casetti.wpevi.com\/en\/wp-json\/wp\/v2\/comments?post=14458"}],"version-history":[{"count":1,"href":"https:\/\/casetti.wpevi.com\/en\/wp-json\/wp\/v2\/product\/14458\/revisions"}],"predecessor-version":[{"id":14515,"href":"https:\/\/casetti.wpevi.com\/en\/wp-json\/wp\/v2\/product\/14458\/revisions\/14515"}],"wp:featuredmedia":[{"embeddable":true,"href":"https:\/\/casetti.wpevi.com\/en\/wp-json\/wp\/v2\/media\/14516"}],"wp:attachment":[{"href":"https:\/\/casetti.wpevi.com\/en\/wp-json\/wp\/v2\/media?parent=14458"}],"wp:term":[{"taxonomy":"product_brand","embeddable":true,"href":"https:\/\/casetti.wpevi.com\/en\/wp-json\/wp\/v2\/product_brand?post=14458"},{"taxonomy":"product_cat","embeddable":true,"href":"https:\/\/casetti.wpevi.com\/en\/wp-json\/wp\/v2\/product_cat?post=14458"},{"taxonomy":"product_tag","embeddable":true,"href":"https:\/\/casetti.wpevi.com\/en\/wp-json\/wp\/v2\/product_tag?post=14458"}],"curies":[{"name":"wp","href":"https:\/\/api.w.org\/{rel}","templated":true}]}}