{"id":14379,"date":"2026-03-07T15:45:06","date_gmt":"2026-03-07T12:45:06","guid":{"rendered":"https:\/\/casetti.wpevi.com\/?post_type=product&#038;p=14379"},"modified":"2026-03-11T01:38:08","modified_gmt":"2026-03-10T22:38:08","slug":"modern-soyut-desenli-kapakli-dekoratif-seramik-kup-seti","status":"publish","type":"product","link":"https:\/\/casetti.wpevi.com\/en\/modern-soyut-desenli-kapakli-dekoratif-seramik-kup-seti\/","title":{"rendered":"Modern Soyut Desenli Kapakl\u0131 Dekoratif Seramik K\u00fcp Seti"},"content":{"rendered":"<p>Product Dimensions<br \/>B\u00fcy\u00fck Boy : 30 x 65 cm&nbsp; K\u00fc\u00e7\u00fck Boy : 23 x 50 cm&nbsp;<\/p>\n<p>This <strong>modern soyut desenli kapakl\u0131 dekoratif seramik k\u00fcp seti<\/strong>, \u00e7a\u011fda\u015f sanat esteti\u011fini ev dekorasyonuna ta\u015f\u0131yan \u015f\u0131k ve dikkat \u00e7ekici bir tasar\u0131ma sahiptir. \u00dczerindeki <strong>siyah, gri, mavi ve n\u00f6tr tonlardan olu\u015fan f\u0131r\u00e7a darbeli soyut desenler<\/strong>, \u00fcr\u00fcne modern bir sanat eseri g\u00f6r\u00fcn\u00fcm\u00fc kazand\u0131r\u0131r.<\/p>\n<p>Parlak seramik y\u00fczeyi ve <strong>alt\u0131n renkli kapak detay\u0131<\/strong>, \u00fcr\u00fcne l\u00fcks ve zarif bir dokunu\u015f ekler. Geleneksel <strong>ginger jar formundan ilham alan tasar\u0131m<\/strong>, modern soyut desenlerle yeniden yorumlanarak \u00e7a\u011fda\u015f ve minimalist dekorasyonlarla m\u00fckemmel uyum sa\u011flar.<\/p>\n<p><strong>Farkl\u0131 boyutlarda 2 par\u00e7adan olu\u015fan set<\/strong>, dekorasyonda dengeli ve katmanl\u0131 bir g\u00f6r\u00fcn\u00fcm olu\u015fturur.<\/p>","protected":false},"excerpt":{"rendered":"<p>\u00dcr\u00fcn \u00d6l\u00e7\u00fcleriB\u00fcy\u00fck Boy : 30 x 65 cm&nbsp; K\u00fc\u00e7\u00fck Boy : 23 x 50 cm&nbsp; Bu modern soyut desenli kapakl\u0131 dekoratif seramik k\u00fcp seti, \u00e7a\u011fda\u015f sanat esteti\u011fini ev dekorasyonuna ta\u015f\u0131yan \u015f\u0131k ve dikkat \u00e7ekici bir tasar\u0131ma sahiptir. \u00dczerindeki siyah, gri, mavi ve n\u00f6tr tonlardan olu\u015fan f\u0131r\u00e7a darbeli soyut desenler, \u00fcr\u00fcne modern bir sanat eseri g\u00f6r\u00fcn\u00fcm\u00fc &hellip; <a href=\"https:\/\/casetti.wpevi.com\/en\/modern-soyut-desenli-kapakli-dekoratif-seramik-kup-seti\/\" class=\"more-link\">Continue reading <span class=\"screen-reader-text\">Modern Soyut Desenli Kapakl\u0131 Dekoratif Seramik K\u00fcp Seti<\/span><\/a><\/p>","protected":false},"featured_media":14959,"comment_status":"open","ping_status":"closed","template":"","meta":[],"product_brand":[228],"product_cat":[212],"product_tag":[],"class_list":{"0":"post-14379","1":"product","2":"type-product","3":"status-publish","4":"has-post-thumbnail","6":"product_brand-lamedore","7":"product_cat-saksi-vazo-kup","10":"instock","11":"taxable","12":"shipping-taxable","13":"purchasable","14":"product-type-simple"},"_links":{"self":[{"href":"https:\/\/casetti.wpevi.com\/en\/wp-json\/wp\/v2\/product\/14379","targetHints":{"allow":["GET"]}}],"collection":[{"href":"https:\/\/casetti.wpevi.com\/en\/wp-json\/wp\/v2\/product"}],"about":[{"href":"https:\/\/casetti.wpevi.com\/en\/wp-json\/wp\/v2\/types\/product"}],"replies":[{"embeddable":true,"href":"https:\/\/casetti.wpevi.com\/en\/wp-json\/wp\/v2\/comments?post=14379"}],"version-history":[{"count":1,"href":"https:\/\/casetti.wpevi.com\/en\/wp-json\/wp\/v2\/product\/14379\/revisions"}],"predecessor-version":[{"id":14518,"href":"https:\/\/casetti.wpevi.com\/en\/wp-json\/wp\/v2\/product\/14379\/revisions\/14518"}],"wp:featuredmedia":[{"embeddable":true,"href":"https:\/\/casetti.wpevi.com\/en\/wp-json\/wp\/v2\/media\/14959"}],"wp:attachment":[{"href":"https:\/\/casetti.wpevi.com\/en\/wp-json\/wp\/v2\/media?parent=14379"}],"wp:term":[{"taxonomy":"product_brand","embeddable":true,"href":"https:\/\/casetti.wpevi.com\/en\/wp-json\/wp\/v2\/product_brand?post=14379"},{"taxonomy":"product_cat","embeddable":true,"href":"https:\/\/casetti.wpevi.com\/en\/wp-json\/wp\/v2\/product_cat?post=14379"},{"taxonomy":"product_tag","embeddable":true,"href":"https:\/\/casetti.wpevi.com\/en\/wp-json\/wp\/v2\/product_tag?post=14379"}],"curies":[{"name":"wp","href":"https:\/\/api.w.org\/{rel}","templated":true}]}}