{"id":14374,"date":"2026-03-07T15:29:04","date_gmt":"2026-03-07T12:29:04","guid":{"rendered":"https:\/\/casetti.wpevi.com\/elmas-desenli-kapakli-dekoratif-seramik-kup-seti\/"},"modified":"2026-03-07T15:40:03","modified_gmt":"2026-03-07T12:40:03","slug":"elmas-desenli-kapakli-dekoratif-seramik-kup-seti","status":"publish","type":"product","link":"https:\/\/casetti.wpevi.com\/en\/elmas-desenli-kapakli-dekoratif-seramik-kup-seti\/","title":{"rendered":"Elmas Desenli Kapakl\u0131 Dekoratif Seramik K\u00fcp Seti"},"content":{"rendered":"<p>Product Dimensions <br \/>B\u00fcy\u00fck Boy&nbsp; : 25 x 52 cm&nbsp; &nbsp; K\u00fc\u00e7\u00fck Boy : 18 x 35<\/p>\n<p>White<strong>&nbsp;elmas desenli kapakl\u0131 dekoratif seramik k\u00fcp seti<\/strong>, modern ve l\u00fcks dekorasyon anlay\u0131\u015f\u0131n\u0131 bir araya getiren \u015f\u0131k bir tasar\u0131ma sahiptir. Parlak beyaz y\u00fczeyi ve <strong>elmas formunda kabartmal\u0131 geometrik dokusu<\/strong>, \u0131\u015f\u0131\u011f\u0131 yans\u0131tarak mek\u00e2nlara derinlik ve sofistike bir g\u00f6r\u00fcn\u00fcm kazand\u0131r\u0131r.<\/p>\n<p>Her bir k\u00fcp\u00fcn kapa\u011f\u0131ndaki <strong>alt\u0131n renkli detay ve rim<\/strong>, beyaz seramik g\u00f6vde ile zarif bir kontrast olu\u015fturur. Klasik <strong>ginger jar formundan ilham alan bu tasar\u0131m<\/strong>, modern geometrik y\u00fczey dokusuyla g\u00fcn\u00fcm\u00fcz i\u00e7 mek\u00e2n dekorasyonlar\u0131na m\u00fckemmel uyum sa\u011flar.<\/p>\n<p><strong>Farkl\u0131 boyutlarda 2 par\u00e7adan olu\u015fan set<\/strong>, dekorasyonda katmanl\u0131 ve dengeli bir g\u00f6r\u00fcn\u00fcm olu\u015fturmak i\u00e7in idealdir. Konsol, sehpa, vitrin, raf veya antre dekorasyonunda kullan\u0131larak mek\u00e2na g\u00fc\u00e7l\u00fc bir estetik katacakt\u0131r.<\/p>","protected":false},"excerpt":{"rendered":"<p>\u00dcr\u00fcn \u00d6l\u00e7\u00fcleri B\u00fcy\u00fck Boy&nbsp; : 25 x 52 cm&nbsp; &nbsp; K\u00fc\u00e7\u00fck Boy : 18 x 35 Beyaz&nbsp;elmas desenli kapakl\u0131 dekoratif seramik k\u00fcp seti, modern ve l\u00fcks dekorasyon anlay\u0131\u015f\u0131n\u0131 bir araya getiren \u015f\u0131k bir tasar\u0131ma sahiptir. Parlak beyaz y\u00fczeyi ve elmas formunda kabartmal\u0131 geometrik dokusu, \u0131\u015f\u0131\u011f\u0131 yans\u0131tarak mek\u00e2nlara derinlik ve sofistike bir g\u00f6r\u00fcn\u00fcm kazand\u0131r\u0131r. Her bir &hellip; <a href=\"https:\/\/casetti.wpevi.com\/en\/elmas-desenli-kapakli-dekoratif-seramik-kup-seti\/\" class=\"more-link\">Continue reading <span class=\"screen-reader-text\">Elmas Desenli Kapakl\u0131 Dekoratif Seramik K\u00fcp Seti<\/span><\/a><\/p>","protected":false},"featured_media":14377,"comment_status":"open","ping_status":"closed","template":"","meta":[],"product_brand":[228],"product_cat":[212],"product_tag":[],"class_list":{"0":"post-14374","1":"product","2":"type-product","3":"status-publish","4":"has-post-thumbnail","6":"product_brand-lamedore","7":"product_cat-saksi-vazo-kup","10":"instock","11":"taxable","12":"shipping-taxable","13":"purchasable","14":"product-type-simple"},"_links":{"self":[{"href":"https:\/\/casetti.wpevi.com\/en\/wp-json\/wp\/v2\/product\/14374","targetHints":{"allow":["GET"]}}],"collection":[{"href":"https:\/\/casetti.wpevi.com\/en\/wp-json\/wp\/v2\/product"}],"about":[{"href":"https:\/\/casetti.wpevi.com\/en\/wp-json\/wp\/v2\/types\/product"}],"replies":[{"embeddable":true,"href":"https:\/\/casetti.wpevi.com\/en\/wp-json\/wp\/v2\/comments?post=14374"}],"version-history":[{"count":0,"href":"https:\/\/casetti.wpevi.com\/en\/wp-json\/wp\/v2\/product\/14374\/revisions"}],"wp:featuredmedia":[{"embeddable":true,"href":"https:\/\/casetti.wpevi.com\/en\/wp-json\/wp\/v2\/media\/14377"}],"wp:attachment":[{"href":"https:\/\/casetti.wpevi.com\/en\/wp-json\/wp\/v2\/media?parent=14374"}],"wp:term":[{"taxonomy":"product_brand","embeddable":true,"href":"https:\/\/casetti.wpevi.com\/en\/wp-json\/wp\/v2\/product_brand?post=14374"},{"taxonomy":"product_cat","embeddable":true,"href":"https:\/\/casetti.wpevi.com\/en\/wp-json\/wp\/v2\/product_cat?post=14374"},{"taxonomy":"product_tag","embeddable":true,"href":"https:\/\/casetti.wpevi.com\/en\/wp-json\/wp\/v2\/product_tag?post=14374"}],"curies":[{"name":"wp","href":"https:\/\/api.w.org\/{rel}","templated":true}]}}