{"id":14350,"date":"2026-03-07T14:44:09","date_gmt":"2026-03-07T11:44:09","guid":{"rendered":"https:\/\/casetti.wpevi.com\/?post_type=product&#038;p=14350"},"modified":"2026-03-11T02:05:13","modified_gmt":"2026-03-10T23:05:13","slug":"bleu-blanc-pirinc-detayli-porselen-kup","status":"publish","type":"product","link":"https:\/\/casetti.wpevi.com\/en\/bleu-blanc-pirinc-detayli-porselen-kup\/","title":{"rendered":"Bleu Blanc Pirin\u00e7 Detayl\u0131 Porselen K\u00fcp"},"content":{"rendered":"<p>\u00dcr\u00fcn \u00d6l\u00e7\u00fcs\u00fc : 28 x 43 cm<\/p>\n<p>Bleu Blanc Pirin\u00e7 D\u00f6k\u00fcm&nbsp;<strong>kapakl\u0131 porselen vazo<\/strong>, geleneksel \u00c7in porselen sanat\u0131ndan ilham alan zarif ve l\u00fcks bir dekoratif objedir. \u00dczerindeki <strong>kobalt mavi \u00e7i\u00e7ek ve ku\u015f motifleri<\/strong>, Ming d\u00f6nemi porselen tasar\u0131mlar\u0131n\u0131n estetik zarafetini yans\u0131t\u0131r.<\/p>\n<p>Vazonun tasar\u0131m\u0131n\u0131 daha da \u00f6zel k\u0131lan <strong>alt\u0131n renkli metal kulplar, kapak detay\u0131 ve ayakl\u0131 kaide<\/strong>, do\u011fu porselen sanat\u0131 ile klasik Avrupa dekoratif stilinin m\u00fckemmel birle\u015fimini olu\u015fturur. Bu \u00f6zellikleri sayesinde \u00fcr\u00fcn, hem klasik hem de modern dekorasyonlarda g\u00fc\u00e7l\u00fc bir odak noktas\u0131 olu\u015fturur.<\/p>\n<p>Salon, antre, yemek odas\u0131, ofis veya konsol \u00fcstlerinde kullan\u0131labilen bu dekoratif obje, mek\u00e2nlara <strong>l\u00fcks ve zamans\u0131z bir Asya esteti\u011fi<\/strong> kazand\u0131r\u0131r.<\/p>","protected":false},"excerpt":{"rendered":"<p>\u00dcr\u00fcn \u00d6l\u00e7\u00fcs\u00fc : 28 x 43 cm Bleu Blanc Pirin\u00e7 D\u00f6k\u00fcm&nbsp;kapakl\u0131 porselen vazo, geleneksel \u00c7in porselen sanat\u0131ndan ilham alan zarif ve l\u00fcks bir dekoratif objedir. \u00dczerindeki kobalt mavi \u00e7i\u00e7ek ve ku\u015f motifleri, Ming d\u00f6nemi porselen tasar\u0131mlar\u0131n\u0131n estetik zarafetini yans\u0131t\u0131r. Vazonun tasar\u0131m\u0131n\u0131 daha da \u00f6zel k\u0131lan alt\u0131n renkli metal kulplar, kapak detay\u0131 ve ayakl\u0131 kaide, do\u011fu &hellip; <a href=\"https:\/\/casetti.wpevi.com\/en\/bleu-blanc-pirinc-detayli-porselen-kup\/\" class=\"more-link\">Continue reading <span class=\"screen-reader-text\">Bleu Blanc Pirin\u00e7 Detayl\u0131 Porselen K\u00fcp<\/span><\/a><\/p>","protected":false},"featured_media":14962,"comment_status":"open","ping_status":"closed","template":"","meta":[],"product_brand":[228],"product_cat":[212],"product_tag":[],"class_list":{"0":"post-14350","1":"product","2":"type-product","3":"status-publish","4":"has-post-thumbnail","6":"product_brand-lamedore","7":"product_cat-saksi-vazo-kup","10":"instock","11":"taxable","12":"shipping-taxable","13":"purchasable","14":"product-type-simple"},"_links":{"self":[{"href":"https:\/\/casetti.wpevi.com\/en\/wp-json\/wp\/v2\/product\/14350","targetHints":{"allow":["GET"]}}],"collection":[{"href":"https:\/\/casetti.wpevi.com\/en\/wp-json\/wp\/v2\/product"}],"about":[{"href":"https:\/\/casetti.wpevi.com\/en\/wp-json\/wp\/v2\/types\/product"}],"replies":[{"embeddable":true,"href":"https:\/\/casetti.wpevi.com\/en\/wp-json\/wp\/v2\/comments?post=14350"}],"version-history":[{"count":2,"href":"https:\/\/casetti.wpevi.com\/en\/wp-json\/wp\/v2\/product\/14350\/revisions"}],"predecessor-version":[{"id":14397,"href":"https:\/\/casetti.wpevi.com\/en\/wp-json\/wp\/v2\/product\/14350\/revisions\/14397"}],"wp:featuredmedia":[{"embeddable":true,"href":"https:\/\/casetti.wpevi.com\/en\/wp-json\/wp\/v2\/media\/14962"}],"wp:attachment":[{"href":"https:\/\/casetti.wpevi.com\/en\/wp-json\/wp\/v2\/media?parent=14350"}],"wp:term":[{"taxonomy":"product_brand","embeddable":true,"href":"https:\/\/casetti.wpevi.com\/en\/wp-json\/wp\/v2\/product_brand?post=14350"},{"taxonomy":"product_cat","embeddable":true,"href":"https:\/\/casetti.wpevi.com\/en\/wp-json\/wp\/v2\/product_cat?post=14350"},{"taxonomy":"product_tag","embeddable":true,"href":"https:\/\/casetti.wpevi.com\/en\/wp-json\/wp\/v2\/product_tag?post=14350"}],"curies":[{"name":"wp","href":"https:\/\/api.w.org\/{rel}","templated":true}]}}