{"id":14342,"date":"2026-03-07T14:32:04","date_gmt":"2026-03-07T11:32:04","guid":{"rendered":"https:\/\/casetti.wpevi.com\/kus-desenli-porselen-kapaksiz-vazo\/"},"modified":"2026-03-07T16:17:22","modified_gmt":"2026-03-07T13:17:22","slug":"kus-desenli-porselen-kapaksiz-kup","status":"publish","type":"product","link":"https:\/\/casetti.wpevi.com\/en\/kus-desenli-porselen-kapaksiz-kup\/","title":{"rendered":"Ku\u015f Desenli Porselen Kapaks\u0131z K\u00fcp"},"content":{"rendered":"<p>\u00dcr\u00fcn Y\u00fcksekli\u011fi 42 cm <\/p>\n<p>This <strong>mavi beyaz Chinoiserie porselen yer vazosu<\/strong>, geleneksel \u00c7in seramik sanat\u0131ndan ilham alan zarif ve g\u00f6z al\u0131c\u0131 bir dekoratif objedir. <strong>Beyaz porselen y\u00fczey \u00fczerinde kobalt mavi \u00e7i\u00e7ek ve ku\u015f motifleri<\/strong>, klasik Ming d\u00f6nemi porselen esteti\u011fini yans\u0131t\u0131r. Uzun ve zarif formu sayesinde hem tek ba\u015f\u0131na dekoratif bir obje hem de \u00e7i\u00e7ek aranjmanlar\u0131 i\u00e7in ideal bir vazodur.<\/p>\n<p>Salon, antre, konsol veya yemek odas\u0131 dekorasyonunda kullan\u0131labilen bu vazo, mek\u00e2nlar\u0131n\u0131za <strong>Asya esintili l\u00fcks ve zamans\u0131z bir atmosfer<\/strong> kazand\u0131r\u0131r.<\/p>","protected":false},"excerpt":{"rendered":"<p>\u00dcr\u00fcn Y\u00fcksekli\u011fi 42 cm Bu mavi beyaz Chinoiserie porselen yer vazosu, geleneksel \u00c7in seramik sanat\u0131ndan ilham alan zarif ve g\u00f6z al\u0131c\u0131 bir dekoratif objedir. Beyaz porselen y\u00fczey \u00fczerinde kobalt mavi \u00e7i\u00e7ek ve ku\u015f motifleri, klasik Ming d\u00f6nemi porselen esteti\u011fini yans\u0131t\u0131r. Uzun ve zarif formu sayesinde hem tek ba\u015f\u0131na dekoratif bir obje hem de \u00e7i\u00e7ek aranjmanlar\u0131 &hellip; <a href=\"https:\/\/casetti.wpevi.com\/en\/kus-desenli-porselen-kapaksiz-kup\/\" class=\"more-link\">Continue reading <span class=\"screen-reader-text\">Ku\u015f Desenli Porselen Kapaks\u0131z K\u00fcp<\/span><\/a><\/p>","protected":false},"featured_media":14402,"comment_status":"open","ping_status":"closed","template":"","meta":[],"product_brand":[217],"product_cat":[212],"product_tag":[],"class_list":{"0":"post-14342","1":"product","2":"type-product","3":"status-publish","4":"has-post-thumbnail","6":"product_brand-casetti","7":"product_cat-saksi-vazo-kup","10":"instock","11":"taxable","12":"shipping-taxable","13":"purchasable","14":"product-type-simple"},"_links":{"self":[{"href":"https:\/\/casetti.wpevi.com\/en\/wp-json\/wp\/v2\/product\/14342","targetHints":{"allow":["GET"]}}],"collection":[{"href":"https:\/\/casetti.wpevi.com\/en\/wp-json\/wp\/v2\/product"}],"about":[{"href":"https:\/\/casetti.wpevi.com\/en\/wp-json\/wp\/v2\/types\/product"}],"replies":[{"embeddable":true,"href":"https:\/\/casetti.wpevi.com\/en\/wp-json\/wp\/v2\/comments?post=14342"}],"version-history":[{"count":1,"href":"https:\/\/casetti.wpevi.com\/en\/wp-json\/wp\/v2\/product\/14342\/revisions"}],"predecessor-version":[{"id":14401,"href":"https:\/\/casetti.wpevi.com\/en\/wp-json\/wp\/v2\/product\/14342\/revisions\/14401"}],"wp:featuredmedia":[{"embeddable":true,"href":"https:\/\/casetti.wpevi.com\/en\/wp-json\/wp\/v2\/media\/14402"}],"wp:attachment":[{"href":"https:\/\/casetti.wpevi.com\/en\/wp-json\/wp\/v2\/media?parent=14342"}],"wp:term":[{"taxonomy":"product_brand","embeddable":true,"href":"https:\/\/casetti.wpevi.com\/en\/wp-json\/wp\/v2\/product_brand?post=14342"},{"taxonomy":"product_cat","embeddable":true,"href":"https:\/\/casetti.wpevi.com\/en\/wp-json\/wp\/v2\/product_cat?post=14342"},{"taxonomy":"product_tag","embeddable":true,"href":"https:\/\/casetti.wpevi.com\/en\/wp-json\/wp\/v2\/product_tag?post=14342"}],"curies":[{"name":"wp","href":"https:\/\/api.w.org\/{rel}","templated":true}]}}